{"id":47355,"date":"2023-05-19T12:25:22","date_gmt":"2023-05-19T09:25:22","guid":{"rendered":"https:\/\/exlibris.ee\/toode\/lehr-und-ubungsbuch-der-deutschen-grammatik-aktuell\/"},"modified":"2026-04-07T21:26:34","modified_gmt":"2026-04-07T18:26:34","slug":"lehr-und-ubungsbuch-der-deutschen-grammatik-aktuell","status":"publish","type":"product","link":"https:\/\/exlibris.ee\/ru\/produkt\/lehr-und-ubungsbuch-der-deutschen-grammatik-aktuell\/","title":{"rendered":"Lehr- und \u00dcbungsbuch der deutschen Grammatik \u2013 aktuell"},"content":{"rendered":"<p>Das neu bearbeitete und aktualisierte Lehr- und \u00dcbungsbuch der deutschen Grammatik eignet sich f\u00fcr Lerner der oberen Grundstufe und der Mittelstufe, die gr\u00fcndliche und zusammenh\u00e4ngende Kenntnisse erwerben m\u00f6chten. Die \u00fcbersichtlich strukturierte Standardgrammatik wurde mit einem modernen, sehr lernerfreundlichen und \u00fcbersichtlichen neuen Layout und aktualisierten und modernisierten \u00dcbungs- und Beispiels\u00e4tzen ausgestattet. Die urspr\u00fcngliche Struktur und Progression und der bew\u00e4hrte schnelle Wechsel von Erkl\u00e4ren und \u00dcben bleiben vollst\u00e4ndig erhalten. Das Lernziel ist die sichere Beherrschung der Sprache in der schriftlichen und m\u00fcndlichen Anwendung. Die Grammatik ist universell einsetzbar und eignet sich als kursbegleitende \u00dcbungsgrammatik sowie zum Selbststudium. Eine \u00dcbersicht \u00fcber die Konjugation und Deklination hilft dem Lernenden, sich schnell zu orientieren.<\/p>\n","protected":false},"excerpt":{"rendered":"<p>Das neu bearbeitete und aktualisierte Lehr- und \u00dcbungsbuch der deutschen Grammatik eignet sich f\u00fcr Lerner der oberen Grundstufe und der Mittelstufe, die gr\u00fcndliche und zusammenh\u00e4ngende Kenntnisse erwerben m\u00f6chten. Die \u00fcbersichtlich strukturierte Standardgrammatik wurde mit einem modernen, sehr lernerfreundlichen und \u00fcbersichtlichen&#8230;<\/p>\n","protected":false},"featured_media":57325,"template":"","meta":{"_acf_changed":false,"inline_featured_image":false},"product_brand":[],"product_cat":[480],"product_tag":[],"series":[{"id":1133,"name":"Lehr- und \u00dcbungsbuch der deutschen Grammatik","slug":"lehr-und-ubungsbuch-der-deutschen-grammatik"}],"publisher":[{"id":497,"name":"Hueber Verlag","slug":"hueber-verlag"}],"class_list":{"0":"post-47355","1":"product","2":"type-product","3":"status-publish","4":"has-post-thumbnail","6":"product_cat-grammatiken","7":"series-lehr-und-ubungsbuch-der-deutschen-grammatik","8":"publisher-hueber-verlag","10":"first","11":"onbackorder","12":"taxable","13":"shipping-taxable","14":"purchasable","15":"product-type-simple"},"acf":[],"_links":{"self":[{"href":"https:\/\/exlibris.ee\/ru\/wp-json\/wp\/v2\/product\/47355","targetHints":{"allow":["GET"]}}],"collection":[{"href":"https:\/\/exlibris.ee\/ru\/wp-json\/wp\/v2\/product"}],"about":[{"href":"https:\/\/exlibris.ee\/ru\/wp-json\/wp\/v2\/types\/product"}],"wp:featuredmedia":[{"embeddable":true,"href":"https:\/\/exlibris.ee\/ru\/wp-json\/wp\/v2\/media\/57325"}],"wp:attachment":[{"href":"https:\/\/exlibris.ee\/ru\/wp-json\/wp\/v2\/media?parent=47355"}],"wp:term":[{"taxonomy":"product_brand","embeddable":true,"href":"https:\/\/exlibris.ee\/ru\/wp-json\/wp\/v2\/product_brand?post=47355"},{"taxonomy":"product_cat","embeddable":true,"href":"https:\/\/exlibris.ee\/ru\/wp-json\/wp\/v2\/product_cat?post=47355"},{"taxonomy":"product_tag","embeddable":true,"href":"https:\/\/exlibris.ee\/ru\/wp-json\/wp\/v2\/product_tag?post=47355"},{"taxonomy":"series","embeddable":true,"href":"https:\/\/exlibris.ee\/ru\/wp-json\/wp\/v2\/series?post=47355"},{"taxonomy":"publisher","embeddable":true,"href":"https:\/\/exlibris.ee\/ru\/wp-json\/wp\/v2\/publisher?post=47355"}],"curies":[{"name":"wp","href":"https:\/\/api.w.org\/{rel}","templated":true}]}}