{"id":47360,"date":"2023-05-19T12:25:24","date_gmt":"2023-05-19T09:25:24","guid":{"rendered":"https:\/\/exlibris.ee\/toode\/jungs-sind-keine-regenschirme-leseheft-mit-audios-online\/"},"modified":"2026-04-13T05:36:25","modified_gmt":"2026-04-13T02:36:25","slug":"jungs-sind-keine-regenschirme-leseheft-mit-audios-online","status":"publish","type":"product","link":"https:\/\/exlibris.ee\/ru\/produkt\/jungs-sind-keine-regenschirme-leseheft-mit-audios-online\/","title":{"rendered":"Jungs sind keine Regenschirme  Leseheft mit Audios online"},"content":{"rendered":"<p>Im Tanzkurs gibt es viele M\u00e4dchen und nur wenige Jungs. Na ja, f\u00fcr Marie ist das kein Problem. Sie ist ja sehr h\u00fcbsch und findet fast immer einen Tanzpartner. Besonders gut gef\u00e4llt ihr Chris. Er ist m\u00e4nnlich und cool, ganz anders als Lennart, der Pickel hat und immer schwitzt. In ein paar Tagen ist Abschlussball und Marie hofft, dass Chris ihr Tanzpartner wird. Da kommt Lennart und fragt: &#171;M\u00f6chtest du mit mir auf den Ball gehen?&#187; Und Marie sagt: &#171;Ja!&#187; Warum? Keine Ahnung, sie wei\u00df es ja selbst nicht. Aber was man mal versprochen hat, das muss man leider halten, \u2026 oder?.<\/p>\n","protected":false},"excerpt":{"rendered":"<p>Im Tanzkurs gibt es viele M\u00e4dchen und nur wenige Jungs. Na ja, f\u00fcr Marie ist das kein Problem. Sie ist ja sehr h\u00fcbsch und findet fast immer einen Tanzpartner. Besonders gut gef\u00e4llt ihr Chris. Er ist m\u00e4nnlich und cool, ganz&#8230;<\/p>\n","protected":false},"featured_media":57358,"template":"","meta":{"_acf_changed":false,"inline_featured_image":false},"product_brand":[],"product_cat":[851],"product_tag":[],"series":[{"id":1181,"name":"Jungs sind keine Regenschirm","slug":"jungs-sind-keine-regenschirm"}],"publisher":[{"id":497,"name":"Hueber Verlag","slug":"hueber-verlag"}],"class_list":{"0":"post-47360","1":"product","2":"type-product","3":"status-publish","4":"has-post-thumbnail","6":"product_cat-lesetexte-deutsch","7":"series-jungs-sind-keine-regenschirm","8":"publisher-hueber-verlag","10":"first","11":"onbackorder","12":"taxable","13":"shipping-taxable","14":"purchasable","15":"product-type-simple"},"acf":[],"_links":{"self":[{"href":"https:\/\/exlibris.ee\/ru\/wp-json\/wp\/v2\/product\/47360","targetHints":{"allow":["GET"]}}],"collection":[{"href":"https:\/\/exlibris.ee\/ru\/wp-json\/wp\/v2\/product"}],"about":[{"href":"https:\/\/exlibris.ee\/ru\/wp-json\/wp\/v2\/types\/product"}],"wp:featuredmedia":[{"embeddable":true,"href":"https:\/\/exlibris.ee\/ru\/wp-json\/wp\/v2\/media\/57358"}],"wp:attachment":[{"href":"https:\/\/exlibris.ee\/ru\/wp-json\/wp\/v2\/media?parent=47360"}],"wp:term":[{"taxonomy":"product_brand","embeddable":true,"href":"https:\/\/exlibris.ee\/ru\/wp-json\/wp\/v2\/product_brand?post=47360"},{"taxonomy":"product_cat","embeddable":true,"href":"https:\/\/exlibris.ee\/ru\/wp-json\/wp\/v2\/product_cat?post=47360"},{"taxonomy":"product_tag","embeddable":true,"href":"https:\/\/exlibris.ee\/ru\/wp-json\/wp\/v2\/product_tag?post=47360"},{"taxonomy":"series","embeddable":true,"href":"https:\/\/exlibris.ee\/ru\/wp-json\/wp\/v2\/series?post=47360"},{"taxonomy":"publisher","embeddable":true,"href":"https:\/\/exlibris.ee\/ru\/wp-json\/wp\/v2\/publisher?post=47360"}],"curies":[{"name":"wp","href":"https:\/\/api.w.org\/{rel}","templated":true}]}}