{"id":47400,"date":"2023-05-19T12:25:48","date_gmt":"2023-05-19T09:25:48","guid":{"rendered":"https:\/\/exlibris.ee\/toode\/paul-lisa-co-a1-1-deutsch-fur-kinder-interaktives-kurs-und-arbeitsbuch-mit-spielen-dvd-rom\/"},"modified":"2026-04-12T11:36:03","modified_gmt":"2026-04-12T08:36:03","slug":"paul-lisa-co-a1-1-deutsch-fur-kinder-interaktives-kurs-und-arbeitsbuch-mit-spielen-dvd-rom","status":"publish","type":"product","link":"https:\/\/exlibris.ee\/ru\/produkt\/paul-lisa-co-a1-1-deutsch-fur-kinder-interaktives-kurs-und-arbeitsbuch-mit-spielen-dvd-rom\/","title":{"rendered":"Paul, Lisa &amp; Co A1.1  Deutsch f\u00fcr Kinder \/ Interaktives Kurs- und Arbeitsbuch mit Spielen \u2013 DVD-ROM"},"content":{"rendered":"<p>Interaktives Kurs- und Arbeitsbuch mit Spielen &#8212; alle Kursbuch-Spiele sind interaktiv umgesetzt, zahlreiche zus\u00e4tzliche interaktive Spiele lockern den Unterricht auf &#8212; viele interaktive \u00dcbungen aus Kurs- und Arbeitsbuch &#8212; modularer Aufbau: f\u00fcnf Module mit je zwei kurzen Lektionen &#8212; die attraktive Moduleinstiegsseite stellt jeweils einen oder mehrere Protagonisten in einer konkreten Lebenssituation vor und fasst die Lernziele des Moduls zusammen &#8212; die vielseitigen Modulendseiten greifen Gelerntes in Form von Projekten, Reimen, Liedern, Aussprache\u00fcbungen und einem altersgerechten Portfolio auf &#8212; die Lernziel\u00fcbersicht erfasst noch einmal \u00fcbersichtlich und transparent die Modulinhalte &#8212; intuitives Unterrichten: die Lektionen sind kleinschrittig aufgebaut und vermitteln Lernziele kontextualisiert, die Progression ist etwas steiler als bei Paul, Lisa &amp; Co Starter &#8212; fakultative und erg\u00e4nzende Seiten im Anhang mit landeskundlichem Schwerpunkt &#8212; Anregungen f\u00fcr f\u00e4cher\u00fcbergreifenden Unterricht.<\/p>\n","protected":false},"excerpt":{"rendered":"<p>Interaktives Kurs- und Arbeitsbuch mit Spielen &#8212; alle Kursbuch-Spiele sind interaktiv umgesetzt, zahlreiche zus\u00e4tzliche interaktive Spiele lockern den Unterricht auf &#8212; viele interaktive \u00dcbungen aus Kurs- und Arbeitsbuch &#8212; modularer Aufbau: f\u00fcnf Module mit je zwei kurzen Lektionen &#8212; die&#8230;<\/p>\n","protected":false},"featured_media":57424,"template":"","meta":{"_acf_changed":false,"inline_featured_image":false},"product_brand":[],"product_cat":[471],"product_tag":[],"series":[{"id":1119,"name":"Paul, Lisa &amp; Co","slug":"paul-lisa-co"}],"publisher":[{"id":497,"name":"Hueber Verlag","slug":"hueber-verlag"}],"class_list":{"0":"post-47400","1":"product","2":"type-product","3":"status-publish","4":"has-post-thumbnail","6":"product_cat-lehrwerke-fur-kinder","7":"series-paul-lisa-co","8":"publisher-hueber-verlag","10":"first","11":"onbackorder","12":"taxable","13":"shipping-taxable","14":"purchasable","15":"product-type-simple"},"acf":[],"_links":{"self":[{"href":"https:\/\/exlibris.ee\/ru\/wp-json\/wp\/v2\/product\/47400","targetHints":{"allow":["GET"]}}],"collection":[{"href":"https:\/\/exlibris.ee\/ru\/wp-json\/wp\/v2\/product"}],"about":[{"href":"https:\/\/exlibris.ee\/ru\/wp-json\/wp\/v2\/types\/product"}],"wp:featuredmedia":[{"embeddable":true,"href":"https:\/\/exlibris.ee\/ru\/wp-json\/wp\/v2\/media\/57424"}],"wp:attachment":[{"href":"https:\/\/exlibris.ee\/ru\/wp-json\/wp\/v2\/media?parent=47400"}],"wp:term":[{"taxonomy":"product_brand","embeddable":true,"href":"https:\/\/exlibris.ee\/ru\/wp-json\/wp\/v2\/product_brand?post=47400"},{"taxonomy":"product_cat","embeddable":true,"href":"https:\/\/exlibris.ee\/ru\/wp-json\/wp\/v2\/product_cat?post=47400"},{"taxonomy":"product_tag","embeddable":true,"href":"https:\/\/exlibris.ee\/ru\/wp-json\/wp\/v2\/product_tag?post=47400"},{"taxonomy":"series","embeddable":true,"href":"https:\/\/exlibris.ee\/ru\/wp-json\/wp\/v2\/series?post=47400"},{"taxonomy":"publisher","embeddable":true,"href":"https:\/\/exlibris.ee\/ru\/wp-json\/wp\/v2\/publisher?post=47400"}],"curies":[{"name":"wp","href":"https:\/\/api.w.org\/{rel}","templated":true}]}}