{"id":47405,"date":"2023-05-19T12:25:49","date_gmt":"2023-05-19T09:25:49","guid":{"rendered":"https:\/\/exlibris.ee\/toode\/nelly-oskar-co-stress-in-der-clique-lekture-mit-audios-online\/"},"modified":"2026-05-11T22:47:55","modified_gmt":"2026-05-11T19:47:55","slug":"nelly-oskar-co-stress-in-der-clique-lekture-mit-audios-online","status":"publish","type":"product","link":"https:\/\/exlibris.ee\/ru\/produkt\/nelly-oskar-co-stress-in-der-clique-lekture-mit-audios-online\/","title":{"rendered":"Nelly, Oskar &amp; Co  Stress in der Clique \/ Lekt\u00fcre mit Audios online"},"content":{"rendered":"<p>Zielgruppe: Jugendliche von 12\u201316 Jahren (Niveaustufe A2) Die 14-j\u00e4hrigen Zwillingsschwestern Nelly und Ina teilen nicht viele Gemeinsamkeiten. Weder sehen sie sich \u00e4hnlich, noch haben sie gleiche Interessen. Das \u00e4ndert sich schlagartig, als nebenan die beiden kontaktfreudigen Br\u00fcder Per (14) und Oskar (15) einziehen. W\u00e4hrend der l\u00e4ssige Oskar bald neue Freunde in den Sport-AGs der Schule findet, verdreht der anfangs sch\u00fcchterne Per als willkommener Gitarrist der Schulband allen M\u00e4dchen die K\u00f6pfe. Als Ina bemerkt, dass Per ausnahmslos Nelly mit seinen Gitarrensolos beeindrucken will, kommt es zu einem handfesten Krach zwischen den Schwestern &#8230; Das gesamte H\u00f6rbuch der Lekt\u00fcre und die Tracks zu den \u00dcbungen stehen als kostenloser MP3-Download zur Verf\u00fcgung. Mit vierfarbigen Zeichnungen: Portr\u00e4ts bei direkter Rede und beschriftete Illustrationen zur Wortschatzarbeit.<\/p>\n","protected":false},"excerpt":{"rendered":"<p>Zielgruppe: Jugendliche von 12\u201316 Jahren (Niveaustufe A2) Die 14-j\u00e4hrigen Zwillingsschwestern Nelly und Ina teilen nicht viele Gemeinsamkeiten. Weder sehen sie sich \u00e4hnlich, noch haben sie gleiche Interessen. Das \u00e4ndert sich schlagartig, als nebenan die beiden kontaktfreudigen Br\u00fcder Per (14) und&#8230;<\/p>\n","protected":false},"featured_media":57466,"template":"","meta":{"_acf_changed":false,"inline_featured_image":false},"product_brand":[],"product_cat":[851],"product_tag":[],"series":[{"id":1183,"name":"Nelly, Oskar &amp; Co","slug":"nelly-oskar-co"}],"publisher":[{"id":497,"name":"Hueber Verlag","slug":"hueber-verlag"}],"class_list":{"0":"post-47405","1":"product","2":"type-product","3":"status-publish","4":"has-post-thumbnail","6":"product_cat-lesetexte-deutsch","7":"series-nelly-oskar-co","8":"publisher-hueber-verlag","10":"first","11":"onbackorder","12":"taxable","13":"shipping-taxable","14":"purchasable","15":"product-type-simple"},"acf":[],"_links":{"self":[{"href":"https:\/\/exlibris.ee\/ru\/wp-json\/wp\/v2\/product\/47405","targetHints":{"allow":["GET"]}}],"collection":[{"href":"https:\/\/exlibris.ee\/ru\/wp-json\/wp\/v2\/product"}],"about":[{"href":"https:\/\/exlibris.ee\/ru\/wp-json\/wp\/v2\/types\/product"}],"wp:featuredmedia":[{"embeddable":true,"href":"https:\/\/exlibris.ee\/ru\/wp-json\/wp\/v2\/media\/57466"}],"wp:attachment":[{"href":"https:\/\/exlibris.ee\/ru\/wp-json\/wp\/v2\/media?parent=47405"}],"wp:term":[{"taxonomy":"product_brand","embeddable":true,"href":"https:\/\/exlibris.ee\/ru\/wp-json\/wp\/v2\/product_brand?post=47405"},{"taxonomy":"product_cat","embeddable":true,"href":"https:\/\/exlibris.ee\/ru\/wp-json\/wp\/v2\/product_cat?post=47405"},{"taxonomy":"product_tag","embeddable":true,"href":"https:\/\/exlibris.ee\/ru\/wp-json\/wp\/v2\/product_tag?post=47405"},{"taxonomy":"series","embeddable":true,"href":"https:\/\/exlibris.ee\/ru\/wp-json\/wp\/v2\/series?post=47405"},{"taxonomy":"publisher","embeddable":true,"href":"https:\/\/exlibris.ee\/ru\/wp-json\/wp\/v2\/publisher?post=47405"}],"curies":[{"name":"wp","href":"https:\/\/api.w.org\/{rel}","templated":true}]}}