{"id":47415,"date":"2023-05-19T12:25:51","date_gmt":"2023-05-19T09:25:51","guid":{"rendered":"https:\/\/exlibris.ee\/toode\/planet-ubungsblatter-per-mausklick-cd-rom\/"},"modified":"2026-04-10T23:39:57","modified_gmt":"2026-04-10T20:39:57","slug":"planet-ubungsblatter-per-mausklick-cd-rom","status":"publish","type":"product","link":"https:\/\/exlibris.ee\/ru\/produkt\/planet-ubungsblatter-per-mausklick-cd-rom\/","title":{"rendered":"Planet  \u00dcbungsbl\u00e4tter per Mausklick \/ CD-ROM"},"content":{"rendered":"<p>Zu allen B\u00e4nden Die CD-ROM enth\u00e4lt Lesetexte und Dialoge aus allen drei B\u00e4nden des Lehrwerks Planet. Der Lehrer kann aus diesen Texten mithilfe des \u00dcbungsgenerators in Sekundenschnelle zus\u00e4tzliche \u00dcbungsbl\u00e4tter zu Wortschatz und Grammatik sowie zum Leseverstehen erstellen. Dar\u00fcber hinaus enth\u00e4lt das Programm bereits fertige \u00dcbungsbl\u00e4tter zu ausgew\u00e4hlten Grammatikthemen.<\/p>\n","protected":false},"excerpt":{"rendered":"<p>Zu allen B\u00e4nden Die CD-ROM enth\u00e4lt Lesetexte und Dialoge aus allen drei B\u00e4nden des Lehrwerks Planet. Der Lehrer kann aus diesen Texten mithilfe des \u00dcbungsgenerators in Sekundenschnelle zus\u00e4tzliche \u00dcbungsbl\u00e4tter zu Wortschatz und Grammatik sowie zum Leseverstehen erstellen. Dar\u00fcber hinaus enth\u00e4lt&#8230;<\/p>\n","protected":false},"featured_media":57547,"template":"","meta":{"_acf_changed":false,"inline_featured_image":false},"product_brand":[],"product_cat":[897],"product_tag":[],"series":[{"id":1125,"name":"Planet","slug":"planet"}],"publisher":[{"id":497,"name":"Hueber Verlag","slug":"hueber-verlag"}],"class_list":{"0":"post-47415","1":"product","2":"type-product","3":"status-publish","4":"has-post-thumbnail","6":"product_cat-keeleope-leiunurk","7":"series-planet","8":"publisher-hueber-verlag","10":"first","11":"instock","12":"taxable","13":"shipping-taxable","14":"purchasable","15":"product-type-simple"},"acf":[],"_links":{"self":[{"href":"https:\/\/exlibris.ee\/ru\/wp-json\/wp\/v2\/product\/47415","targetHints":{"allow":["GET"]}}],"collection":[{"href":"https:\/\/exlibris.ee\/ru\/wp-json\/wp\/v2\/product"}],"about":[{"href":"https:\/\/exlibris.ee\/ru\/wp-json\/wp\/v2\/types\/product"}],"wp:featuredmedia":[{"embeddable":true,"href":"https:\/\/exlibris.ee\/ru\/wp-json\/wp\/v2\/media\/57547"}],"wp:attachment":[{"href":"https:\/\/exlibris.ee\/ru\/wp-json\/wp\/v2\/media?parent=47415"}],"wp:term":[{"taxonomy":"product_brand","embeddable":true,"href":"https:\/\/exlibris.ee\/ru\/wp-json\/wp\/v2\/product_brand?post=47415"},{"taxonomy":"product_cat","embeddable":true,"href":"https:\/\/exlibris.ee\/ru\/wp-json\/wp\/v2\/product_cat?post=47415"},{"taxonomy":"product_tag","embeddable":true,"href":"https:\/\/exlibris.ee\/ru\/wp-json\/wp\/v2\/product_tag?post=47415"},{"taxonomy":"series","embeddable":true,"href":"https:\/\/exlibris.ee\/ru\/wp-json\/wp\/v2\/series?post=47415"},{"taxonomy":"publisher","embeddable":true,"href":"https:\/\/exlibris.ee\/ru\/wp-json\/wp\/v2\/publisher?post=47415"}],"curies":[{"name":"wp","href":"https:\/\/api.w.org\/{rel}","templated":true}]}}