{"id":47424,"date":"2023-05-19T12:25:53","date_gmt":"2023-05-19T09:25:53","guid":{"rendered":"https:\/\/exlibris.ee\/toode\/lesen-schreiben-c2-pdf-download\/"},"modified":"2026-04-04T03:23:00","modified_gmt":"2026-04-04T00:23:00","slug":"lesen-schreiben-c2-pdf-download","status":"publish","type":"product","link":"https:\/\/exlibris.ee\/ru\/produkt\/lesen-schreiben-c2-pdf-download\/","title":{"rendered":"Lesen &amp; Schreiben C2  PDF-Download"},"content":{"rendered":"<p>Der Trainer bietet abwechslungsreiche \u00dcbungen zum Leseverstehen und daraus folgend Schreibanl\u00e4sse zum \u00dcben des schriftlichen Ausdrucks auf dem Niveau C2 (weit fortgeschrittenes Niveau und \u00fcberaus lerngewohnte Deutschlerner): &#8212; zum selbstst\u00e4ndigen \u00dcben und Wiederholen &#8212; zur \u00dcberbr\u00fcckung von Kurspausen &#8212; als zus\u00e4tzliche Vorbereitung auf die Pr\u00fcfung C2 bzw. zum Erhalt dieses Kenntnisstandes.<\/p>\n","protected":false},"excerpt":{"rendered":"<p>Der Trainer bietet abwechslungsreiche \u00dcbungen zum Leseverstehen und daraus folgend Schreibanl\u00e4sse zum \u00dcben des schriftlichen Ausdrucks auf dem Niveau C2 (weit fortgeschrittenes Niveau und \u00fcberaus lerngewohnte Deutschlerner): &#8212; zum selbstst\u00e4ndigen \u00dcben und Wiederholen &#8212; zur \u00dcberbr\u00fcckung von Kurspausen &#8212; als&#8230;<\/p>\n","protected":false},"featured_media":57604,"template":"","meta":{"_acf_changed":false,"inline_featured_image":false},"product_brand":[],"product_cat":[558],"product_tag":[],"series":[{"id":1167,"name":"Lesen &amp; Schreiben","slug":"lesen-schreiben"}],"publisher":[{"id":497,"name":"Hueber Verlag","slug":"hueber-verlag"}],"class_list":{"0":"post-47424","1":"product","2":"type-product","3":"status-publish","4":"has-post-thumbnail","6":"product_cat-deutsch-uben","7":"series-lesen-schreiben","8":"publisher-hueber-verlag","10":"first","11":"onbackorder","12":"taxable","13":"shipping-taxable","14":"purchasable","15":"product-type-simple"},"acf":[],"_links":{"self":[{"href":"https:\/\/exlibris.ee\/ru\/wp-json\/wp\/v2\/product\/47424","targetHints":{"allow":["GET"]}}],"collection":[{"href":"https:\/\/exlibris.ee\/ru\/wp-json\/wp\/v2\/product"}],"about":[{"href":"https:\/\/exlibris.ee\/ru\/wp-json\/wp\/v2\/types\/product"}],"wp:featuredmedia":[{"embeddable":true,"href":"https:\/\/exlibris.ee\/ru\/wp-json\/wp\/v2\/media\/57604"}],"wp:attachment":[{"href":"https:\/\/exlibris.ee\/ru\/wp-json\/wp\/v2\/media?parent=47424"}],"wp:term":[{"taxonomy":"product_brand","embeddable":true,"href":"https:\/\/exlibris.ee\/ru\/wp-json\/wp\/v2\/product_brand?post=47424"},{"taxonomy":"product_cat","embeddable":true,"href":"https:\/\/exlibris.ee\/ru\/wp-json\/wp\/v2\/product_cat?post=47424"},{"taxonomy":"product_tag","embeddable":true,"href":"https:\/\/exlibris.ee\/ru\/wp-json\/wp\/v2\/product_tag?post=47424"},{"taxonomy":"series","embeddable":true,"href":"https:\/\/exlibris.ee\/ru\/wp-json\/wp\/v2\/series?post=47424"},{"taxonomy":"publisher","embeddable":true,"href":"https:\/\/exlibris.ee\/ru\/wp-json\/wp\/v2\/publisher?post=47424"}],"curies":[{"name":"wp","href":"https:\/\/api.w.org\/{rel}","templated":true}]}}