{"id":47425,"date":"2023-05-19T12:25:53","date_gmt":"2023-05-19T09:25:53","guid":{"rendered":"https:\/\/exlibris.ee\/toode\/kleine-bildgrammatik-deutsch-deutsche-grammatik-in-bildern-erklart-buch\/"},"modified":"2026-04-24T01:55:34","modified_gmt":"2026-04-23T22:55:34","slug":"kleine-bildgrammatik-deutsch-deutsche-grammatik-in-bildern-erklart-buch","status":"publish","type":"product","link":"https:\/\/exlibris.ee\/ru\/produkt\/kleine-bildgrammatik-deutsch-deutsche-grammatik-in-bildern-erklart-buch\/","title":{"rendered":"Kleine Bildgrammatik Deutsch  Deutsche Grammatik in Bildern erkl\u00e4rt \/ Buch"},"content":{"rendered":"<p>Die Kleine Bildgrammatik Deutsch pr\u00e4sentiert in Bild und Wort spielerisch grammatikalische Zusammenh\u00e4nge bis zum Niveau A1 (erste Grundkenntnisse). Vierfarbige Illustrationen greifen wichtige Alltagssituationen auf wie z.B. Wohnen, Arbeit und Gesundheit. Die gro\u00dfe Schrift ist ideal f\u00fcr alle, die das Alphabet neu erlernen m\u00fcssen. Das kompakte Buch ist u.a. sehr gut f\u00fcr den modularen Unterricht und Alphabetisierungskurse geeignet.<\/p>\n","protected":false},"excerpt":{"rendered":"<p>Die Kleine Bildgrammatik Deutsch pr\u00e4sentiert in Bild und Wort spielerisch grammatikalische Zusammenh\u00e4nge bis zum Niveau A1 (erste Grundkenntnisse). Vierfarbige Illustrationen greifen wichtige Alltagssituationen auf wie z.B. Wohnen, Arbeit und Gesundheit. Die gro\u00dfe Schrift ist ideal f\u00fcr alle, die das Alphabet&#8230;<\/p>\n","protected":false},"featured_media":57613,"template":"","meta":{"_acf_changed":false,"inline_featured_image":false},"product_brand":[],"product_cat":[480],"product_tag":[],"series":[{"id":1144,"name":"Kurzgrammatik Deutsch","slug":"kurzgrammatik-deutsch"}],"publisher":[{"id":497,"name":"Hueber Verlag","slug":"hueber-verlag"}],"class_list":{"0":"post-47425","1":"product","2":"type-product","3":"status-publish","4":"has-post-thumbnail","6":"product_cat-grammatiken","7":"series-kurzgrammatik-deutsch","8":"publisher-hueber-verlag","10":"first","11":"onbackorder","12":"taxable","13":"shipping-taxable","14":"purchasable","15":"product-type-simple"},"acf":[],"_links":{"self":[{"href":"https:\/\/exlibris.ee\/ru\/wp-json\/wp\/v2\/product\/47425","targetHints":{"allow":["GET"]}}],"collection":[{"href":"https:\/\/exlibris.ee\/ru\/wp-json\/wp\/v2\/product"}],"about":[{"href":"https:\/\/exlibris.ee\/ru\/wp-json\/wp\/v2\/types\/product"}],"wp:featuredmedia":[{"embeddable":true,"href":"https:\/\/exlibris.ee\/ru\/wp-json\/wp\/v2\/media\/57613"}],"wp:attachment":[{"href":"https:\/\/exlibris.ee\/ru\/wp-json\/wp\/v2\/media?parent=47425"}],"wp:term":[{"taxonomy":"product_brand","embeddable":true,"href":"https:\/\/exlibris.ee\/ru\/wp-json\/wp\/v2\/product_brand?post=47425"},{"taxonomy":"product_cat","embeddable":true,"href":"https:\/\/exlibris.ee\/ru\/wp-json\/wp\/v2\/product_cat?post=47425"},{"taxonomy":"product_tag","embeddable":true,"href":"https:\/\/exlibris.ee\/ru\/wp-json\/wp\/v2\/product_tag?post=47425"},{"taxonomy":"series","embeddable":true,"href":"https:\/\/exlibris.ee\/ru\/wp-json\/wp\/v2\/series?post=47425"},{"taxonomy":"publisher","embeddable":true,"href":"https:\/\/exlibris.ee\/ru\/wp-json\/wp\/v2\/publisher?post=47425"}],"curies":[{"name":"wp","href":"https:\/\/api.w.org\/{rel}","templated":true}]}}