{"id":47429,"date":"2023-05-19T12:25:54","date_gmt":"2023-05-19T09:25:54","guid":{"rendered":"https:\/\/exlibris.ee\/toode\/grose-bruder-und-andere-geschichten-epub-download\/"},"modified":"2026-04-04T03:23:01","modified_gmt":"2026-04-04T00:23:01","slug":"grose-bruder-und-andere-geschichten-epub-download","status":"publish","type":"product","link":"https:\/\/exlibris.ee\/ru\/produkt\/grose-bruder-und-andere-geschichten-epub-download\/","title":{"rendered":"Gro\u00dfe Br\u00fcder und andere Geschichten  EPUB-Download"},"content":{"rendered":"<p>Zielgruppe: Erwachsene mit Grundkenntnissen auf der Niveaustufe B1; f\u00fcr Selbstlernernde, auch als Zusatzmaterial in Integrationskursen geeignet Die Lekt\u00fcre beinhaltet acht Kurzgeschichten: In Gro\u00dfe Br\u00fcder nimmt die Begegnung eines jungen Mannes mit einem Kriminellen eine unerwartete Wendung. Nach durchtanzter Nacht in einem Rave-Club l\u00e4uft er einem Mann in die Arme, der ihn bedroht. Die beiden geraten ins Gespr\u00e4ch &#8230; In Musik in meinem Kopf lernen sich ebenfalls zwei Fremde unerwartet kennen und \u00e4ndern ihre anf\u00e4ngliche Meinung vom anderen. So viel sei verraten: Die Elbphilharmonie in Hamburg spielt hier die Sch\u00fcsselrolle &#8230; In Enten sch\u00fcttet ein Mann nach der Trennung von seiner Freundin den Enten im Englischen Garten sein Herz aus &#8230; \u00dcbungen zum H\u00f6r- und Leseverstehen erg\u00e4nzen die Lekt\u00fcre. Ein MP3-Download liefert den kompletten Lekt\u00fcretext als H\u00f6rbuch und erm\u00f6glicht zus\u00e4tzlich das Training des H\u00f6rverstehens.<\/p>\n","protected":false},"excerpt":{"rendered":"<p>Zielgruppe: Erwachsene mit Grundkenntnissen auf der Niveaustufe B1; f\u00fcr Selbstlernernde, auch als Zusatzmaterial in Integrationskursen geeignet Die Lekt\u00fcre beinhaltet acht Kurzgeschichten: In Gro\u00dfe Br\u00fcder nimmt die Begegnung eines jungen Mannes mit einem Kriminellen eine unerwartete Wendung. Nach durchtanzter Nacht in&#8230;<\/p>\n","protected":false},"featured_media":57517,"template":"","meta":{"_acf_changed":false,"inline_featured_image":false},"product_brand":[],"product_cat":[851],"product_tag":[],"series":[{"id":1184,"name":"Gro\u00dfe Br\u00fcder","slug":"grose-bruder"}],"publisher":[{"id":497,"name":"Hueber Verlag","slug":"hueber-verlag"}],"class_list":{"0":"post-47429","1":"product","2":"type-product","3":"status-publish","4":"has-post-thumbnail","6":"product_cat-lesetexte-deutsch","7":"series-grose-bruder","8":"publisher-hueber-verlag","10":"first","11":"onbackorder","12":"taxable","13":"shipping-taxable","14":"purchasable","15":"product-type-simple"},"acf":[],"_links":{"self":[{"href":"https:\/\/exlibris.ee\/ru\/wp-json\/wp\/v2\/product\/47429","targetHints":{"allow":["GET"]}}],"collection":[{"href":"https:\/\/exlibris.ee\/ru\/wp-json\/wp\/v2\/product"}],"about":[{"href":"https:\/\/exlibris.ee\/ru\/wp-json\/wp\/v2\/types\/product"}],"wp:featuredmedia":[{"embeddable":true,"href":"https:\/\/exlibris.ee\/ru\/wp-json\/wp\/v2\/media\/57517"}],"wp:attachment":[{"href":"https:\/\/exlibris.ee\/ru\/wp-json\/wp\/v2\/media?parent=47429"}],"wp:term":[{"taxonomy":"product_brand","embeddable":true,"href":"https:\/\/exlibris.ee\/ru\/wp-json\/wp\/v2\/product_brand?post=47429"},{"taxonomy":"product_cat","embeddable":true,"href":"https:\/\/exlibris.ee\/ru\/wp-json\/wp\/v2\/product_cat?post=47429"},{"taxonomy":"product_tag","embeddable":true,"href":"https:\/\/exlibris.ee\/ru\/wp-json\/wp\/v2\/product_tag?post=47429"},{"taxonomy":"series","embeddable":true,"href":"https:\/\/exlibris.ee\/ru\/wp-json\/wp\/v2\/series?post=47429"},{"taxonomy":"publisher","embeddable":true,"href":"https:\/\/exlibris.ee\/ru\/wp-json\/wp\/v2\/publisher?post=47429"}],"curies":[{"name":"wp","href":"https:\/\/api.w.org\/{rel}","templated":true}]}}