{"id":47430,"date":"2023-05-19T12:25:54","date_gmt":"2023-05-19T09:25:54","guid":{"rendered":"https:\/\/exlibris.ee\/toode\/menschen-im-beruf-pflege-a2-digitale-ausgabe-digitalisiertes-kursbuch-mit-integrierten-audiodateien\/"},"modified":"2026-04-04T03:23:02","modified_gmt":"2026-04-04T00:23:02","slug":"menschen-im-beruf-pflege-a2-digitale-ausgabe-digitalisiertes-kursbuch-mit-integrierten-audiodateien","status":"publish","type":"product","link":"https:\/\/exlibris.ee\/ru\/produkt\/menschen-im-beruf-pflege-a2-digitale-ausgabe-digitalisiertes-kursbuch-mit-integrierten-audiodateien\/","title":{"rendered":"Menschen im Beruf &#8212; Pflege A2  \u2013 Digitale Ausgabe  Digitalisiertes Kursbuch mit integrierten Audiodateien"},"content":{"rendered":"<p>Das Lehrwerk vermittelt und trainiert den Wortschatz und h\u00e4ufig gebrauchte Ausdr\u00fccke und Redemittel, die Berufst\u00e4tige in Pflegeberufen f\u00fcr ihre Arbeit in Kliniken, Altenheimen und bei der h\u00e4uslichen Pflege ben\u00f6tigen. Bei der Vermittlung der Fachsprache stehen die kommunikativen Fertigkeiten im Vordergrund. Die Inhalte entsprechen den Anforderungen der Pr\u00fcfung Deutsch Pflege. Parallel einsetzbar zu jedem allgemeinsprachlichen Lehrwerk der Niveaustufe A2 \u2013 wegen der \u00fcbereinstimmenden Progression besonders geeignet als fachsprachliche Erg\u00e4nzung zu dem Lehrwerk Menschen.<\/p>\n","protected":false},"excerpt":{"rendered":"<p>Das Lehrwerk vermittelt und trainiert den Wortschatz und h\u00e4ufig gebrauchte Ausdr\u00fccke und Redemittel, die Berufst\u00e4tige in Pflegeberufen f\u00fcr ihre Arbeit in Kliniken, Altenheimen und bei der h\u00e4uslichen Pflege ben\u00f6tigen. Bei der Vermittlung der Fachsprache stehen die kommunikativen Fertigkeiten im Vordergrund&#8230;.<\/p>\n","protected":false},"featured_media":57652,"template":"","meta":{"_acf_changed":false,"inline_featured_image":false},"product_brand":[],"product_cat":[885],"product_tag":[],"series":[{"id":1163,"name":"Menschen im Beruf","slug":"menschen-im-beruf"}],"publisher":[{"id":497,"name":"Hueber Verlag","slug":"hueber-verlag"}],"class_list":{"0":"post-47430","1":"product","2":"type-product","3":"status-publish","4":"has-post-thumbnail","6":"product_cat-berufssprache","7":"series-menschen-im-beruf","8":"publisher-hueber-verlag","10":"first","11":"onbackorder","12":"taxable","13":"shipping-taxable","14":"purchasable","15":"product-type-simple"},"acf":[],"_links":{"self":[{"href":"https:\/\/exlibris.ee\/ru\/wp-json\/wp\/v2\/product\/47430","targetHints":{"allow":["GET"]}}],"collection":[{"href":"https:\/\/exlibris.ee\/ru\/wp-json\/wp\/v2\/product"}],"about":[{"href":"https:\/\/exlibris.ee\/ru\/wp-json\/wp\/v2\/types\/product"}],"wp:featuredmedia":[{"embeddable":true,"href":"https:\/\/exlibris.ee\/ru\/wp-json\/wp\/v2\/media\/57652"}],"wp:attachment":[{"href":"https:\/\/exlibris.ee\/ru\/wp-json\/wp\/v2\/media?parent=47430"}],"wp:term":[{"taxonomy":"product_brand","embeddable":true,"href":"https:\/\/exlibris.ee\/ru\/wp-json\/wp\/v2\/product_brand?post=47430"},{"taxonomy":"product_cat","embeddable":true,"href":"https:\/\/exlibris.ee\/ru\/wp-json\/wp\/v2\/product_cat?post=47430"},{"taxonomy":"product_tag","embeddable":true,"href":"https:\/\/exlibris.ee\/ru\/wp-json\/wp\/v2\/product_tag?post=47430"},{"taxonomy":"series","embeddable":true,"href":"https:\/\/exlibris.ee\/ru\/wp-json\/wp\/v2\/series?post=47430"},{"taxonomy":"publisher","embeddable":true,"href":"https:\/\/exlibris.ee\/ru\/wp-json\/wp\/v2\/publisher?post=47430"}],"curies":[{"name":"wp","href":"https:\/\/api.w.org\/{rel}","templated":true}]}}