{"id":47437,"date":"2023-05-19T12:25:55","date_gmt":"2023-05-19T09:25:55","guid":{"rendered":"https:\/\/exlibris.ee\/toode\/menschen-hier-a1-1-arbeitsbuch-mit-audios-online\/"},"modified":"2026-04-03T09:21:12","modified_gmt":"2026-04-03T06:21:12","slug":"menschen-hier-a1-1-arbeitsbuch-mit-audios-online","status":"publish","type":"product","link":"https:\/\/exlibris.ee\/ru\/produkt\/menschen-hier-a1-1-arbeitsbuch-mit-audios-online\/","title":{"rendered":"Menschen hier A1.1  Arbeitsbuch mit Audios online"},"content":{"rendered":"<p>Menschen hier \u2013 stellt das Leben in einem deutschsprachigen Land in den Fokus Wie bringt man Menschen am schnellsten zum Lernerfolg? Mit interessanten Inhalten, medialer Vielfalt und zielgruppenspezifischen Lernstrategien. Mit dem Kursbuch Menschen und dem Arbeitsbuch Menschen hier liegt nun ein optimales Paket f\u00fcr Integrationskurse vor. Das Arbeitsbuch Menschen hier setzt die inhaltlichen Anforderungen des Rahmencurriculums des Bundesamts f\u00fcr Migration und Fl\u00fcchtlinge (BAMF) um und bereitet auf den Deutschtest f\u00fcr Zuwanderer (DTZ) vor. Lebendig und realit\u00e4tsnah Alltag und Berufsleben stehen im Mittelpunkt des Lehrwerks und haben eine erkennbare Relevanz f\u00fcr den Lebens- und Berufsalltag der Lernenden. So wird das Interesse am Lernstoff ganz automatisch geweckt und das Gelernte wird rascher verankert. Das Arbeitsbuch Menschen hier greift auf den Seiten Im Alltag, Im Beruf und In der Familie explizit die Lernziele des BAMF-Rahmencurriculums auf und erleichtert den Lernenden so die Integration in den deutschsprachigen Alltag.<\/p>\n","protected":false},"excerpt":{"rendered":"<p>Menschen hier \u2013 stellt das Leben in einem deutschsprachigen Land in den Fokus Wie bringt man Menschen am schnellsten zum Lernerfolg? Mit interessanten Inhalten, medialer Vielfalt und zielgruppenspezifischen Lernstrategien. Mit dem Kursbuch Menschen und dem Arbeitsbuch Menschen hier liegt nun&#8230;<\/p>\n","protected":false},"featured_media":57706,"template":"","meta":{"_acf_changed":false,"inline_featured_image":false},"product_brand":[],"product_cat":[1121],"product_tag":[],"series":[{"id":554,"name":"Menschen A1","slug":"menschen-a1"}],"publisher":[{"id":497,"name":"Hueber Verlag","slug":"hueber-verlag"}],"class_list":{"0":"post-47437","1":"product","2":"type-product","3":"status-publish","4":"has-post-thumbnail","6":"product_cat-lehrwerke-fur-jugendliche-und-erwachsene","7":"series-menschen-a1","8":"publisher-hueber-verlag","10":"first","11":"onbackorder","12":"taxable","13":"shipping-taxable","14":"purchasable","15":"product-type-simple"},"acf":[],"_links":{"self":[{"href":"https:\/\/exlibris.ee\/ru\/wp-json\/wp\/v2\/product\/47437","targetHints":{"allow":["GET"]}}],"collection":[{"href":"https:\/\/exlibris.ee\/ru\/wp-json\/wp\/v2\/product"}],"about":[{"href":"https:\/\/exlibris.ee\/ru\/wp-json\/wp\/v2\/types\/product"}],"wp:featuredmedia":[{"embeddable":true,"href":"https:\/\/exlibris.ee\/ru\/wp-json\/wp\/v2\/media\/57706"}],"wp:attachment":[{"href":"https:\/\/exlibris.ee\/ru\/wp-json\/wp\/v2\/media?parent=47437"}],"wp:term":[{"taxonomy":"product_brand","embeddable":true,"href":"https:\/\/exlibris.ee\/ru\/wp-json\/wp\/v2\/product_brand?post=47437"},{"taxonomy":"product_cat","embeddable":true,"href":"https:\/\/exlibris.ee\/ru\/wp-json\/wp\/v2\/product_cat?post=47437"},{"taxonomy":"product_tag","embeddable":true,"href":"https:\/\/exlibris.ee\/ru\/wp-json\/wp\/v2\/product_tag?post=47437"},{"taxonomy":"series","embeddable":true,"href":"https:\/\/exlibris.ee\/ru\/wp-json\/wp\/v2\/series?post=47437"},{"taxonomy":"publisher","embeddable":true,"href":"https:\/\/exlibris.ee\/ru\/wp-json\/wp\/v2\/publisher?post=47437"}],"curies":[{"name":"wp","href":"https:\/\/api.w.org\/{rel}","templated":true}]}}