{"id":47438,"date":"2023-05-19T12:25:56","date_gmt":"2023-05-19T09:25:56","guid":{"rendered":"https:\/\/exlibris.ee\/toode\/im-berufssprachkurs-b2-kurs-und-arbeitsbuch-plus-interaktive-version\/"},"modified":"2026-04-18T15:46:43","modified_gmt":"2026-04-18T12:46:43","slug":"im-berufssprachkurs-b2-kurs-und-arbeitsbuch-plus-interaktive-version","status":"publish","type":"product","link":"https:\/\/exlibris.ee\/ru\/produkt\/im-berufssprachkurs-b2-kurs-und-arbeitsbuch-plus-interaktive-version\/","title":{"rendered":"Im Berufssprachkurs B2  Kurs- und Arbeitsbuch plus interaktive Version"},"content":{"rendered":"<p>Kurs- und Arbeitsbuch inklusive Code zur interaktiven Version \u2022 geeignet f\u00fcr den Einsatz in Berufssprachkursen (gem. \u00a7 45a AufenthG des BAMF) sowie in allgemeinen DaZ-Kursen mit berufssprachlicher Ausrichtung \u2022 basiert auf dem Lehrwerk \u00bbIm Beruf Neu\u00ab und vermittelt gezielt Kompetenzen f\u00fcr das Berufsleben \u2022 berufsbezogene Handlungsfelder nach dem Lernzielkatalog des BAMF \u2022 berufs\u00fcbergreifend f\u00fcr alle Berufsgruppen geeignet \u2022 intensive Vorbereitung auf den Deutsch-Test f\u00fcr den Beruf B2 mit Pr\u00fcfungsformaten im Lektionsablauf und Modelltest und vielen Pr\u00fcfungstipps in der Abschlusslektion \u2022 kurze Lektionen mit einer Einstiegsseite, die jeweils eine berufliche Situation am Beispiel einer konkreten Person aus der Lebenswelt der Lernenden pr\u00e4sentiert \u2022 im Fokus jeder Lektion stehen typische berufliche Sprachhandlungen sowie die daf\u00fcr n\u00f6tigen Strukturen und der Wortschatz \u2022 Zusammenfassung der Redemittel und der Grammatik am jeweiligen Lektionsende auf einer \u00dcbersichtsseite inklusive Audiotraining, sodass der zentrale Lernstoff noch einmal \u00fcbersichtlich bewusst gemacht und trainiert werden kann \u2022 Sonderseiten: \u201eExtra\u201c mit landeskundlichen \/ interkulturellen Aspekten und \u201eSzenarien im Beruf\u201c mit beruflichen Handlungsketten inklusive Mediation und \u201ecritical incidents\u201c \u2022 abwechslungsreiche Aufgaben und viele Anl\u00e4sse f\u00fcr authentische berufliche Kommunikation.<\/p>\n","protected":false},"excerpt":{"rendered":"<p>Kurs- und Arbeitsbuch inklusive Code zur interaktiven Version \u2022 geeignet f\u00fcr den Einsatz in Berufssprachkursen (gem. \u00a7 45a AufenthG des BAMF) sowie in allgemeinen DaZ-Kursen mit berufssprachlicher Ausrichtung \u2022 basiert auf dem Lehrwerk \u00bbIm Beruf Neu\u00ab und vermittelt gezielt Kompetenzen&#8230;<\/p>\n","protected":false},"featured_media":57712,"template":"","meta":{"_acf_changed":false,"inline_featured_image":false},"product_brand":[],"product_cat":[885],"product_tag":[],"series":[{"id":1185,"name":"Im Berufssprachkurs","slug":"im-berufssprachkurs"}],"publisher":[{"id":497,"name":"Hueber Verlag","slug":"hueber-verlag"}],"class_list":{"0":"post-47438","1":"product","2":"type-product","3":"status-publish","4":"has-post-thumbnail","6":"product_cat-berufssprache","7":"series-im-berufssprachkurs","8":"publisher-hueber-verlag","10":"first","11":"onbackorder","12":"taxable","13":"shipping-taxable","14":"purchasable","15":"product-type-simple"},"acf":[],"_links":{"self":[{"href":"https:\/\/exlibris.ee\/ru\/wp-json\/wp\/v2\/product\/47438","targetHints":{"allow":["GET"]}}],"collection":[{"href":"https:\/\/exlibris.ee\/ru\/wp-json\/wp\/v2\/product"}],"about":[{"href":"https:\/\/exlibris.ee\/ru\/wp-json\/wp\/v2\/types\/product"}],"wp:featuredmedia":[{"embeddable":true,"href":"https:\/\/exlibris.ee\/ru\/wp-json\/wp\/v2\/media\/57712"}],"wp:attachment":[{"href":"https:\/\/exlibris.ee\/ru\/wp-json\/wp\/v2\/media?parent=47438"}],"wp:term":[{"taxonomy":"product_brand","embeddable":true,"href":"https:\/\/exlibris.ee\/ru\/wp-json\/wp\/v2\/product_brand?post=47438"},{"taxonomy":"product_cat","embeddable":true,"href":"https:\/\/exlibris.ee\/ru\/wp-json\/wp\/v2\/product_cat?post=47438"},{"taxonomy":"product_tag","embeddable":true,"href":"https:\/\/exlibris.ee\/ru\/wp-json\/wp\/v2\/product_tag?post=47438"},{"taxonomy":"series","embeddable":true,"href":"https:\/\/exlibris.ee\/ru\/wp-json\/wp\/v2\/series?post=47438"},{"taxonomy":"publisher","embeddable":true,"href":"https:\/\/exlibris.ee\/ru\/wp-json\/wp\/v2\/publisher?post=47438"}],"curies":[{"name":"wp","href":"https:\/\/api.w.org\/{rel}","templated":true}]}}