{"id":47454,"date":"2023-05-19T12:25:59","date_gmt":"2023-05-19T09:25:59","guid":{"rendered":"https:\/\/exlibris.ee\/toode\/lesen-schreiben-b2-pdf-download\/"},"modified":"2026-04-04T03:23:58","modified_gmt":"2026-04-04T00:23:58","slug":"lesen-schreiben-b2-pdf-download","status":"publish","type":"product","link":"https:\/\/exlibris.ee\/ru\/produkt\/lesen-schreiben-b2-pdf-download\/","title":{"rendered":"Lesen &amp; Schreiben B2  PDF-Download"},"content":{"rendered":"<p>Lesen &amp; Schreiben B2 beinhaltet authentisch gestaltete Texte, die zum Lesen anregen und sowohl zum Selbstlernen als auch als Erg\u00e4nzung zum Unterricht eingesetzt werden k\u00f6nnen. \u00dcbungen zum Leseverstehen und zum schriftlichen Ausdruck trainieren gezielt die Fertigkeiten Lesen und Schreiben anhand der wichtigsten allt\u00e4glichen Themen, Mit L\u00f6sungen zu den Aufgaben. Zur Vorbereitung auf die Pr\u00fcfung B2 geeignet.<\/p>\n","protected":false},"excerpt":{"rendered":"<p>Lesen &amp; Schreiben B2 beinhaltet authentisch gestaltete Texte, die zum Lesen anregen und sowohl zum Selbstlernen als auch als Erg\u00e4nzung zum Unterricht eingesetzt werden k\u00f6nnen. \u00dcbungen zum Leseverstehen und zum schriftlichen Ausdruck trainieren gezielt die Fertigkeiten Lesen und Schreiben anhand&#8230;<\/p>\n","protected":false},"featured_media":57781,"template":"","meta":{"_acf_changed":false,"inline_featured_image":false},"product_brand":[],"product_cat":[558],"product_tag":[],"series":[{"id":1167,"name":"Lesen &amp; Schreiben","slug":"lesen-schreiben"}],"publisher":[{"id":497,"name":"Hueber Verlag","slug":"hueber-verlag"}],"class_list":{"0":"post-47454","1":"product","2":"type-product","3":"status-publish","4":"has-post-thumbnail","6":"product_cat-deutsch-uben","7":"series-lesen-schreiben","8":"publisher-hueber-verlag","10":"first","11":"onbackorder","12":"taxable","13":"shipping-taxable","14":"purchasable","15":"product-type-simple"},"acf":[],"_links":{"self":[{"href":"https:\/\/exlibris.ee\/ru\/wp-json\/wp\/v2\/product\/47454","targetHints":{"allow":["GET"]}}],"collection":[{"href":"https:\/\/exlibris.ee\/ru\/wp-json\/wp\/v2\/product"}],"about":[{"href":"https:\/\/exlibris.ee\/ru\/wp-json\/wp\/v2\/types\/product"}],"wp:featuredmedia":[{"embeddable":true,"href":"https:\/\/exlibris.ee\/ru\/wp-json\/wp\/v2\/media\/57781"}],"wp:attachment":[{"href":"https:\/\/exlibris.ee\/ru\/wp-json\/wp\/v2\/media?parent=47454"}],"wp:term":[{"taxonomy":"product_brand","embeddable":true,"href":"https:\/\/exlibris.ee\/ru\/wp-json\/wp\/v2\/product_brand?post=47454"},{"taxonomy":"product_cat","embeddable":true,"href":"https:\/\/exlibris.ee\/ru\/wp-json\/wp\/v2\/product_cat?post=47454"},{"taxonomy":"product_tag","embeddable":true,"href":"https:\/\/exlibris.ee\/ru\/wp-json\/wp\/v2\/product_tag?post=47454"},{"taxonomy":"series","embeddable":true,"href":"https:\/\/exlibris.ee\/ru\/wp-json\/wp\/v2\/series?post=47454"},{"taxonomy":"publisher","embeddable":true,"href":"https:\/\/exlibris.ee\/ru\/wp-json\/wp\/v2\/publisher?post=47454"}],"curies":[{"name":"wp","href":"https:\/\/api.w.org\/{rel}","templated":true}]}}