{"id":47466,"date":"2023-05-19T12:26:01","date_gmt":"2023-05-19T09:26:01","guid":{"rendered":"https:\/\/exlibris.ee\/toode\/prufung-express-goethe-zertifikat-b2-deutschprufung-fur-erwachsene-ubungsbuch-mit-audios-online\/"},"modified":"2026-04-04T21:29:43","modified_gmt":"2026-04-04T18:29:43","slug":"prufung-express-goethe-zertifikat-b2-deutschprufung-fur-erwachsene-ubungsbuch-mit-audios-online","status":"publish","type":"product","link":"https:\/\/exlibris.ee\/ru\/produkt\/prufung-express-goethe-zertifikat-b2-deutschprufung-fur-erwachsene-ubungsbuch-mit-audios-online\/","title":{"rendered":"Pr\u00fcfung Express \u2013 Goethe-Zertifikat B2, Deutschpr\u00fcfung f\u00fcr Erwachsene  \u00dcbungsbuch mit Audios online"},"content":{"rendered":"<p>Ein kompaktes und \u00fcbersichtliches Pr\u00fcfungsvorbereitungsmaterial f\u00fcr Lernende, die sich schnell auf die Pr\u00fcfung Goethe-Zertifikat B2 f\u00fcr Erwachsene vorbereiten m\u00f6chten und Lehrende, die sich schnell \u00fcber diese Pr\u00fcfung informieren wollen bzw. eine kurze Pr\u00fcfungsvorbereitung am Ende eines Sprachkurses im Unterricht durchf\u00fchren m\u00f6chten.<\/p>\n","protected":false},"excerpt":{"rendered":"<p>Ein kompaktes und \u00fcbersichtliches Pr\u00fcfungsvorbereitungsmaterial f\u00fcr Lernende, die sich schnell auf die Pr\u00fcfung Goethe-Zertifikat B2 f\u00fcr Erwachsene vorbereiten m\u00f6chten und Lehrende, die sich schnell \u00fcber diese Pr\u00fcfung informieren wollen bzw. eine kurze Pr\u00fcfungsvorbereitung am Ende eines Sprachkurses im Unterricht durchf\u00fchren&#8230;<\/p>\n","protected":false},"featured_media":57898,"template":"","meta":{"_acf_changed":false,"inline_featured_image":false},"product_brand":[],"product_cat":[507],"product_tag":[],"series":[{"id":1187,"name":"Pr\u00fcfung Express","slug":"prufung-express"}],"publisher":[{"id":497,"name":"Hueber Verlag","slug":"hueber-verlag"}],"class_list":{"0":"post-47466","1":"product","2":"type-product","3":"status-publish","4":"has-post-thumbnail","6":"product_cat-prufungsvorbereitung","7":"series-prufung-express","8":"publisher-hueber-verlag","10":"first","11":"onbackorder","12":"taxable","13":"shipping-taxable","14":"purchasable","15":"product-type-simple"},"acf":[],"_links":{"self":[{"href":"https:\/\/exlibris.ee\/ru\/wp-json\/wp\/v2\/product\/47466","targetHints":{"allow":["GET"]}}],"collection":[{"href":"https:\/\/exlibris.ee\/ru\/wp-json\/wp\/v2\/product"}],"about":[{"href":"https:\/\/exlibris.ee\/ru\/wp-json\/wp\/v2\/types\/product"}],"wp:featuredmedia":[{"embeddable":true,"href":"https:\/\/exlibris.ee\/ru\/wp-json\/wp\/v2\/media\/57898"}],"wp:attachment":[{"href":"https:\/\/exlibris.ee\/ru\/wp-json\/wp\/v2\/media?parent=47466"}],"wp:term":[{"taxonomy":"product_brand","embeddable":true,"href":"https:\/\/exlibris.ee\/ru\/wp-json\/wp\/v2\/product_brand?post=47466"},{"taxonomy":"product_cat","embeddable":true,"href":"https:\/\/exlibris.ee\/ru\/wp-json\/wp\/v2\/product_cat?post=47466"},{"taxonomy":"product_tag","embeddable":true,"href":"https:\/\/exlibris.ee\/ru\/wp-json\/wp\/v2\/product_tag?post=47466"},{"taxonomy":"series","embeddable":true,"href":"https:\/\/exlibris.ee\/ru\/wp-json\/wp\/v2\/series?post=47466"},{"taxonomy":"publisher","embeddable":true,"href":"https:\/\/exlibris.ee\/ru\/wp-json\/wp\/v2\/publisher?post=47466"}],"curies":[{"name":"wp","href":"https:\/\/api.w.org\/{rel}","templated":true}]}}