{"id":47502,"date":"2023-05-19T12:26:25","date_gmt":"2023-05-19T09:26:25","guid":{"rendered":"https:\/\/exlibris.ee\/toode\/menschen-im-beruf-pflege-b1-b2-kursbuch-mit-audios-online\/"},"modified":"2026-04-19T12:09:09","modified_gmt":"2026-04-19T09:09:09","slug":"menschen-im-beruf-pflege-b1-b2-kursbuch-mit-audios-online","status":"publish","type":"product","link":"https:\/\/exlibris.ee\/ru\/produkt\/menschen-im-beruf-pflege-b1-b2-kursbuch-mit-audios-online\/","title":{"rendered":"Menschen im Beruf &#8212; Pflege B1\/B2  Kursbuch mit Audios online"},"content":{"rendered":"<p>Menschen im Beruf \u2013 Pflege B1\/B2 erg\u00e4nzt den bisherigen B1-Band um zwei Module f\u00fcr B2. Das Lehrwerk vermittelt und trainiert den Wortschatz, h\u00e4ufig gebrauchte Ausdr\u00fccke und Redemittel, die Pflegekr\u00e4fte f\u00fcr ihre Arbeit in Kliniken, Altenheimen und bei der h\u00e4uslichen Pflege ben\u00f6tigen. Bei der Vermittlung der Fachsprache stehen die kommunikativen Fertigkeiten im Vordergrund. Inklusive Pr\u00fcfungsvorbereitung auf Deutsch Pflege B1\/B2 und Goethe-TestPro Pflege. Parallel einsetzbar zu jedem allgemeinsprachlichen Lehrwerk der Niveaustufe B1\/B2 \u2013 wegen der \u00fcbereinstimmenden Progression besonders geeignet als fachsprachliche Erg\u00e4nzung zu dem Lehrwerk Menschen B1.<\/p>\n","protected":false},"excerpt":{"rendered":"<p>Menschen im Beruf \u2013 Pflege B1\/B2 erg\u00e4nzt den bisherigen B1-Band um zwei Module f\u00fcr B2. Das Lehrwerk vermittelt und trainiert den Wortschatz, h\u00e4ufig gebrauchte Ausdr\u00fccke und Redemittel, die Pflegekr\u00e4fte f\u00fcr ihre Arbeit in Kliniken, Altenheimen und bei der h\u00e4uslichen Pflege&#8230;<\/p>\n","protected":false},"featured_media":58096,"template":"","meta":{"_acf_changed":false,"inline_featured_image":false},"product_brand":[],"product_cat":[885],"product_tag":[],"series":[{"id":1163,"name":"Menschen im Beruf","slug":"menschen-im-beruf"}],"publisher":[{"id":497,"name":"Hueber Verlag","slug":"hueber-verlag"}],"class_list":{"0":"post-47502","1":"product","2":"type-product","3":"status-publish","4":"has-post-thumbnail","6":"product_cat-berufssprache","7":"series-menschen-im-beruf","8":"publisher-hueber-verlag","10":"first","11":"instock","12":"taxable","13":"shipping-taxable","14":"purchasable","15":"product-type-simple"},"acf":[],"_links":{"self":[{"href":"https:\/\/exlibris.ee\/ru\/wp-json\/wp\/v2\/product\/47502","targetHints":{"allow":["GET"]}}],"collection":[{"href":"https:\/\/exlibris.ee\/ru\/wp-json\/wp\/v2\/product"}],"about":[{"href":"https:\/\/exlibris.ee\/ru\/wp-json\/wp\/v2\/types\/product"}],"wp:featuredmedia":[{"embeddable":true,"href":"https:\/\/exlibris.ee\/ru\/wp-json\/wp\/v2\/media\/58096"}],"wp:attachment":[{"href":"https:\/\/exlibris.ee\/ru\/wp-json\/wp\/v2\/media?parent=47502"}],"wp:term":[{"taxonomy":"product_brand","embeddable":true,"href":"https:\/\/exlibris.ee\/ru\/wp-json\/wp\/v2\/product_brand?post=47502"},{"taxonomy":"product_cat","embeddable":true,"href":"https:\/\/exlibris.ee\/ru\/wp-json\/wp\/v2\/product_cat?post=47502"},{"taxonomy":"product_tag","embeddable":true,"href":"https:\/\/exlibris.ee\/ru\/wp-json\/wp\/v2\/product_tag?post=47502"},{"taxonomy":"series","embeddable":true,"href":"https:\/\/exlibris.ee\/ru\/wp-json\/wp\/v2\/series?post=47502"},{"taxonomy":"publisher","embeddable":true,"href":"https:\/\/exlibris.ee\/ru\/wp-json\/wp\/v2\/publisher?post=47502"}],"curies":[{"name":"wp","href":"https:\/\/api.w.org\/{rel}","templated":true}]}}