{"id":47510,"date":"2023-05-19T12:26:27","date_gmt":"2023-05-19T09:26:27","guid":{"rendered":"https:\/\/exlibris.ee\/toode\/fit-in-grammatik-b1-buch\/"},"modified":"2026-04-04T05:13:36","modified_gmt":"2026-04-04T02:13:36","slug":"fit-in-grammatik-b1-buch","status":"publish","type":"product","link":"https:\/\/exlibris.ee\/ru\/produkt\/fit-in-grammatik-b1-buch\/","title":{"rendered":"Fit in Grammatik B1  Buch"},"content":{"rendered":"<p>Die Fortsetzung des Taschentrainers Fit in Grammatik A1\/A2 beinhaltet abwechslungsreiche \u00dcbungen (u.a. Zuordnungs\u00fcbungen, L\u00fcckentexte, Umformungs\u00fcbungen) zu allen relevanten Grammatikthemen des Niveaus B1 inklusive L\u00f6sungsschl\u00fcssel.<\/p>\n","protected":false},"excerpt":{"rendered":"<p>Die Fortsetzung des Taschentrainers Fit in Grammatik A1\/A2 beinhaltet abwechslungsreiche \u00dcbungen (u.a. Zuordnungs\u00fcbungen, L\u00fcckentexte, Umformungs\u00fcbungen) zu allen relevanten Grammatikthemen des Niveaus B1 inklusive L\u00f6sungsschl\u00fcssel.<\/p>\n","protected":false},"featured_media":58132,"template":"","meta":{"_acf_changed":false,"inline_featured_image":false},"product_brand":[],"product_cat":[480],"product_tag":[],"series":[{"id":1182,"name":"Fit in Grammatik","slug":"fit-in-grammatik"}],"publisher":[{"id":497,"name":"Hueber Verlag","slug":"hueber-verlag"}],"class_list":{"0":"post-47510","1":"product","2":"type-product","3":"status-publish","4":"has-post-thumbnail","6":"product_cat-grammatiken","7":"series-fit-in-grammatik","8":"publisher-hueber-verlag","10":"first","11":"instock","12":"taxable","13":"shipping-taxable","14":"purchasable","15":"product-type-simple"},"acf":[],"_links":{"self":[{"href":"https:\/\/exlibris.ee\/ru\/wp-json\/wp\/v2\/product\/47510","targetHints":{"allow":["GET"]}}],"collection":[{"href":"https:\/\/exlibris.ee\/ru\/wp-json\/wp\/v2\/product"}],"about":[{"href":"https:\/\/exlibris.ee\/ru\/wp-json\/wp\/v2\/types\/product"}],"wp:featuredmedia":[{"embeddable":true,"href":"https:\/\/exlibris.ee\/ru\/wp-json\/wp\/v2\/media\/58132"}],"wp:attachment":[{"href":"https:\/\/exlibris.ee\/ru\/wp-json\/wp\/v2\/media?parent=47510"}],"wp:term":[{"taxonomy":"product_brand","embeddable":true,"href":"https:\/\/exlibris.ee\/ru\/wp-json\/wp\/v2\/product_brand?post=47510"},{"taxonomy":"product_cat","embeddable":true,"href":"https:\/\/exlibris.ee\/ru\/wp-json\/wp\/v2\/product_cat?post=47510"},{"taxonomy":"product_tag","embeddable":true,"href":"https:\/\/exlibris.ee\/ru\/wp-json\/wp\/v2\/product_tag?post=47510"},{"taxonomy":"series","embeddable":true,"href":"https:\/\/exlibris.ee\/ru\/wp-json\/wp\/v2\/series?post=47510"},{"taxonomy":"publisher","embeddable":true,"href":"https:\/\/exlibris.ee\/ru\/wp-json\/wp\/v2\/publisher?post=47510"}],"curies":[{"name":"wp","href":"https:\/\/api.w.org\/{rel}","templated":true}]}}