{"id":47513,"date":"2023-05-19T12:26:27","date_gmt":"2023-05-19T09:26:27","guid":{"rendered":"https:\/\/exlibris.ee\/toode\/momente-a2-arbeitsbuch-interaktive-version-2\/"},"modified":"2026-04-05T17:22:26","modified_gmt":"2026-04-05T14:22:26","slug":"momente-a2-arbeitsbuch-interaktive-version-2","status":"publish","type":"product","link":"https:\/\/exlibris.ee\/ru\/produkt\/momente-a2-arbeitsbuch-interaktive-version-2\/","title":{"rendered":"Momente A2  Arbeitsbuch \u2013 Interaktive Version"},"content":{"rendered":"<p>Momente \u2013 das intermediale Grundstufenlehrwerk f\u00fcr Deutsch als Fremdsprache Arbeitsbuch A2 \u2013 Interaktive Version der dreib\u00e4ndigen Ausgabe (rein digitales Produkt) Zielgruppe: Erwachsene und Jugendliche ab 16 Jahren in A2-Kursen weltweit &#8212; digitales Arbeitsbuch f\u00fcr Whiteboard, PC\/Mac und Tablet &#8212; alle H\u00f6rdateien des Buches, direkt bei der jeweiligen Aufgabe abrufbar &#8212; interaktiv umgesetzte Arbeitsbuch\u00fcbungen zum Einsatz im Unterricht oder zum individuellen Wiederholen der Kursinhalte &#8212; Erkl\u00e4r-Clips zur Aussprache mit abgestimmten interaktiven \u00dcbungen &#8212; eine umfangreiche Toolbar mit vielseitigen Funktionen f\u00fcr den Einsatz am Whiteboard (u.a. markieren, Notizen, Schreibwerkzeuge u.v.m.).<\/p>\n","protected":false},"excerpt":{"rendered":"<p>Momente \u2013 das intermediale Grundstufenlehrwerk f\u00fcr Deutsch als Fremdsprache Arbeitsbuch A2 \u2013 Interaktive Version der dreib\u00e4ndigen Ausgabe (rein digitales Produkt) Zielgruppe: Erwachsene und Jugendliche ab 16 Jahren in A2-Kursen weltweit &#8212; digitales Arbeitsbuch f\u00fcr Whiteboard, PC\/Mac und Tablet &#8212; alle&#8230;<\/p>\n","protected":false},"featured_media":131204,"template":"","meta":{"_acf_changed":false,"inline_featured_image":false},"product_brand":[],"product_cat":[1121],"product_tag":[],"series":[{"id":1128,"name":"Momente","slug":"momente"}],"publisher":[{"id":497,"name":"Hueber Verlag","slug":"hueber-verlag"}],"class_list":{"0":"post-47513","1":"product","2":"type-product","3":"status-publish","4":"has-post-thumbnail","6":"product_cat-lehrwerke-fur-jugendliche-und-erwachsene","7":"series-momente","8":"publisher-hueber-verlag","10":"first","11":"onbackorder","12":"taxable","13":"shipping-taxable","14":"purchasable","15":"product-type-simple"},"acf":[],"_links":{"self":[{"href":"https:\/\/exlibris.ee\/ru\/wp-json\/wp\/v2\/product\/47513","targetHints":{"allow":["GET"]}}],"collection":[{"href":"https:\/\/exlibris.ee\/ru\/wp-json\/wp\/v2\/product"}],"about":[{"href":"https:\/\/exlibris.ee\/ru\/wp-json\/wp\/v2\/types\/product"}],"wp:featuredmedia":[{"embeddable":true,"href":"https:\/\/exlibris.ee\/ru\/wp-json\/wp\/v2\/media\/131204"}],"wp:attachment":[{"href":"https:\/\/exlibris.ee\/ru\/wp-json\/wp\/v2\/media?parent=47513"}],"wp:term":[{"taxonomy":"product_brand","embeddable":true,"href":"https:\/\/exlibris.ee\/ru\/wp-json\/wp\/v2\/product_brand?post=47513"},{"taxonomy":"product_cat","embeddable":true,"href":"https:\/\/exlibris.ee\/ru\/wp-json\/wp\/v2\/product_cat?post=47513"},{"taxonomy":"product_tag","embeddable":true,"href":"https:\/\/exlibris.ee\/ru\/wp-json\/wp\/v2\/product_tag?post=47513"},{"taxonomy":"series","embeddable":true,"href":"https:\/\/exlibris.ee\/ru\/wp-json\/wp\/v2\/series?post=47513"},{"taxonomy":"publisher","embeddable":true,"href":"https:\/\/exlibris.ee\/ru\/wp-json\/wp\/v2\/publisher?post=47513"}],"curies":[{"name":"wp","href":"https:\/\/api.w.org\/{rel}","templated":true}]}}