{"id":47521,"date":"2023-05-19T12:26:29","date_gmt":"2023-05-19T09:26:29","guid":{"rendered":"https:\/\/exlibris.ee\/toode\/prufung-express-osterreichisches-sprachdiplom-b2-ubungsbuch-interaktive-version\/"},"modified":"2026-04-04T23:14:35","modified_gmt":"2026-04-04T20:14:35","slug":"prufung-express-osterreichisches-sprachdiplom-b2-ubungsbuch-interaktive-version","status":"publish","type":"product","link":"https:\/\/exlibris.ee\/ru\/produkt\/prufung-express-osterreichisches-sprachdiplom-b2-ubungsbuch-interaktive-version\/","title":{"rendered":"Pr\u00fcfung Express \u2013 \u00d6sterreichisches Sprachdiplom B2  \u00dcbungsbuch \u2013 Interaktive Version"},"content":{"rendered":"<p>Interaktive Version mit integrierten Audiodateien Zielgruppe: F\u00fcr Selbstlerner, die sich schnell auf ihre Deutschpr\u00fcfung vorbereiten m\u00f6chten, sowie f\u00fcr Lehrende, die die sich einen schnellen \u00dcberblick \u00fcber die Pr\u00fcfung und deren Anforderungen verschaffen wollen. Kompaktes \u00dcbungsbuch zur Pr\u00fcfungsvorbereitung Das \u00dcbungsbuch enth\u00e4lt 2 Pr\u00fcfungss\u00e4tze: &#8212; Pr\u00fcfungssatz 1 mit Hinweisen zu den einzelnen Pr\u00fcfungsteilen (Umfang, Dauer, Punkte, Aufgaben) sowie zu Strategien f\u00fcr ein erfolgreiches Bestehen der Pr\u00fcfung. &#8212; Pr\u00fcfungssatz 2 ohne Hinweise, zur selbstst\u00e4ndigen Bearbeitung einer kompletten Pr\u00fcfung Im Anhang gibt es Redemittellisten zu den Pr\u00fcfungsteilen Schreiben und Sprechen.<\/p>\n","protected":false},"excerpt":{"rendered":"<p>Interaktive Version mit integrierten Audiodateien Zielgruppe: F\u00fcr Selbstlerner, die sich schnell auf ihre Deutschpr\u00fcfung vorbereiten m\u00f6chten, sowie f\u00fcr Lehrende, die die sich einen schnellen \u00dcberblick \u00fcber die Pr\u00fcfung und deren Anforderungen verschaffen wollen. Kompaktes \u00dcbungsbuch zur Pr\u00fcfungsvorbereitung Das \u00dcbungsbuch enth\u00e4lt&#8230;<\/p>\n","protected":false},"featured_media":58192,"template":"","meta":{"_acf_changed":false,"inline_featured_image":false},"product_brand":[],"product_cat":[507],"product_tag":[],"series":[{"id":1187,"name":"Pr\u00fcfung Express","slug":"prufung-express"}],"publisher":[{"id":497,"name":"Hueber Verlag","slug":"hueber-verlag"}],"class_list":{"0":"post-47521","1":"product","2":"type-product","3":"status-publish","4":"has-post-thumbnail","6":"product_cat-prufungsvorbereitung","7":"series-prufung-express","8":"publisher-hueber-verlag","10":"first","11":"onbackorder","12":"taxable","13":"shipping-taxable","14":"purchasable","15":"product-type-simple"},"acf":[],"_links":{"self":[{"href":"https:\/\/exlibris.ee\/ru\/wp-json\/wp\/v2\/product\/47521","targetHints":{"allow":["GET"]}}],"collection":[{"href":"https:\/\/exlibris.ee\/ru\/wp-json\/wp\/v2\/product"}],"about":[{"href":"https:\/\/exlibris.ee\/ru\/wp-json\/wp\/v2\/types\/product"}],"wp:featuredmedia":[{"embeddable":true,"href":"https:\/\/exlibris.ee\/ru\/wp-json\/wp\/v2\/media\/58192"}],"wp:attachment":[{"href":"https:\/\/exlibris.ee\/ru\/wp-json\/wp\/v2\/media?parent=47521"}],"wp:term":[{"taxonomy":"product_brand","embeddable":true,"href":"https:\/\/exlibris.ee\/ru\/wp-json\/wp\/v2\/product_brand?post=47521"},{"taxonomy":"product_cat","embeddable":true,"href":"https:\/\/exlibris.ee\/ru\/wp-json\/wp\/v2\/product_cat?post=47521"},{"taxonomy":"product_tag","embeddable":true,"href":"https:\/\/exlibris.ee\/ru\/wp-json\/wp\/v2\/product_tag?post=47521"},{"taxonomy":"series","embeddable":true,"href":"https:\/\/exlibris.ee\/ru\/wp-json\/wp\/v2\/series?post=47521"},{"taxonomy":"publisher","embeddable":true,"href":"https:\/\/exlibris.ee\/ru\/wp-json\/wp\/v2\/publisher?post=47521"}],"curies":[{"name":"wp","href":"https:\/\/api.w.org\/{rel}","templated":true}]}}