{"id":47536,"date":"2023-05-19T12:26:32","date_gmt":"2023-05-19T09:26:32","guid":{"rendered":"https:\/\/exlibris.ee\/toode\/papierhelden-pdf-download\/"},"modified":"2026-04-04T05:14:29","modified_gmt":"2026-04-04T02:14:29","slug":"papierhelden-pdf-download","status":"publish","type":"product","link":"https:\/\/exlibris.ee\/ru\/produkt\/papierhelden-pdf-download\/","title":{"rendered":"Papierhelden  PDF-Download"},"content":{"rendered":"<p>Bald findet ein wichtiger Judo-Wettkampf statt. Robins Vater trainiert die Mannschaft und \u00e4rgert sich \u00fcber Robins schlechte Leistung. So gewinnen sie nie! Bei einer Sache ist Robin richtig gut: Origami. Aber davon wei\u00df niemand etwas. Welcher normale Junge in seinem Alter bastelt schon Figuren aus Papier? Doch die Wahrheit kommt heraus und alle machen sich \u00fcber Robin lustig. Sogar Maxie geht ihm aus dem Weg. Und dabei mag Robin sie doch so sehr. Nun will Robin zeigen, dass er tats\u00e4chlich k\u00e4mpfen kann. Denn diesen Kampf m\u00f6chte er unbedingt gewinnen.<\/p>\n","protected":false},"excerpt":{"rendered":"<p>Bald findet ein wichtiger Judo-Wettkampf statt. Robins Vater trainiert die Mannschaft und \u00e4rgert sich \u00fcber Robins schlechte Leistung. So gewinnen sie nie! Bei einer Sache ist Robin richtig gut: Origami. Aber davon wei\u00df niemand etwas. Welcher normale Junge in seinem&#8230;<\/p>\n","protected":false},"featured_media":58243,"template":"","meta":{"_acf_changed":false,"inline_featured_image":false},"product_brand":[],"product_cat":[851],"product_tag":[],"series":[{"id":1191,"name":"Papierhelden","slug":"papierhelden"}],"publisher":[{"id":497,"name":"Hueber Verlag","slug":"hueber-verlag"}],"class_list":{"0":"post-47536","1":"product","2":"type-product","3":"status-publish","4":"has-post-thumbnail","6":"product_cat-lesetexte-deutsch","7":"series-papierhelden","8":"publisher-hueber-verlag","10":"first","11":"onbackorder","12":"taxable","13":"shipping-taxable","14":"purchasable","15":"product-type-simple"},"acf":[],"_links":{"self":[{"href":"https:\/\/exlibris.ee\/ru\/wp-json\/wp\/v2\/product\/47536","targetHints":{"allow":["GET"]}}],"collection":[{"href":"https:\/\/exlibris.ee\/ru\/wp-json\/wp\/v2\/product"}],"about":[{"href":"https:\/\/exlibris.ee\/ru\/wp-json\/wp\/v2\/types\/product"}],"wp:featuredmedia":[{"embeddable":true,"href":"https:\/\/exlibris.ee\/ru\/wp-json\/wp\/v2\/media\/58243"}],"wp:attachment":[{"href":"https:\/\/exlibris.ee\/ru\/wp-json\/wp\/v2\/media?parent=47536"}],"wp:term":[{"taxonomy":"product_brand","embeddable":true,"href":"https:\/\/exlibris.ee\/ru\/wp-json\/wp\/v2\/product_brand?post=47536"},{"taxonomy":"product_cat","embeddable":true,"href":"https:\/\/exlibris.ee\/ru\/wp-json\/wp\/v2\/product_cat?post=47536"},{"taxonomy":"product_tag","embeddable":true,"href":"https:\/\/exlibris.ee\/ru\/wp-json\/wp\/v2\/product_tag?post=47536"},{"taxonomy":"series","embeddable":true,"href":"https:\/\/exlibris.ee\/ru\/wp-json\/wp\/v2\/series?post=47536"},{"taxonomy":"publisher","embeddable":true,"href":"https:\/\/exlibris.ee\/ru\/wp-json\/wp\/v2\/publisher?post=47536"}],"curies":[{"name":"wp","href":"https:\/\/api.w.org\/{rel}","templated":true}]}}