{"id":47551,"date":"2023-05-19T12:26:35","date_gmt":"2023-05-19T09:26:35","guid":{"rendered":"https:\/\/exlibris.ee\/toode\/menschen-im-beruf-medizin-digitale-ausgabe-digitalisiertes-kursbuch-mit-integrierten-audiodateien\/"},"modified":"2026-04-05T17:23:37","modified_gmt":"2026-04-05T14:23:37","slug":"menschen-im-beruf-medizin-digitale-ausgabe-digitalisiertes-kursbuch-mit-integrierten-audiodateien","status":"publish","type":"product","link":"https:\/\/exlibris.ee\/ru\/produkt\/menschen-im-beruf-medizin-digitale-ausgabe-digitalisiertes-kursbuch-mit-integrierten-audiodateien\/","title":{"rendered":"Menschen im Beruf &#8212; Medizin  \u2013 Digitale Ausgabe  Digitalisiertes Kursbuch mit integrierten Audiodateien"},"content":{"rendered":"<p>Das Lehrwerk vermittelt und trainiert den Wortschatz und h\u00e4ufig gebrauchte Ausdr\u00fccke und Redemittel, die Berufst\u00e4tige in medizinischen Berufen f\u00fcr ihre Arbeit ben\u00f6tigen. Alle Bereiche der Kommunikation im Arztberuf sind ber\u00fccksichtigt: Gespr\u00e4che unter Kollegen, mit dem Pflegepersonal und mit Patienten und Angeh\u00f6rigen. Parallel einsetzbar zu jedem allgemeinsprachlichen Lehrwerk der Niveaustufen B2 und C1.<\/p>\n","protected":false},"excerpt":{"rendered":"<p>Das Lehrwerk vermittelt und trainiert den Wortschatz und h\u00e4ufig gebrauchte Ausdr\u00fccke und Redemittel, die Berufst\u00e4tige in medizinischen Berufen f\u00fcr ihre Arbeit ben\u00f6tigen. Alle Bereiche der Kommunikation im Arztberuf sind ber\u00fccksichtigt: Gespr\u00e4che unter Kollegen, mit dem Pflegepersonal und mit Patienten und&#8230;<\/p>\n","protected":false},"featured_media":58306,"template":"","meta":{"_acf_changed":false,"inline_featured_image":false},"product_brand":[],"product_cat":[885],"product_tag":[],"series":[{"id":1163,"name":"Menschen im Beruf","slug":"menschen-im-beruf"}],"publisher":[{"id":497,"name":"Hueber Verlag","slug":"hueber-verlag"}],"class_list":{"0":"post-47551","1":"product","2":"type-product","3":"status-publish","4":"has-post-thumbnail","6":"product_cat-berufssprache","7":"series-menschen-im-beruf","8":"publisher-hueber-verlag","10":"first","11":"onbackorder","12":"taxable","13":"shipping-taxable","14":"purchasable","15":"product-type-simple"},"acf":[],"_links":{"self":[{"href":"https:\/\/exlibris.ee\/ru\/wp-json\/wp\/v2\/product\/47551","targetHints":{"allow":["GET"]}}],"collection":[{"href":"https:\/\/exlibris.ee\/ru\/wp-json\/wp\/v2\/product"}],"about":[{"href":"https:\/\/exlibris.ee\/ru\/wp-json\/wp\/v2\/types\/product"}],"wp:featuredmedia":[{"embeddable":true,"href":"https:\/\/exlibris.ee\/ru\/wp-json\/wp\/v2\/media\/58306"}],"wp:attachment":[{"href":"https:\/\/exlibris.ee\/ru\/wp-json\/wp\/v2\/media?parent=47551"}],"wp:term":[{"taxonomy":"product_brand","embeddable":true,"href":"https:\/\/exlibris.ee\/ru\/wp-json\/wp\/v2\/product_brand?post=47551"},{"taxonomy":"product_cat","embeddable":true,"href":"https:\/\/exlibris.ee\/ru\/wp-json\/wp\/v2\/product_cat?post=47551"},{"taxonomy":"product_tag","embeddable":true,"href":"https:\/\/exlibris.ee\/ru\/wp-json\/wp\/v2\/product_tag?post=47551"},{"taxonomy":"series","embeddable":true,"href":"https:\/\/exlibris.ee\/ru\/wp-json\/wp\/v2\/series?post=47551"},{"taxonomy":"publisher","embeddable":true,"href":"https:\/\/exlibris.ee\/ru\/wp-json\/wp\/v2\/publisher?post=47551"}],"curies":[{"name":"wp","href":"https:\/\/api.w.org\/{rel}","templated":true}]}}