{"id":47560,"date":"2023-05-19T12:26:37","date_gmt":"2023-05-19T09:26:37","guid":{"rendered":"https:\/\/exlibris.ee\/toode\/menschen-hier-niveau-a2-b1-prufungstraining-deutsch-test-fur-zuwanderer-mit-audio-cd\/"},"modified":"2026-04-18T17:21:17","modified_gmt":"2026-04-18T14:21:17","slug":"menschen-hier-niveau-a2-b1-prufungstraining-deutsch-test-fur-zuwanderer-mit-audio-cd","status":"publish","type":"product","link":"https:\/\/exlibris.ee\/ru\/produkt\/menschen-hier-niveau-a2-b1-prufungstraining-deutsch-test-fur-zuwanderer-mit-audio-cd\/","title":{"rendered":"Menschen hier  Niveau A2 &#8212; B1 \/ Pr\u00fcfungstraining Deutsch-Test f\u00fcr Zuwanderer mit Audio-CD"},"content":{"rendered":"<p>Trainingsheft zur gezielten Vorbereitung auf den Deutschtest f\u00fcr Zuwanderer (DTZ): &#8212; Die \u00dcbungen und Pr\u00fcfungsbeispiele zu den Fertigkeiten H\u00f6ren, Lesen, Schreiben und Sprechen machen mit den Inhalten und dem Format der Pr\u00fcfung vertraut. &#8212; Gezielte \u00dcbungen und Tipps vermitteln den Lernenden Schritt f\u00fcr Schritt die notwendigen Fertigkeiten und Techniken. &#8212; Eine Pr\u00fcfungssimulation schlie\u00dft die Pr\u00fcfungsvorbereitung ab. &#8212; L\u00f6sungen und Transkriptionen stehen als kostenlose Downloads zur Verf\u00fcgung.<\/p>\n","protected":false},"excerpt":{"rendered":"<p>Trainingsheft zur gezielten Vorbereitung auf den Deutschtest f\u00fcr Zuwanderer (DTZ): &#8212; Die \u00dcbungen und Pr\u00fcfungsbeispiele zu den Fertigkeiten H\u00f6ren, Lesen, Schreiben und Sprechen machen mit den Inhalten und dem Format der Pr\u00fcfung vertraut. &#8212; Gezielte \u00dcbungen und Tipps vermitteln den&#8230;<\/p>\n","protected":false},"featured_media":58366,"template":"","meta":{"_acf_changed":false,"inline_featured_image":false},"product_brand":[],"product_cat":[1121],"product_tag":[],"series":[{"id":571,"name":"Menschen B1","slug":"menschen-b1"}],"publisher":[{"id":497,"name":"Hueber Verlag","slug":"hueber-verlag"}],"class_list":{"0":"post-47560","1":"product","2":"type-product","3":"status-publish","4":"has-post-thumbnail","6":"product_cat-lehrwerke-fur-jugendliche-und-erwachsene","7":"series-menschen-b1","8":"publisher-hueber-verlag","10":"first","11":"onbackorder","12":"taxable","13":"shipping-taxable","14":"purchasable","15":"product-type-simple"},"acf":[],"_links":{"self":[{"href":"https:\/\/exlibris.ee\/ru\/wp-json\/wp\/v2\/product\/47560","targetHints":{"allow":["GET"]}}],"collection":[{"href":"https:\/\/exlibris.ee\/ru\/wp-json\/wp\/v2\/product"}],"about":[{"href":"https:\/\/exlibris.ee\/ru\/wp-json\/wp\/v2\/types\/product"}],"wp:featuredmedia":[{"embeddable":true,"href":"https:\/\/exlibris.ee\/ru\/wp-json\/wp\/v2\/media\/58366"}],"wp:attachment":[{"href":"https:\/\/exlibris.ee\/ru\/wp-json\/wp\/v2\/media?parent=47560"}],"wp:term":[{"taxonomy":"product_brand","embeddable":true,"href":"https:\/\/exlibris.ee\/ru\/wp-json\/wp\/v2\/product_brand?post=47560"},{"taxonomy":"product_cat","embeddable":true,"href":"https:\/\/exlibris.ee\/ru\/wp-json\/wp\/v2\/product_cat?post=47560"},{"taxonomy":"product_tag","embeddable":true,"href":"https:\/\/exlibris.ee\/ru\/wp-json\/wp\/v2\/product_tag?post=47560"},{"taxonomy":"series","embeddable":true,"href":"https:\/\/exlibris.ee\/ru\/wp-json\/wp\/v2\/series?post=47560"},{"taxonomy":"publisher","embeddable":true,"href":"https:\/\/exlibris.ee\/ru\/wp-json\/wp\/v2\/publisher?post=47560"}],"curies":[{"name":"wp","href":"https:\/\/api.w.org\/{rel}","templated":true}]}}