{"id":47561,"date":"2023-05-19T12:26:37","date_gmt":"2023-05-19T09:26:37","guid":{"rendered":"https:\/\/exlibris.ee\/toode\/prufung-express-goethe-zertifikat-c2-ubungsbuch-interaktive-version\/"},"modified":"2026-04-17T17:33:51","modified_gmt":"2026-04-17T14:33:51","slug":"prufung-express-goethe-zertifikat-c2-ubungsbuch-interaktive-version","status":"publish","type":"product","link":"https:\/\/exlibris.ee\/ru\/produkt\/prufung-express-goethe-zertifikat-c2-ubungsbuch-interaktive-version\/","title":{"rendered":"Pr\u00fcfung Express &#8212; Goethe-Zertifikat C2  \u00dcbungsbuch &#8212; interaktive Version"},"content":{"rendered":"<p>Das kompakte und \u00fcbersichtliche Pr\u00fcfungsvorbereitungsmaterial richtet sich an Lernende, die die Niveaustufe erreicht haben und sich schnell auf die Pr\u00fcfung vorbereiten wollen, sowie an Lehrende, die sich einen schnellen \u00dcberblick \u00fcber die Pr\u00fcfung und deren Anforderungen verschaffen wollen bzw. auf ein ausf\u00fchrliches Pr\u00fcfungstraining am Ende eines Sprachkurses verzichten k\u00f6nnen. Das Buch enth\u00e4lt zwei Pr\u00fcfungss\u00e4tze: einer mit Hinweisen und Strategien f\u00fcr ein erfolgreiches Bestehen, einer ohne Tipps als Probelauf. Zudem finden sich im Buch kommentierte L\u00f6sungen mit Hinweisen, warum eine L\u00f6sung richtig oder falsch ist.<\/p>\n","protected":false},"excerpt":{"rendered":"<p>Das kompakte und \u00fcbersichtliche Pr\u00fcfungsvorbereitungsmaterial richtet sich an Lernende, die die Niveaustufe erreicht haben und sich schnell auf die Pr\u00fcfung vorbereiten wollen, sowie an Lehrende, die sich einen schnellen \u00dcberblick \u00fcber die Pr\u00fcfung und deren Anforderungen verschaffen wollen bzw. auf&#8230;<\/p>\n","protected":false},"featured_media":58363,"template":"","meta":{"_acf_changed":false,"inline_featured_image":false},"product_brand":[],"product_cat":[507],"product_tag":[],"series":[{"id":1187,"name":"Pr\u00fcfung Express","slug":"prufung-express"}],"publisher":[{"id":497,"name":"Hueber Verlag","slug":"hueber-verlag"}],"class_list":{"0":"post-47561","1":"product","2":"type-product","3":"status-publish","4":"has-post-thumbnail","6":"product_cat-prufungsvorbereitung","7":"series-prufung-express","8":"publisher-hueber-verlag","10":"first","11":"onbackorder","12":"taxable","13":"shipping-taxable","14":"purchasable","15":"product-type-simple"},"acf":[],"_links":{"self":[{"href":"https:\/\/exlibris.ee\/ru\/wp-json\/wp\/v2\/product\/47561","targetHints":{"allow":["GET"]}}],"collection":[{"href":"https:\/\/exlibris.ee\/ru\/wp-json\/wp\/v2\/product"}],"about":[{"href":"https:\/\/exlibris.ee\/ru\/wp-json\/wp\/v2\/types\/product"}],"wp:featuredmedia":[{"embeddable":true,"href":"https:\/\/exlibris.ee\/ru\/wp-json\/wp\/v2\/media\/58363"}],"wp:attachment":[{"href":"https:\/\/exlibris.ee\/ru\/wp-json\/wp\/v2\/media?parent=47561"}],"wp:term":[{"taxonomy":"product_brand","embeddable":true,"href":"https:\/\/exlibris.ee\/ru\/wp-json\/wp\/v2\/product_brand?post=47561"},{"taxonomy":"product_cat","embeddable":true,"href":"https:\/\/exlibris.ee\/ru\/wp-json\/wp\/v2\/product_cat?post=47561"},{"taxonomy":"product_tag","embeddable":true,"href":"https:\/\/exlibris.ee\/ru\/wp-json\/wp\/v2\/product_tag?post=47561"},{"taxonomy":"series","embeddable":true,"href":"https:\/\/exlibris.ee\/ru\/wp-json\/wp\/v2\/series?post=47561"},{"taxonomy":"publisher","embeddable":true,"href":"https:\/\/exlibris.ee\/ru\/wp-json\/wp\/v2\/publisher?post=47561"}],"curies":[{"name":"wp","href":"https:\/\/api.w.org\/{rel}","templated":true}]}}