{"id":47578,"date":"2023-05-19T12:26:56","date_gmt":"2023-05-19T09:26:56","guid":{"rendered":"https:\/\/exlibris.ee\/toode\/im-beruf-neu-b1-b2-digitale-ausgabe-digitalisiertes-arbeitsbuch\/"},"modified":"2026-04-21T10:12:24","modified_gmt":"2026-04-21T07:12:24","slug":"im-beruf-neu-b1-b2-digitale-ausgabe-digitalisiertes-arbeitsbuch","status":"publish","type":"product","link":"https:\/\/exlibris.ee\/ru\/produkt\/im-beruf-neu-b1-b2-digitale-ausgabe-digitalisiertes-arbeitsbuch\/","title":{"rendered":"Im Beruf NEU B1+\/B2 &#8212; Digitale Ausgabe  Digitalisiertes Arbeitsbuch"},"content":{"rendered":"<p>Digitalisiertes Arbeitsbuch mit integrierten Audiodateien (rein digitales Produkt) Berufssprachliches Lehrwerk f\u00fcr Lernende ab 16 Jahren mit abgeschlossener Grundstufe, die erweiterte Sprachkenntnisse ben\u00f6tigen, um sich auf eine ihrer Ausbildung ad\u00e4quate Stelle bewerben zu k\u00f6nnen Das Arbeitsbuch ist sowohl f\u00fcr die Integration in den Unterricht als auch f\u00fcr die selbstst\u00e4ndige Nachbereitung des Unterrichtsstoffes geeignet. Es ist sehr gut zur Binnendifferenzierung im Unterricht einsetzbar. Es enth\u00e4lt ein umfangreiches Angebot abwechslungsreicher \u00dcbungen zum Vertiefen und \u00dcben von Grammatik, Wortschatz, Fertigkeiten sowie Redemitteln f\u00fcr typische berufliche Situationen. Inklusive einer \u00dcbersicht \u00fcber den Lernwortschatz der Lektion. Die Neubearbeitung wurde erg\u00e4nzt mit Themen wie \u201earbeitsrechtliche Informationen verstehen\u201c, \u201eArbeitsvertrag\u201c, \u201eMedienberichte verstehen\u201c, \u201ekomplexe Arbeitsabl\u00e4ufe beschreiben\u201c oder \u201eeine Sicherheitsunterweisung verstehen\u201c. Im Vordergrund stehen die Kommunikationsstrategien im beruflichen Kontext.<\/p>\n","protected":false},"excerpt":{"rendered":"<p>Digitalisiertes Arbeitsbuch mit integrierten Audiodateien (rein digitales Produkt) Berufssprachliches Lehrwerk f\u00fcr Lernende ab 16 Jahren mit abgeschlossener Grundstufe, die erweiterte Sprachkenntnisse ben\u00f6tigen, um sich auf eine ihrer Ausbildung ad\u00e4quate Stelle bewerben zu k\u00f6nnen Das Arbeitsbuch ist sowohl f\u00fcr die Integration&#8230;<\/p>\n","protected":false},"featured_media":58423,"template":"","meta":{"_acf_changed":false,"inline_featured_image":false},"product_brand":[],"product_cat":[885],"product_tag":[],"series":[{"id":1172,"name":"Im Beruf NEU","slug":"im-beruf-neu"}],"publisher":[{"id":497,"name":"Hueber Verlag","slug":"hueber-verlag"}],"class_list":{"0":"post-47578","1":"product","2":"type-product","3":"status-publish","4":"has-post-thumbnail","6":"product_cat-berufssprache","7":"series-im-beruf-neu","8":"publisher-hueber-verlag","10":"first","11":"onbackorder","12":"taxable","13":"shipping-taxable","14":"purchasable","15":"product-type-simple"},"acf":[],"_links":{"self":[{"href":"https:\/\/exlibris.ee\/ru\/wp-json\/wp\/v2\/product\/47578","targetHints":{"allow":["GET"]}}],"collection":[{"href":"https:\/\/exlibris.ee\/ru\/wp-json\/wp\/v2\/product"}],"about":[{"href":"https:\/\/exlibris.ee\/ru\/wp-json\/wp\/v2\/types\/product"}],"wp:featuredmedia":[{"embeddable":true,"href":"https:\/\/exlibris.ee\/ru\/wp-json\/wp\/v2\/media\/58423"}],"wp:attachment":[{"href":"https:\/\/exlibris.ee\/ru\/wp-json\/wp\/v2\/media?parent=47578"}],"wp:term":[{"taxonomy":"product_brand","embeddable":true,"href":"https:\/\/exlibris.ee\/ru\/wp-json\/wp\/v2\/product_brand?post=47578"},{"taxonomy":"product_cat","embeddable":true,"href":"https:\/\/exlibris.ee\/ru\/wp-json\/wp\/v2\/product_cat?post=47578"},{"taxonomy":"product_tag","embeddable":true,"href":"https:\/\/exlibris.ee\/ru\/wp-json\/wp\/v2\/product_tag?post=47578"},{"taxonomy":"series","embeddable":true,"href":"https:\/\/exlibris.ee\/ru\/wp-json\/wp\/v2\/series?post=47578"},{"taxonomy":"publisher","embeddable":true,"href":"https:\/\/exlibris.ee\/ru\/wp-json\/wp\/v2\/publisher?post=47578"}],"curies":[{"name":"wp","href":"https:\/\/api.w.org\/{rel}","templated":true}]}}