{"id":47582,"date":"2023-05-19T12:26:57","date_gmt":"2023-05-19T09:26:57","guid":{"rendered":"https:\/\/exlibris.ee\/toode\/im-beruf-neu-a2-b1-digitale-ausgabe-digitalisiertes-arbeitsbuch\/"},"modified":"2026-04-12T13:25:16","modified_gmt":"2026-04-12T10:25:16","slug":"im-beruf-neu-a2-b1-digitale-ausgabe-digitalisiertes-arbeitsbuch","status":"publish","type":"product","link":"https:\/\/exlibris.ee\/ru\/produkt\/im-beruf-neu-a2-b1-digitale-ausgabe-digitalisiertes-arbeitsbuch\/","title":{"rendered":"Im Beruf NEU A2+\/B1 &#8212; Digitale Ausgabe  Digitalisiertes Arbeitsbuch"},"content":{"rendered":"<p>Digitalisiertes Arbeitsbuch mit integrierten Audiodateien (rein digitales Produkt) Berufssprachliches Lehrwerk f\u00fcr Erwachsene und Jugendliche ab 16 Jahren, die aus beruflichen Gr\u00fcnden Sprachkenntnisse auf dem Niveau B1 erwerben m\u00f6chten. Im Beruf Neu A2+\/B1 bietet eine intensive Vorbereitung auf die einschl\u00e4gigen Pr\u00fcfungen (telc Deutsch-Test f\u00fcr den Beruf B1, Deutsch-Test f\u00fcr Zuwanderer, telc Deutsch B1+ Beruf, Zertifikat B1).<\/p>\n","protected":false},"excerpt":{"rendered":"<p>Digitalisiertes Arbeitsbuch mit integrierten Audiodateien (rein digitales Produkt) Berufssprachliches Lehrwerk f\u00fcr Erwachsene und Jugendliche ab 16 Jahren, die aus beruflichen Gr\u00fcnden Sprachkenntnisse auf dem Niveau B1 erwerben m\u00f6chten. Im Beruf Neu A2+\/B1 bietet eine intensive Vorbereitung auf die einschl\u00e4gigen Pr\u00fcfungen&#8230;<\/p>\n","protected":false},"featured_media":58453,"template":"","meta":{"_acf_changed":false,"inline_featured_image":false},"product_brand":[],"product_cat":[885],"product_tag":[],"series":[{"id":1172,"name":"Im Beruf NEU","slug":"im-beruf-neu"}],"publisher":[{"id":497,"name":"Hueber Verlag","slug":"hueber-verlag"}],"class_list":{"0":"post-47582","1":"product","2":"type-product","3":"status-publish","4":"has-post-thumbnail","6":"product_cat-berufssprache","7":"series-im-beruf-neu","8":"publisher-hueber-verlag","10":"first","11":"onbackorder","12":"taxable","13":"shipping-taxable","14":"purchasable","15":"product-type-simple"},"acf":[],"_links":{"self":[{"href":"https:\/\/exlibris.ee\/ru\/wp-json\/wp\/v2\/product\/47582","targetHints":{"allow":["GET"]}}],"collection":[{"href":"https:\/\/exlibris.ee\/ru\/wp-json\/wp\/v2\/product"}],"about":[{"href":"https:\/\/exlibris.ee\/ru\/wp-json\/wp\/v2\/types\/product"}],"wp:featuredmedia":[{"embeddable":true,"href":"https:\/\/exlibris.ee\/ru\/wp-json\/wp\/v2\/media\/58453"}],"wp:attachment":[{"href":"https:\/\/exlibris.ee\/ru\/wp-json\/wp\/v2\/media?parent=47582"}],"wp:term":[{"taxonomy":"product_brand","embeddable":true,"href":"https:\/\/exlibris.ee\/ru\/wp-json\/wp\/v2\/product_brand?post=47582"},{"taxonomy":"product_cat","embeddable":true,"href":"https:\/\/exlibris.ee\/ru\/wp-json\/wp\/v2\/product_cat?post=47582"},{"taxonomy":"product_tag","embeddable":true,"href":"https:\/\/exlibris.ee\/ru\/wp-json\/wp\/v2\/product_tag?post=47582"},{"taxonomy":"series","embeddable":true,"href":"https:\/\/exlibris.ee\/ru\/wp-json\/wp\/v2\/series?post=47582"},{"taxonomy":"publisher","embeddable":true,"href":"https:\/\/exlibris.ee\/ru\/wp-json\/wp\/v2\/publisher?post=47582"}],"curies":[{"name":"wp","href":"https:\/\/api.w.org\/{rel}","templated":true}]}}