{"id":47589,"date":"2023-05-19T12:27:02","date_gmt":"2023-05-19T09:27:02","guid":{"rendered":"https:\/\/exlibris.ee\/toode\/land-in-sicht-textarbeit-deutsch-als-fremdsprache-pdf-download\/"},"modified":"2026-04-07T23:13:20","modified_gmt":"2026-04-07T20:13:20","slug":"land-in-sicht-textarbeit-deutsch-als-fremdsprache-pdf-download","status":"publish","type":"product","link":"https:\/\/exlibris.ee\/ru\/produkt\/land-in-sicht-textarbeit-deutsch-als-fremdsprache-pdf-download\/","title":{"rendered":"Land in Sicht!  Textarbeit Deutsch als Fremdsprache \/ PDF-Download"},"content":{"rendered":"<p>Eine Auswahl aktueller Texte f\u00fcr fortgeschrittene Deutschlerner mit guten Mittelstufenkenntnissen. In zehn thematischen Kapiteln werden verschiedene Bereiche der deutschen Wirklichkeit aus der Sicht von Autoren mit sehr unterschiedlichen Standpunkten vorgestellt. Unter vielen anderen kommen Gabriele Wohmann, Franz Hohler, Martin Walser, Wolf Biermann, Hilmar Hoffmann und Richard von Weizs\u00e4cker zu Wort. Es handelt sich \u00fcberwiegend um Ver\u00f6ffentlichungen, die relevante Themen im Deutschland von heute aufgreifen. Die Texte geben Auskunft \u00fcber wichtige gesellschaftliche Aspekte, \u00fcber Mentalit\u00e4t und Verhaltensweisen der Menschen, \u00fcber ihre Beziehungen und Gewohnheiten im t\u00e4glichen Zusammenleben. Karikaturen f\u00fchren hin zum Thema des Kapitels und sch\u00e4rfen den Blick f\u00fcr bestimmte Aspekte. Das breit gef\u00e4cherte Angebot an \u00dcbungen, Aufgaben und Arbeitsformen gibt den Lernern Gelegenheit, ihre Sprachkompetenz im Deutschen gezielt zu verbessern. Fertigkeiten wie Leseverst\u00e4ndnis, Texterarbeitung, Wortschatzdifferenzierung, m\u00fcndliche und schriftliche Zusammenfassung und freie Textproduktion werden entwickelt und geschult.<\/p>\n","protected":false},"excerpt":{"rendered":"<p>Eine Auswahl aktueller Texte f\u00fcr fortgeschrittene Deutschlerner mit guten Mittelstufenkenntnissen. In zehn thematischen Kapiteln werden verschiedene Bereiche der deutschen Wirklichkeit aus der Sicht von Autoren mit sehr unterschiedlichen Standpunkten vorgestellt. Unter vielen anderen kommen Gabriele Wohmann, Franz Hohler, Martin Walser,&#8230;<\/p>\n","protected":false},"featured_media":58504,"template":"","meta":{"_acf_changed":false,"inline_featured_image":false},"product_brand":[],"product_cat":[851],"product_tag":[],"series":[],"publisher":[{"id":497,"name":"Hueber Verlag","slug":"hueber-verlag"}],"class_list":{"0":"post-47589","1":"product","2":"type-product","3":"status-publish","4":"has-post-thumbnail","6":"product_cat-lesetexte-deutsch","7":"publisher-hueber-verlag","9":"first","10":"onbackorder","11":"taxable","12":"shipping-taxable","13":"purchasable","14":"product-type-simple"},"acf":[],"_links":{"self":[{"href":"https:\/\/exlibris.ee\/ru\/wp-json\/wp\/v2\/product\/47589","targetHints":{"allow":["GET"]}}],"collection":[{"href":"https:\/\/exlibris.ee\/ru\/wp-json\/wp\/v2\/product"}],"about":[{"href":"https:\/\/exlibris.ee\/ru\/wp-json\/wp\/v2\/types\/product"}],"wp:featuredmedia":[{"embeddable":true,"href":"https:\/\/exlibris.ee\/ru\/wp-json\/wp\/v2\/media\/58504"}],"wp:attachment":[{"href":"https:\/\/exlibris.ee\/ru\/wp-json\/wp\/v2\/media?parent=47589"}],"wp:term":[{"taxonomy":"product_brand","embeddable":true,"href":"https:\/\/exlibris.ee\/ru\/wp-json\/wp\/v2\/product_brand?post=47589"},{"taxonomy":"product_cat","embeddable":true,"href":"https:\/\/exlibris.ee\/ru\/wp-json\/wp\/v2\/product_cat?post=47589"},{"taxonomy":"product_tag","embeddable":true,"href":"https:\/\/exlibris.ee\/ru\/wp-json\/wp\/v2\/product_tag?post=47589"},{"taxonomy":"series","embeddable":true,"href":"https:\/\/exlibris.ee\/ru\/wp-json\/wp\/v2\/series?post=47589"},{"taxonomy":"publisher","embeddable":true,"href":"https:\/\/exlibris.ee\/ru\/wp-json\/wp\/v2\/publisher?post=47589"}],"curies":[{"name":"wp","href":"https:\/\/api.w.org\/{rel}","templated":true}]}}