{"id":47593,"date":"2023-05-19T12:27:04","date_gmt":"2023-05-19T09:27:04","guid":{"rendered":"https:\/\/exlibris.ee\/toode\/phonetik-aktuell-pdf-mp3-download\/"},"modified":"2026-04-05T17:25:01","modified_gmt":"2026-04-05T14:25:01","slug":"phonetik-aktuell-pdf-mp3-download","status":"publish","type":"product","link":"https:\/\/exlibris.ee\/ru\/produkt\/phonetik-aktuell-pdf-mp3-download\/","title":{"rendered":"Phonetik aktuell  PDF-MP3\/Download"},"content":{"rendered":"<p>Kopiervorlagen mit zus\u00e4tzlichen Phonetik\u00fcbungen, deren Wortschatz den einzelnen Lektionen von Themen aktuell zugeordnet ist. Gedichte und phonetische Spiele erg\u00e4nzen das Angebot. Das Buch enth\u00e4lt: &#8212; Informationen f\u00fcr Lehrer\/innen und Lernende &#8212; Aussprache\u00fcbungen zu den einzelnen Lektionen von Themen aktuell 1 &#8212; zus\u00e4tzliche Aussprache\u00fcbungen f\u00fcr fortgeschrittene Lernende &#8212; Gedichte, Lieder und phonetische Spiele &#8212; praktische Hinweise zum Umgang mit Ausspracheschwierigkeiten im Unterricht &#8212; einen L\u00f6sungsschl\u00fcssel.<\/p>\n","protected":false},"excerpt":{"rendered":"<p>Kopiervorlagen mit zus\u00e4tzlichen Phonetik\u00fcbungen, deren Wortschatz den einzelnen Lektionen von Themen aktuell zugeordnet ist. Gedichte und phonetische Spiele erg\u00e4nzen das Angebot. Das Buch enth\u00e4lt: &#8212; Informationen f\u00fcr Lehrer\/innen und Lernende &#8212; Aussprache\u00fcbungen zu den einzelnen Lektionen von Themen aktuell 1&#8230;<\/p>\n","protected":false},"featured_media":58519,"template":"","meta":{"_acf_changed":false,"inline_featured_image":false},"product_brand":[],"product_cat":[558],"product_tag":[],"series":[{"id":1147,"name":"Phonetik","slug":"phonetik"}],"publisher":[{"id":497,"name":"Hueber Verlag","slug":"hueber-verlag"}],"class_list":{"0":"post-47593","1":"product","2":"type-product","3":"status-publish","4":"has-post-thumbnail","6":"product_cat-deutsch-uben","7":"series-phonetik","8":"publisher-hueber-verlag","10":"first","11":"onbackorder","12":"taxable","13":"shipping-taxable","14":"purchasable","15":"product-type-simple"},"acf":[],"_links":{"self":[{"href":"https:\/\/exlibris.ee\/ru\/wp-json\/wp\/v2\/product\/47593","targetHints":{"allow":["GET"]}}],"collection":[{"href":"https:\/\/exlibris.ee\/ru\/wp-json\/wp\/v2\/product"}],"about":[{"href":"https:\/\/exlibris.ee\/ru\/wp-json\/wp\/v2\/types\/product"}],"wp:featuredmedia":[{"embeddable":true,"href":"https:\/\/exlibris.ee\/ru\/wp-json\/wp\/v2\/media\/58519"}],"wp:attachment":[{"href":"https:\/\/exlibris.ee\/ru\/wp-json\/wp\/v2\/media?parent=47593"}],"wp:term":[{"taxonomy":"product_brand","embeddable":true,"href":"https:\/\/exlibris.ee\/ru\/wp-json\/wp\/v2\/product_brand?post=47593"},{"taxonomy":"product_cat","embeddable":true,"href":"https:\/\/exlibris.ee\/ru\/wp-json\/wp\/v2\/product_cat?post=47593"},{"taxonomy":"product_tag","embeddable":true,"href":"https:\/\/exlibris.ee\/ru\/wp-json\/wp\/v2\/product_tag?post=47593"},{"taxonomy":"series","embeddable":true,"href":"https:\/\/exlibris.ee\/ru\/wp-json\/wp\/v2\/series?post=47593"},{"taxonomy":"publisher","embeddable":true,"href":"https:\/\/exlibris.ee\/ru\/wp-json\/wp\/v2\/publisher?post=47593"}],"curies":[{"name":"wp","href":"https:\/\/api.w.org\/{rel}","templated":true}]}}