{"id":47596,"date":"2023-05-19T12:27:05","date_gmt":"2023-05-19T09:27:05","guid":{"rendered":"https:\/\/exlibris.ee\/toode\/groser-lernwortschatz-deutsch-als-fremdsprache-deutsch-englisch-german-english-pdf-download\/"},"modified":"2026-04-19T12:14:29","modified_gmt":"2026-04-19T09:14:29","slug":"groser-lernwortschatz-deutsch-als-fremdsprache-deutsch-englisch-german-english-pdf-download","status":"publish","type":"product","link":"https:\/\/exlibris.ee\/ru\/produkt\/groser-lernwortschatz-deutsch-als-fremdsprache-deutsch-englisch-german-english-pdf-download\/","title":{"rendered":"Gro\u00dfer Lernwortschatz Deutsch als Fremdsprache  Deutsch-Englisch \u2013 German-English \/ PDF-Download"},"content":{"rendered":"<p>Der Gro\u00dfe Lernwortschatz DaF ist ein umfassender und vielseitiger Lernwortschatz mit ca. 15.000 Eintr\u00e4gen, der sich bestens zum gezielten Vokabeltraining und zum Nachschlagen eignet. Systematisch nach Themen und Sachgebieten geordnet, bietet der Gro\u00dfe Lernwortschatz DaF mit zus\u00e4tzlichen Info-K\u00e4sten zu Landeskunde, Grammatik, Redemitteln, Ausdr\u00fccken und Wendungen, einem \u00fcbersichtlichen Inhaltsverzeichnis und einem zweifachen Register ein hohes Ma\u00df an Effizienz und Lernerfreundlichkeit. Der Wortschatz f\u00fcr das Zertifikat Deutsch ist ebenso enthalten (und markiert) wie die regionalen sprachlichen und landeskundlichen Besonderheiten \u00d6sterreichs und der Schweiz. Der Gro\u00dfe Lernwortschatz DaF eignet sich f\u00fcr alle DaF-Lerner der Grund-, Mittel- und Oberstufe zum Wortschatzlernen, -wiederholen und -vertiefen.<\/p>\n","protected":false},"excerpt":{"rendered":"<p>Der Gro\u00dfe Lernwortschatz DaF ist ein umfassender und vielseitiger Lernwortschatz mit ca. 15.000 Eintr\u00e4gen, der sich bestens zum gezielten Vokabeltraining und zum Nachschlagen eignet. Systematisch nach Themen und Sachgebieten geordnet, bietet der Gro\u00dfe Lernwortschatz DaF mit zus\u00e4tzlichen Info-K\u00e4sten zu Landeskunde,&#8230;<\/p>\n","protected":false},"featured_media":58534,"template":"","meta":{"_acf_changed":false,"inline_featured_image":false},"product_brand":[],"product_cat":[884],"product_tag":[],"series":[],"publisher":[{"id":497,"name":"Hueber Verlag","slug":"hueber-verlag"}],"class_list":{"0":"post-47596","1":"product","2":"type-product","3":"status-publish","4":"has-post-thumbnail","6":"product_cat-wortschatz","7":"publisher-hueber-verlag","9":"first","10":"onbackorder","11":"taxable","12":"shipping-taxable","13":"purchasable","14":"product-type-simple"},"acf":[],"_links":{"self":[{"href":"https:\/\/exlibris.ee\/ru\/wp-json\/wp\/v2\/product\/47596","targetHints":{"allow":["GET"]}}],"collection":[{"href":"https:\/\/exlibris.ee\/ru\/wp-json\/wp\/v2\/product"}],"about":[{"href":"https:\/\/exlibris.ee\/ru\/wp-json\/wp\/v2\/types\/product"}],"wp:featuredmedia":[{"embeddable":true,"href":"https:\/\/exlibris.ee\/ru\/wp-json\/wp\/v2\/media\/58534"}],"wp:attachment":[{"href":"https:\/\/exlibris.ee\/ru\/wp-json\/wp\/v2\/media?parent=47596"}],"wp:term":[{"taxonomy":"product_brand","embeddable":true,"href":"https:\/\/exlibris.ee\/ru\/wp-json\/wp\/v2\/product_brand?post=47596"},{"taxonomy":"product_cat","embeddable":true,"href":"https:\/\/exlibris.ee\/ru\/wp-json\/wp\/v2\/product_cat?post=47596"},{"taxonomy":"product_tag","embeddable":true,"href":"https:\/\/exlibris.ee\/ru\/wp-json\/wp\/v2\/product_tag?post=47596"},{"taxonomy":"series","embeddable":true,"href":"https:\/\/exlibris.ee\/ru\/wp-json\/wp\/v2\/series?post=47596"},{"taxonomy":"publisher","embeddable":true,"href":"https:\/\/exlibris.ee\/ru\/wp-json\/wp\/v2\/publisher?post=47596"}],"curies":[{"name":"wp","href":"https:\/\/api.w.org\/{rel}","templated":true}]}}