{"id":47604,"date":"2023-05-19T12:27:09","date_gmt":"2023-05-19T09:27:09","guid":{"rendered":"https:\/\/exlibris.ee\/toode\/grundstufen-grammatik-fur-deutsch-als-fremdsprache-pdf-download-schlussel\/"},"modified":"2026-04-23T07:44:08","modified_gmt":"2026-04-23T04:44:08","slug":"grundstufen-grammatik-fur-deutsch-als-fremdsprache-pdf-download-schlussel","status":"publish","type":"product","link":"https:\/\/exlibris.ee\/ru\/produkt\/grundstufen-grammatik-fur-deutsch-als-fremdsprache-pdf-download-schlussel\/","title":{"rendered":"Grundstufen-Grammatik f\u00fcr Deutsch als Fremdsprache  PDF-Download Schl\u00fcssel"},"content":{"rendered":"<p>Zielgruppe: Lernende der Grundstufe, die grammatisches Grundwissen wiederholen und vertiefen wollen. In der aktualisierten Ausgabe der Grundstufen-Grammatik richtet sich der Wortschatz der Erkl\u00e4rungen und \u00dcbungen nach den Vorgaben des Europ\u00e4ischen Referenzrahmens. Die farbige Zuordnung der \u00dcbungen zu den Niveaustufen erleichtert eine gezielte Wiederholung und Vertiefung der jeweiligen Grammatik und hilft bei der Vorbereitung auf die Pr\u00fcfungen der Niveaustufen A1, A2 und B1. Die optisch ansprechende Gliederung macht die Struktur des grammatischen Systems klar und transparent. Die Grammatik eignet sich durch den integrierten L\u00f6sungsschl\u00fcssel zum Selbstlernen sowie als Erg\u00e4nzung im Unterricht.<\/p>\n","protected":false},"excerpt":{"rendered":"<p>Zielgruppe: Lernende der Grundstufe, die grammatisches Grundwissen wiederholen und vertiefen wollen. In der aktualisierten Ausgabe der Grundstufen-Grammatik richtet sich der Wortschatz der Erkl\u00e4rungen und \u00dcbungen nach den Vorgaben des Europ\u00e4ischen Referenzrahmens. Die farbige Zuordnung der \u00dcbungen zu den Niveaustufen erleichtert&#8230;<\/p>\n","protected":false},"featured_media":58561,"template":"","meta":{"_acf_changed":false,"inline_featured_image":false},"product_brand":[],"product_cat":[480],"product_tag":[],"series":[{"id":1170,"name":"Grundstufen-Grammatik","slug":"grundstufen-grammatik"}],"publisher":[{"id":497,"name":"Hueber Verlag","slug":"hueber-verlag"}],"class_list":{"0":"post-47604","1":"product","2":"type-product","3":"status-publish","4":"has-post-thumbnail","6":"product_cat-grammatiken","7":"series-grundstufen-grammatik","8":"publisher-hueber-verlag","10":"first","11":"onbackorder","12":"taxable","13":"shipping-taxable","14":"purchasable","15":"product-type-simple"},"acf":[],"_links":{"self":[{"href":"https:\/\/exlibris.ee\/ru\/wp-json\/wp\/v2\/product\/47604","targetHints":{"allow":["GET"]}}],"collection":[{"href":"https:\/\/exlibris.ee\/ru\/wp-json\/wp\/v2\/product"}],"about":[{"href":"https:\/\/exlibris.ee\/ru\/wp-json\/wp\/v2\/types\/product"}],"wp:featuredmedia":[{"embeddable":true,"href":"https:\/\/exlibris.ee\/ru\/wp-json\/wp\/v2\/media\/58561"}],"wp:attachment":[{"href":"https:\/\/exlibris.ee\/ru\/wp-json\/wp\/v2\/media?parent=47604"}],"wp:term":[{"taxonomy":"product_brand","embeddable":true,"href":"https:\/\/exlibris.ee\/ru\/wp-json\/wp\/v2\/product_brand?post=47604"},{"taxonomy":"product_cat","embeddable":true,"href":"https:\/\/exlibris.ee\/ru\/wp-json\/wp\/v2\/product_cat?post=47604"},{"taxonomy":"product_tag","embeddable":true,"href":"https:\/\/exlibris.ee\/ru\/wp-json\/wp\/v2\/product_tag?post=47604"},{"taxonomy":"series","embeddable":true,"href":"https:\/\/exlibris.ee\/ru\/wp-json\/wp\/v2\/series?post=47604"},{"taxonomy":"publisher","embeddable":true,"href":"https:\/\/exlibris.ee\/ru\/wp-json\/wp\/v2\/publisher?post=47604"}],"curies":[{"name":"wp","href":"https:\/\/api.w.org\/{rel}","templated":true}]}}