{"id":47615,"date":"2023-05-19T12:27:14","date_gmt":"2023-05-19T09:27:14","guid":{"rendered":"https:\/\/exlibris.ee\/toode\/menschen-b1-berufstrainer-mit-audio-cd\/"},"modified":"2026-04-04T05:16:24","modified_gmt":"2026-04-04T02:16:24","slug":"menschen-b1-berufstrainer-mit-audio-cd","status":"publish","type":"product","link":"https:\/\/exlibris.ee\/ru\/produkt\/menschen-b1-berufstrainer-mit-audio-cd\/","title":{"rendered":"Menschen B1: Berufstrainer mit Audio-CD"},"content":{"rendered":"<p>Der Berufstrainer greift sprachliche und thematische Aspekte aus dem Kursbuch auf und \u00fcbertr\u00e4gt sie ins berufliche Umfeld. So wird neuer berufsspezifischer Wortschatz eingef\u00fchrt und ge\u00fcbt auf der Grundlage bereits bekannter Grammatikstrukturen, da die Progression an Kursbuch angepasst ist.<\/p>\n","protected":false},"excerpt":{"rendered":"<p>Der Berufstrainer greift sprachliche und thematische Aspekte aus dem Kursbuch auf und \u00fcbertr\u00e4gt sie ins berufliche Umfeld. So wird neuer berufsspezifischer Wortschatz eingef\u00fchrt und ge\u00fcbt auf der Grundlage bereits bekannter Grammatikstrukturen, da die Progression an Kursbuch angepasst ist.<\/p>\n","protected":false},"featured_media":58609,"template":"","meta":{"_acf_changed":false,"inline_featured_image":false},"product_brand":[],"product_cat":[1121],"product_tag":[],"series":[{"id":571,"name":"Menschen B1","slug":"menschen-b1"}],"publisher":[{"id":497,"name":"Hueber Verlag","slug":"hueber-verlag"}],"class_list":{"0":"post-47615","1":"product","2":"type-product","3":"status-publish","4":"has-post-thumbnail","6":"product_cat-lehrwerke-fur-jugendliche-und-erwachsene","7":"series-menschen-b1","8":"publisher-hueber-verlag","10":"first","11":"instock","12":"taxable","13":"shipping-taxable","14":"purchasable","15":"product-type-simple"},"acf":[],"_links":{"self":[{"href":"https:\/\/exlibris.ee\/ru\/wp-json\/wp\/v2\/product\/47615","targetHints":{"allow":["GET"]}}],"collection":[{"href":"https:\/\/exlibris.ee\/ru\/wp-json\/wp\/v2\/product"}],"about":[{"href":"https:\/\/exlibris.ee\/ru\/wp-json\/wp\/v2\/types\/product"}],"wp:featuredmedia":[{"embeddable":true,"href":"https:\/\/exlibris.ee\/ru\/wp-json\/wp\/v2\/media\/58609"}],"wp:attachment":[{"href":"https:\/\/exlibris.ee\/ru\/wp-json\/wp\/v2\/media?parent=47615"}],"wp:term":[{"taxonomy":"product_brand","embeddable":true,"href":"https:\/\/exlibris.ee\/ru\/wp-json\/wp\/v2\/product_brand?post=47615"},{"taxonomy":"product_cat","embeddable":true,"href":"https:\/\/exlibris.ee\/ru\/wp-json\/wp\/v2\/product_cat?post=47615"},{"taxonomy":"product_tag","embeddable":true,"href":"https:\/\/exlibris.ee\/ru\/wp-json\/wp\/v2\/product_tag?post=47615"},{"taxonomy":"series","embeddable":true,"href":"https:\/\/exlibris.ee\/ru\/wp-json\/wp\/v2\/series?post=47615"},{"taxonomy":"publisher","embeddable":true,"href":"https:\/\/exlibris.ee\/ru\/wp-json\/wp\/v2\/publisher?post=47615"}],"curies":[{"name":"wp","href":"https:\/\/api.w.org\/{rel}","templated":true}]}}