{"id":71939,"date":"2023-06-12T15:17:07","date_gmt":"2023-06-12T12:17:07","guid":{"rendered":"https:\/\/exlibris.ee\/toode\/schritte-international-5-kursbuch-arbeitsbuch-mit-audio-cd-zum-arbeitsbuch-und-interaktiven-ubungen\/"},"modified":"2026-04-14T19:20:02","modified_gmt":"2026-04-14T16:20:02","slug":"schritte-international-5-kursbuch-arbeitsbuch-mit-audio-cd-zum-arbeitsbuch-und-interaktiven-ubungen","status":"publish","type":"product","link":"https:\/\/exlibris.ee\/ru\/produkt\/schritte-international-5-kursbuch-arbeitsbuch-mit-audio-cd-zum-arbeitsbuch-und-interaktiven-ubungen\/","title":{"rendered":"Schritte international 5  Kursbuch + Arbeitsbuch mit Audio-CD zum Arbeitsbuch und interaktiven \u00dcbungen"},"content":{"rendered":"<p>Band 5 und Band 6 f\u00fchren gemeinsam zum Niveau B1 des Gemeinsamen Europ\u00e4ischen Referenzrahmens und bereiten gezielt auf die Pr\u00fcfung Zertifikat Deutsch vor. Band 6 enth\u00e4lt Wiederholungs\u00fcbungen und einen Modelltest zum Zertifikat Deutsch. Das Kursbuch mit integriertem Arbeitsbuch enth\u00e4lt auch eine Audio-CD zum Arbeitsbuchteil, so dass die Lerner selbst\u00e4ndig zu Hause auch \u00dcbungen zum H\u00f6rverst\u00e4ndnis und zur Phonetik bearbeiten k\u00f6nnen. Desweiteren enth\u00e4lt die CD interaktive Wiederholungs\u00fcbungen f\u00fcr den PC zu allen Lektionen.In Band 5 und 6 treten in der Foto-H\u00f6rgeschichte neue Protagonisten auf, die auf spannende Weise alltags- und berufsrelevante Themen wie Gesundheit, Unterhaltung, Wohnungs- und Arbeitssuche vermitteln.<\/p>\n","protected":false},"excerpt":{"rendered":"<p>Band 5 und Band 6 f\u00fchren gemeinsam zum Niveau B1 des Gemeinsamen Europ\u00e4ischen Referenzrahmens und bereiten gezielt auf die Pr\u00fcfung Zertifikat Deutsch vor. Band 6 enth\u00e4lt Wiederholungs\u00fcbungen und einen Modelltest zum Zertifikat Deutsch. Das Kursbuch mit integriertem Arbeitsbuch enth\u00e4lt auch&#8230;<\/p>\n","protected":false},"featured_media":269222,"template":"","meta":{"_acf_changed":false,"inline_featured_image":false},"product_brand":[],"product_cat":[1121],"product_tag":[],"series":[{"id":1252,"name":"Schritte international","slug":"schritte-international"}],"publisher":[{"id":497,"name":"Hueber Verlag","slug":"hueber-verlag"}],"class_list":{"0":"post-71939","1":"product","2":"type-product","3":"status-publish","4":"has-post-thumbnail","6":"product_cat-lehrwerke-fur-jugendliche-und-erwachsene","7":"series-schritte-international","8":"publisher-hueber-verlag","10":"first","11":"instock","12":"taxable","13":"shipping-taxable","14":"purchasable","15":"product-type-simple"},"acf":[],"_links":{"self":[{"href":"https:\/\/exlibris.ee\/ru\/wp-json\/wp\/v2\/product\/71939","targetHints":{"allow":["GET"]}}],"collection":[{"href":"https:\/\/exlibris.ee\/ru\/wp-json\/wp\/v2\/product"}],"about":[{"href":"https:\/\/exlibris.ee\/ru\/wp-json\/wp\/v2\/types\/product"}],"wp:featuredmedia":[{"embeddable":true,"href":"https:\/\/exlibris.ee\/ru\/wp-json\/wp\/v2\/media\/269222"}],"wp:attachment":[{"href":"https:\/\/exlibris.ee\/ru\/wp-json\/wp\/v2\/media?parent=71939"}],"wp:term":[{"taxonomy":"product_brand","embeddable":true,"href":"https:\/\/exlibris.ee\/ru\/wp-json\/wp\/v2\/product_brand?post=71939"},{"taxonomy":"product_cat","embeddable":true,"href":"https:\/\/exlibris.ee\/ru\/wp-json\/wp\/v2\/product_cat?post=71939"},{"taxonomy":"product_tag","embeddable":true,"href":"https:\/\/exlibris.ee\/ru\/wp-json\/wp\/v2\/product_tag?post=71939"},{"taxonomy":"series","embeddable":true,"href":"https:\/\/exlibris.ee\/ru\/wp-json\/wp\/v2\/series?post=71939"},{"taxonomy":"publisher","embeddable":true,"href":"https:\/\/exlibris.ee\/ru\/wp-json\/wp\/v2\/publisher?post=71939"}],"curies":[{"name":"wp","href":"https:\/\/api.w.org\/{rel}","templated":true}]}}