{"id":71946,"date":"2023-06-12T15:17:08","date_gmt":"2023-06-12T12:17:08","guid":{"rendered":"https:\/\/exlibris.ee\/toode\/schwache-verben-regelmasige-verben-des-deutschen-zum-uben-nachschlagen-buch\/"},"modified":"2026-04-23T05:40:24","modified_gmt":"2026-04-23T02:40:24","slug":"schwache-verben-regelmasige-verben-des-deutschen-zum-uben-nachschlagen-buch","status":"publish","type":"product","link":"https:\/\/exlibris.ee\/ru\/produkt\/schwache-verben-regelmasige-verben-des-deutschen-zum-uben-nachschlagen-buch\/","title":{"rendered":"Schwache Verben  Regelm\u00e4\u00dfige Verben des Deutschen zum \u00dcben &amp; Nachschlagen \/ Buch"},"content":{"rendered":"<p>Dieses \u00dcbungsbuch trainiert die wichtigsten regelm\u00e4\u00dfigen Verben der deutschen Sprache und zeigt sie in ihren verschiedenen Bedeutungsvarianten. Zahlreiche \u00dcbungen helfen, den Gebrauch zu sichern. Ein \u00dcbungsbuch f\u00fcr die Grund-, Mittel- und Oberstufe.<\/p>\n","protected":false},"excerpt":{"rendered":"<p>Dieses \u00dcbungsbuch trainiert die wichtigsten regelm\u00e4\u00dfigen Verben der deutschen Sprache und zeigt sie in ihren verschiedenen Bedeutungsvarianten. Zahlreiche \u00dcbungen helfen, den Gebrauch zu sichern. Ein \u00dcbungsbuch f\u00fcr die Grund-, Mittel- und Oberstufe.<\/p>\n","protected":false},"featured_media":423091,"template":"","meta":{"_acf_changed":false,"inline_featured_image":false},"product_brand":[],"product_cat":[480],"product_tag":[],"series":[{"id":1254,"name":"Schwache Verben","slug":"schwache-verben"}],"publisher":[{"id":497,"name":"Hueber Verlag","slug":"hueber-verlag"}],"class_list":{"0":"post-71946","1":"product","2":"type-product","3":"status-publish","4":"has-post-thumbnail","6":"product_cat-grammatiken","7":"series-schwache-verben","8":"publisher-hueber-verlag","10":"first","11":"instock","12":"taxable","13":"shipping-taxable","14":"purchasable","15":"product-type-simple"},"acf":[],"_links":{"self":[{"href":"https:\/\/exlibris.ee\/ru\/wp-json\/wp\/v2\/product\/71946","targetHints":{"allow":["GET"]}}],"collection":[{"href":"https:\/\/exlibris.ee\/ru\/wp-json\/wp\/v2\/product"}],"about":[{"href":"https:\/\/exlibris.ee\/ru\/wp-json\/wp\/v2\/types\/product"}],"wp:featuredmedia":[{"embeddable":true,"href":"https:\/\/exlibris.ee\/ru\/wp-json\/wp\/v2\/media\/423091"}],"wp:attachment":[{"href":"https:\/\/exlibris.ee\/ru\/wp-json\/wp\/v2\/media?parent=71946"}],"wp:term":[{"taxonomy":"product_brand","embeddable":true,"href":"https:\/\/exlibris.ee\/ru\/wp-json\/wp\/v2\/product_brand?post=71946"},{"taxonomy":"product_cat","embeddable":true,"href":"https:\/\/exlibris.ee\/ru\/wp-json\/wp\/v2\/product_cat?post=71946"},{"taxonomy":"product_tag","embeddable":true,"href":"https:\/\/exlibris.ee\/ru\/wp-json\/wp\/v2\/product_tag?post=71946"},{"taxonomy":"series","embeddable":true,"href":"https:\/\/exlibris.ee\/ru\/wp-json\/wp\/v2\/series?post=71946"},{"taxonomy":"publisher","embeddable":true,"href":"https:\/\/exlibris.ee\/ru\/wp-json\/wp\/v2\/publisher?post=71946"}],"curies":[{"name":"wp","href":"https:\/\/api.w.org\/{rel}","templated":true}]}}