{"id":71951,"date":"2023-06-12T15:17:08","date_gmt":"2023-06-12T12:17:08","guid":{"rendered":"https:\/\/exlibris.ee\/toode\/schritte-plus-1-kursbuch-arbeitsbuch-mit-audio-cd-zum-arbeitsbuch-und-interaktiven-ubungen\/"},"modified":"2026-04-23T05:40:31","modified_gmt":"2026-04-23T02:40:31","slug":"schritte-plus-1-kursbuch-arbeitsbuch-mit-audio-cd-zum-arbeitsbuch-und-interaktiven-ubungen","status":"publish","type":"product","link":"https:\/\/exlibris.ee\/ru\/produkt\/schritte-plus-1-kursbuch-arbeitsbuch-mit-audio-cd-zum-arbeitsbuch-und-interaktiven-ubungen\/","title":{"rendered":"Schritte plus 1  Kursbuch + Arbeitsbuch mit Audio-CD zum Arbeitsbuch und interaktiven \u00dcbungen"},"content":{"rendered":"<p>Das Lehrwerk f\u00fcr alle, die in einem deutschsprachigen Land leben oder leben m\u00f6chten \u2013 in einer neuen Bearbeitung. Was ist das Plus an Schritte plus? Sie m\u00f6chten auf die bew\u00e4hrten Teile des Erfolgslehrwerk Schritte nicht verzichten? Sie w\u00fcnschen sich ein Lehrwerk, das die Vorgaben des Rahmencurriculums des Bundesministeriums des Inneren umsetzt und auf den neuen Deutsch-Test f\u00fcr Zuwanderer vorbereitet \u2013 und dies auf eine ansprechende, interessante Art und Weise? Dann ist Schritte plus das richtige Lehrwerk f\u00fcr Sie, mit einem Plus an &#8230; &#8212; Flexibilit\u00e4t durch zus\u00e4tzliche \u201eZwischenspiele\u201c und &#171;Fokusseiten&#187; &#8212; interessanten Texten und vielf\u00e4ltiger Landeskunde &#8212; intensiver Pr\u00fcfungsvorbereitung in Pr\u00fcfungsheften zu allen wichtigen Pr\u00fcfungen &#8212; neuen Zusatzmaterialien wie einer \u00dcbungsgrammatik, Leseheften zur Foto-H\u00f6rgeschichte, Portfolioheften und berufssprachlichen Materialien Zielgruppe: Erwachsene und Jugendliche an Institutionen in einem deutschsprachigen Land; Lernende im Ausland, die sich auf das Leben (Studien- oder Arbeitsaufhalt) in einem deutschsprachigen Land vorbereiten wollen.<\/p>\n","protected":false},"excerpt":{"rendered":"<p>Das Lehrwerk f\u00fcr alle, die in einem deutschsprachigen Land leben oder leben m\u00f6chten \u2013 in einer neuen Bearbeitung. Was ist das Plus an Schritte plus? Sie m\u00f6chten auf die bew\u00e4hrten Teile des Erfolgslehrwerk Schritte nicht verzichten? Sie w\u00fcnschen sich ein&#8230;<\/p>\n","protected":false},"featured_media":423119,"template":"","meta":{"_acf_changed":false,"inline_featured_image":false},"product_brand":[],"product_cat":[897],"product_tag":[],"series":[{"id":1253,"name":"Schritte plus","slug":"schritte-plus"}],"publisher":[{"id":497,"name":"Hueber Verlag","slug":"hueber-verlag"}],"class_list":{"0":"post-71951","1":"product","2":"type-product","3":"status-publish","4":"has-post-thumbnail","6":"product_cat-keeleope-leiunurk","7":"series-schritte-plus","8":"publisher-hueber-verlag","10":"first","11":"instock","12":"taxable","13":"shipping-taxable","14":"purchasable","15":"product-type-simple"},"acf":[],"_links":{"self":[{"href":"https:\/\/exlibris.ee\/ru\/wp-json\/wp\/v2\/product\/71951","targetHints":{"allow":["GET"]}}],"collection":[{"href":"https:\/\/exlibris.ee\/ru\/wp-json\/wp\/v2\/product"}],"about":[{"href":"https:\/\/exlibris.ee\/ru\/wp-json\/wp\/v2\/types\/product"}],"wp:featuredmedia":[{"embeddable":true,"href":"https:\/\/exlibris.ee\/ru\/wp-json\/wp\/v2\/media\/423119"}],"wp:attachment":[{"href":"https:\/\/exlibris.ee\/ru\/wp-json\/wp\/v2\/media?parent=71951"}],"wp:term":[{"taxonomy":"product_brand","embeddable":true,"href":"https:\/\/exlibris.ee\/ru\/wp-json\/wp\/v2\/product_brand?post=71951"},{"taxonomy":"product_cat","embeddable":true,"href":"https:\/\/exlibris.ee\/ru\/wp-json\/wp\/v2\/product_cat?post=71951"},{"taxonomy":"product_tag","embeddable":true,"href":"https:\/\/exlibris.ee\/ru\/wp-json\/wp\/v2\/product_tag?post=71951"},{"taxonomy":"series","embeddable":true,"href":"https:\/\/exlibris.ee\/ru\/wp-json\/wp\/v2\/series?post=71951"},{"taxonomy":"publisher","embeddable":true,"href":"https:\/\/exlibris.ee\/ru\/wp-json\/wp\/v2\/publisher?post=71951"}],"curies":[{"name":"wp","href":"https:\/\/api.w.org\/{rel}","templated":true}]}}