{"id":71961,"date":"2023-06-12T15:17:09","date_gmt":"2023-06-12T12:17:09","guid":{"rendered":"https:\/\/exlibris.ee\/toode\/schritte-international-1-lehrerhandbuch\/"},"modified":"2026-04-04T21:20:57","modified_gmt":"2026-04-04T18:20:57","slug":"schritte-international-1-lehrerhandbuch","status":"publish","type":"product","link":"https:\/\/exlibris.ee\/ru\/produkt\/schritte-international-1-lehrerhandbuch\/","title":{"rendered":"Schritte international 1  Lehrerhandbuch"},"content":{"rendered":"<p>Das Lehrerhandbuch bietet ausf\u00fchrliche Hinweise zum Vorgehen im Unterricht mit methodischen Tipps und Vorschl\u00e4gen zur Binnendifferenzierung. Zahlreiche Kopiervorlagen erleichtern Ihre Unterrichtsvorbereitung: &#8212; zus\u00e4tzliche \u00dcbungen f\u00fcr den Unterricht &#8212; Tests zu jeder Lektion &#8212; Spiele und Wiederholungs\u00fcbungen nach jeder zweiten Lektion Enth\u00e4lt au\u00dferdem die Transkriptionen aller H\u00f6raufnahmen und die L\u00f6sungen zu allen Aufgaben im Kursbuch und Arbeitsbuch.<\/p>\n","protected":false},"excerpt":{"rendered":"<p>Das Lehrerhandbuch bietet ausf\u00fchrliche Hinweise zum Vorgehen im Unterricht mit methodischen Tipps und Vorschl\u00e4gen zur Binnendifferenzierung. Zahlreiche Kopiervorlagen erleichtern Ihre Unterrichtsvorbereitung: &#8212; zus\u00e4tzliche \u00dcbungen f\u00fcr den Unterricht &#8212; Tests zu jeder Lektion &#8212; Spiele und Wiederholungs\u00fcbungen nach jeder zweiten Lektion&#8230;<\/p>\n","protected":false},"featured_media":71884,"template":"","meta":{"_acf_changed":false,"inline_featured_image":false},"product_brand":[],"product_cat":[1121],"product_tag":[],"series":[{"id":1252,"name":"Schritte international","slug":"schritte-international"}],"publisher":[{"id":497,"name":"Hueber Verlag","slug":"hueber-verlag"}],"class_list":{"0":"post-71961","1":"product","2":"type-product","3":"status-publish","4":"has-post-thumbnail","6":"product_cat-lehrwerke-fur-jugendliche-und-erwachsene","7":"series-schritte-international","8":"publisher-hueber-verlag","10":"first","11":"instock","12":"taxable","13":"shipping-taxable","14":"purchasable","15":"product-type-simple"},"acf":[],"_links":{"self":[{"href":"https:\/\/exlibris.ee\/ru\/wp-json\/wp\/v2\/product\/71961","targetHints":{"allow":["GET"]}}],"collection":[{"href":"https:\/\/exlibris.ee\/ru\/wp-json\/wp\/v2\/product"}],"about":[{"href":"https:\/\/exlibris.ee\/ru\/wp-json\/wp\/v2\/types\/product"}],"wp:featuredmedia":[{"embeddable":true,"href":"https:\/\/exlibris.ee\/ru\/wp-json\/wp\/v2\/media\/71884"}],"wp:attachment":[{"href":"https:\/\/exlibris.ee\/ru\/wp-json\/wp\/v2\/media?parent=71961"}],"wp:term":[{"taxonomy":"product_brand","embeddable":true,"href":"https:\/\/exlibris.ee\/ru\/wp-json\/wp\/v2\/product_brand?post=71961"},{"taxonomy":"product_cat","embeddable":true,"href":"https:\/\/exlibris.ee\/ru\/wp-json\/wp\/v2\/product_cat?post=71961"},{"taxonomy":"product_tag","embeddable":true,"href":"https:\/\/exlibris.ee\/ru\/wp-json\/wp\/v2\/product_tag?post=71961"},{"taxonomy":"series","embeddable":true,"href":"https:\/\/exlibris.ee\/ru\/wp-json\/wp\/v2\/series?post=71961"},{"taxonomy":"publisher","embeddable":true,"href":"https:\/\/exlibris.ee\/ru\/wp-json\/wp\/v2\/publisher?post=71961"}],"curies":[{"name":"wp","href":"https:\/\/api.w.org\/{rel}","templated":true}]}}