{"id":72534,"date":"2023-06-12T15:18:02","date_gmt":"2023-06-12T12:18:02","guid":{"rendered":"https:\/\/exlibris.ee\/toode\/schritte-plus-alpha-kompakt-ausgabe-fur-jugendliche-kursbuch\/"},"modified":"2026-04-07T03:31:21","modified_gmt":"2026-04-07T00:31:21","slug":"schritte-plus-alpha-kompakt-ausgabe-fur-jugendliche-kursbuch","status":"publish","type":"product","link":"https:\/\/exlibris.ee\/ru\/produkt\/schritte-plus-alpha-kompakt-ausgabe-fur-jugendliche-kursbuch\/","title":{"rendered":"Schritte plus Alpha kompakt &#8212; Ausgabe f\u00fcr Jugendliche  Kursbuch"},"content":{"rendered":"<p>Schritte plus Alpha kompakt: Der Kompaktkurs Alphabetisierung insbesondere f\u00fcr Zweitschriftlernende, die schnell in einen reinen Sprachkurs wechseln m\u00f6chten &#8212; Kompaktausgabe von Schritte plus Alpha 1 und 2 in einem Band &#8212; Lernstoff in gek\u00fcrzter Form und mit angepasster Progression &#8212; vereint auf bew\u00e4hrte Weise Sprach- und Alphabetisierungsunterricht &#8212; f\u00fchrt in kleinen Schritten an den Umgang mit Deutsch-als Zweitsprache-Lehrwerken heran &#8212; im Anschluss kann mit Schritte plus Alpha 3 (Wortbildung) oder direkt mit Erste Schritte plus Neu Einstiegskurs weitergearbeitet werden &#8212; neu mit vierfacher Schreiblinie im \u00dcbungsteil &#8212; inklusive kostenloser App, mit der die H\u00f6rtexte auf dem Smartphone abgerufen werden k\u00f6nnen &#8212; kostenlos im Lehrwerkservice: Lehrerhandreichungen, Wiederholungsseiten und Bildk\u00e4rtchen als PDF-Downloads sowie die H\u00f6rtexte als MP3-Download.<\/p>\n","protected":false},"excerpt":{"rendered":"<p>Schritte plus Alpha kompakt: Der Kompaktkurs Alphabetisierung insbesondere f\u00fcr Zweitschriftlernende, die schnell in einen reinen Sprachkurs wechseln m\u00f6chten &#8212; Kompaktausgabe von Schritte plus Alpha 1 und 2 in einem Band &#8212; Lernstoff in gek\u00fcrzter Form und mit angepasster Progression &#8212;&#8230;<\/p>\n","protected":false},"featured_media":72000,"template":"","meta":{"_acf_changed":false,"inline_featured_image":false},"product_brand":[],"product_cat":[477],"product_tag":[],"series":[{"id":1256,"name":"Schritte plus Alpha","slug":"schritte-plus-alpha"}],"publisher":[{"id":497,"name":"Hueber Verlag","slug":"hueber-verlag"}],"class_list":{"0":"post-72534","1":"product","2":"type-product","3":"status-publish","4":"has-post-thumbnail","6":"product_cat-lehrwerke-fur-jugendliche","7":"series-schritte-plus-alpha","8":"publisher-hueber-verlag","10":"first","11":"instock","12":"taxable","13":"shipping-taxable","14":"purchasable","15":"product-type-simple"},"acf":[],"_links":{"self":[{"href":"https:\/\/exlibris.ee\/ru\/wp-json\/wp\/v2\/product\/72534","targetHints":{"allow":["GET"]}}],"collection":[{"href":"https:\/\/exlibris.ee\/ru\/wp-json\/wp\/v2\/product"}],"about":[{"href":"https:\/\/exlibris.ee\/ru\/wp-json\/wp\/v2\/types\/product"}],"wp:featuredmedia":[{"embeddable":true,"href":"https:\/\/exlibris.ee\/ru\/wp-json\/wp\/v2\/media\/72000"}],"wp:attachment":[{"href":"https:\/\/exlibris.ee\/ru\/wp-json\/wp\/v2\/media?parent=72534"}],"wp:term":[{"taxonomy":"product_brand","embeddable":true,"href":"https:\/\/exlibris.ee\/ru\/wp-json\/wp\/v2\/product_brand?post=72534"},{"taxonomy":"product_cat","embeddable":true,"href":"https:\/\/exlibris.ee\/ru\/wp-json\/wp\/v2\/product_cat?post=72534"},{"taxonomy":"product_tag","embeddable":true,"href":"https:\/\/exlibris.ee\/ru\/wp-json\/wp\/v2\/product_tag?post=72534"},{"taxonomy":"series","embeddable":true,"href":"https:\/\/exlibris.ee\/ru\/wp-json\/wp\/v2\/series?post=72534"},{"taxonomy":"publisher","embeddable":true,"href":"https:\/\/exlibris.ee\/ru\/wp-json\/wp\/v2\/publisher?post=72534"}],"curies":[{"name":"wp","href":"https:\/\/api.w.org\/{rel}","templated":true}]}}