{"id":72535,"date":"2023-06-12T15:18:02","date_gmt":"2023-06-12T12:18:02","guid":{"rendered":"https:\/\/exlibris.ee\/toode\/schritte-plus-neu-prufungsheft-start-deutsch-1-mit-audio-cd\/"},"modified":"2026-04-07T03:31:25","modified_gmt":"2026-04-07T00:31:25","slug":"schritte-plus-neu-prufungsheft-start-deutsch-1-mit-audio-cd","status":"publish","type":"product","link":"https:\/\/exlibris.ee\/ru\/produkt\/schritte-plus-neu-prufungsheft-start-deutsch-1-mit-audio-cd\/","title":{"rendered":"Schritte plus Neu  Pr\u00fcfungsheft Start Deutsch 1 mit Audio-CD"},"content":{"rendered":"<p>Mit diesem Pr\u00fcfungsheft k\u00f6nnen Lernende &#8212; feststellen, was in der Pr\u00fcfung Start Deutsch 1 verlangt wird. &#8212; sich selbst testen und ihren Leistungsstand einsch\u00e4tzen. &#8212; sich mithilfe von Tipps gezielt auf die Pr\u00fcfung vorbereiten.<\/p>\n","protected":false},"excerpt":{"rendered":"<p>Mit diesem Pr\u00fcfungsheft k\u00f6nnen Lernende &#8212; feststellen, was in der Pr\u00fcfung Start Deutsch 1 verlangt wird. &#8212; sich selbst testen und ihren Leistungsstand einsch\u00e4tzen. &#8212; sich mithilfe von Tipps gezielt auf die Pr\u00fcfung vorbereiten.<\/p>\n","protected":false},"featured_media":72093,"template":"","meta":{"_acf_changed":false,"inline_featured_image":false},"product_brand":[],"product_cat":[1121],"product_tag":[],"series":[{"id":1257,"name":"Schritte plus Neu","slug":"schritte-plus-neu"}],"publisher":[{"id":497,"name":"Hueber Verlag","slug":"hueber-verlag"}],"class_list":{"0":"post-72535","1":"product","2":"type-product","3":"status-publish","4":"has-post-thumbnail","6":"product_cat-lehrwerke-fur-jugendliche-und-erwachsene","7":"series-schritte-plus-neu","8":"publisher-hueber-verlag","10":"first","11":"instock","12":"taxable","13":"shipping-taxable","14":"purchasable","15":"product-type-simple"},"acf":[],"_links":{"self":[{"href":"https:\/\/exlibris.ee\/ru\/wp-json\/wp\/v2\/product\/72535","targetHints":{"allow":["GET"]}}],"collection":[{"href":"https:\/\/exlibris.ee\/ru\/wp-json\/wp\/v2\/product"}],"about":[{"href":"https:\/\/exlibris.ee\/ru\/wp-json\/wp\/v2\/types\/product"}],"wp:featuredmedia":[{"embeddable":true,"href":"https:\/\/exlibris.ee\/ru\/wp-json\/wp\/v2\/media\/72093"}],"wp:attachment":[{"href":"https:\/\/exlibris.ee\/ru\/wp-json\/wp\/v2\/media?parent=72535"}],"wp:term":[{"taxonomy":"product_brand","embeddable":true,"href":"https:\/\/exlibris.ee\/ru\/wp-json\/wp\/v2\/product_brand?post=72535"},{"taxonomy":"product_cat","embeddable":true,"href":"https:\/\/exlibris.ee\/ru\/wp-json\/wp\/v2\/product_cat?post=72535"},{"taxonomy":"product_tag","embeddable":true,"href":"https:\/\/exlibris.ee\/ru\/wp-json\/wp\/v2\/product_tag?post=72535"},{"taxonomy":"series","embeddable":true,"href":"https:\/\/exlibris.ee\/ru\/wp-json\/wp\/v2\/series?post=72535"},{"taxonomy":"publisher","embeddable":true,"href":"https:\/\/exlibris.ee\/ru\/wp-json\/wp\/v2\/publisher?post=72535"}],"curies":[{"name":"wp","href":"https:\/\/api.w.org\/{rel}","templated":true}]}}