{"id":72536,"date":"2023-06-12T15:18:02","date_gmt":"2023-06-12T12:18:02","guid":{"rendered":"https:\/\/exlibris.ee\/toode\/schritte-plus-neu-prufungsheft-deutsch-test-fur-zuwanderer-mit-audio-cd\/"},"modified":"2026-04-05T15:28:41","modified_gmt":"2026-04-05T12:28:41","slug":"schritte-plus-neu-prufungsheft-deutsch-test-fur-zuwanderer-mit-audio-cd","status":"publish","type":"product","link":"https:\/\/exlibris.ee\/ru\/produkt\/schritte-plus-neu-prufungsheft-deutsch-test-fur-zuwanderer-mit-audio-cd\/","title":{"rendered":"Schritte plus Neu  Pr\u00fcfungsheft Deutsch-Test f\u00fcr Zuwanderer mit Audio-CD"},"content":{"rendered":"<p>Das Trainingsheft macht mit den Inhalten und dem Format der Pr\u00fcfung vertraut und gibt authentisches \u00dcbungsmaterial an die Hand. Die Lernenden k\u00f6nnen sich selbst testen und ihren Leistungsstand einsch\u00e4tzen sowie sich mit Hilfe von Tipps gezielt auf den Deutsch-Test f\u00fcr Zuwanderer vorbereiten. Der Band enth\u00e4lt eine Audio-CD mit H\u00f6rtexten, die Transkriptionen sowie einen integrierten L\u00f6sungsschl\u00fcssel, sodass das Pr\u00fcfungstraining sowohl erg\u00e4nzend im Unterricht als auch zum Selbststudium eingesetzt werden kann.<\/p>\n","protected":false},"excerpt":{"rendered":"<p>Das Trainingsheft macht mit den Inhalten und dem Format der Pr\u00fcfung vertraut und gibt authentisches \u00dcbungsmaterial an die Hand. Die Lernenden k\u00f6nnen sich selbst testen und ihren Leistungsstand einsch\u00e4tzen sowie sich mit Hilfe von Tipps gezielt auf den Deutsch-Test f\u00fcr&#8230;<\/p>\n","protected":false},"featured_media":72096,"template":"","meta":{"_acf_changed":false,"inline_featured_image":false},"product_brand":[],"product_cat":[1121],"product_tag":[],"series":[{"id":1257,"name":"Schritte plus Neu","slug":"schritte-plus-neu"}],"publisher":[{"id":497,"name":"Hueber Verlag","slug":"hueber-verlag"}],"class_list":{"0":"post-72536","1":"product","2":"type-product","3":"status-publish","4":"has-post-thumbnail","6":"product_cat-lehrwerke-fur-jugendliche-und-erwachsene","7":"series-schritte-plus-neu","8":"publisher-hueber-verlag","10":"first","11":"instock","12":"taxable","13":"shipping-taxable","14":"purchasable","15":"product-type-simple"},"acf":[],"_links":{"self":[{"href":"https:\/\/exlibris.ee\/ru\/wp-json\/wp\/v2\/product\/72536","targetHints":{"allow":["GET"]}}],"collection":[{"href":"https:\/\/exlibris.ee\/ru\/wp-json\/wp\/v2\/product"}],"about":[{"href":"https:\/\/exlibris.ee\/ru\/wp-json\/wp\/v2\/types\/product"}],"wp:featuredmedia":[{"embeddable":true,"href":"https:\/\/exlibris.ee\/ru\/wp-json\/wp\/v2\/media\/72096"}],"wp:attachment":[{"href":"https:\/\/exlibris.ee\/ru\/wp-json\/wp\/v2\/media?parent=72536"}],"wp:term":[{"taxonomy":"product_brand","embeddable":true,"href":"https:\/\/exlibris.ee\/ru\/wp-json\/wp\/v2\/product_brand?post=72536"},{"taxonomy":"product_cat","embeddable":true,"href":"https:\/\/exlibris.ee\/ru\/wp-json\/wp\/v2\/product_cat?post=72536"},{"taxonomy":"product_tag","embeddable":true,"href":"https:\/\/exlibris.ee\/ru\/wp-json\/wp\/v2\/product_tag?post=72536"},{"taxonomy":"series","embeddable":true,"href":"https:\/\/exlibris.ee\/ru\/wp-json\/wp\/v2\/series?post=72536"},{"taxonomy":"publisher","embeddable":true,"href":"https:\/\/exlibris.ee\/ru\/wp-json\/wp\/v2\/publisher?post=72536"}],"curies":[{"name":"wp","href":"https:\/\/api.w.org\/{rel}","templated":true}]}}