{"id":72557,"date":"2023-06-12T15:18:04","date_gmt":"2023-06-12T12:18:04","guid":{"rendered":"https:\/\/exlibris.ee\/toode\/schritte-plus-5-lehrerhandbuch\/"},"modified":"2026-04-04T03:17:58","modified_gmt":"2026-04-04T00:17:58","slug":"schritte-plus-5-lehrerhandbuch","status":"publish","type":"product","link":"https:\/\/exlibris.ee\/ru\/produkt\/schritte-plus-5-lehrerhandbuch\/","title":{"rendered":"Schritte plus 5  Lehrerhandbuch"},"content":{"rendered":"<p>Das Lehrerhandbuch enth\u00e4lt: &#8212; eine detaillierte Einf\u00fchrung in die Konzeption des Lehrwerks und zu seinen einzelnen Bestandtteilen &#8212; praktische Tipps f\u00fcr den Unterricht mit Schritte plus &#8212; Hinweise auf weiterf\u00fchrendes \u00dcbungsmaterial &#8212; methodisch-didaktische Hinweise zu jeder Kursbuchseite, methodische Tipps und Spielvorschl\u00e4ge sowie zahlreiche Vorschl\u00e4ge zur Binnendifferenzierung, Kopiervorlagen mit Spielen und zus\u00e4tzlichen \u00dcbungen &#8212; methodisch-didaktische Hinweise zu den Rubriken Phonetik, Lerntagebuch, Grammatik entdecken und den Pr\u00fcfungsaufgaben im Arbeitsbuch &#8212; Didaktisierungsvorschl\u00e4ge zu den Zwischenspiel- und Fokus-Seiten mit zus\u00e4tzlichen Kopiervorlagen und Projektideen &#8212; einen Test zu jeder Lektion, Wiederholungsseiten zu jeweils zwei Lektionen &#8212; landeskundliche Informationen \u00fcber Deutschland &#8212; alle L\u00f6sungen zu den Aufgaben in Kurs- und Arbeitsbuch &#8212; alle Transkripte der H\u00f6rtexte aus dem Kurs- und Arbeitsbuch.<\/p>\n","protected":false},"excerpt":{"rendered":"<p>Das Lehrerhandbuch enth\u00e4lt: &#8212; eine detaillierte Einf\u00fchrung in die Konzeption des Lehrwerks und zu seinen einzelnen Bestandtteilen &#8212; praktische Tipps f\u00fcr den Unterricht mit Schritte plus &#8212; Hinweise auf weiterf\u00fchrendes \u00dcbungsmaterial &#8212; methodisch-didaktische Hinweise zu jeder Kursbuchseite, methodische Tipps und&#8230;<\/p>\n","protected":false},"featured_media":72294,"template":"","meta":{"_acf_changed":false,"inline_featured_image":false},"product_brand":[],"product_cat":[1121],"product_tag":[],"series":[{"id":1253,"name":"Schritte plus","slug":"schritte-plus"}],"publisher":[{"id":497,"name":"Hueber Verlag","slug":"hueber-verlag"}],"class_list":{"0":"post-72557","1":"product","2":"type-product","3":"status-publish","4":"has-post-thumbnail","6":"product_cat-lehrwerke-fur-jugendliche-und-erwachsene","7":"series-schritte-plus","8":"publisher-hueber-verlag","10":"first","11":"onbackorder","12":"taxable","13":"shipping-taxable","14":"purchasable","15":"product-type-simple"},"acf":[],"_links":{"self":[{"href":"https:\/\/exlibris.ee\/ru\/wp-json\/wp\/v2\/product\/72557","targetHints":{"allow":["GET"]}}],"collection":[{"href":"https:\/\/exlibris.ee\/ru\/wp-json\/wp\/v2\/product"}],"about":[{"href":"https:\/\/exlibris.ee\/ru\/wp-json\/wp\/v2\/types\/product"}],"wp:featuredmedia":[{"embeddable":true,"href":"https:\/\/exlibris.ee\/ru\/wp-json\/wp\/v2\/media\/72294"}],"wp:attachment":[{"href":"https:\/\/exlibris.ee\/ru\/wp-json\/wp\/v2\/media?parent=72557"}],"wp:term":[{"taxonomy":"product_brand","embeddable":true,"href":"https:\/\/exlibris.ee\/ru\/wp-json\/wp\/v2\/product_brand?post=72557"},{"taxonomy":"product_cat","embeddable":true,"href":"https:\/\/exlibris.ee\/ru\/wp-json\/wp\/v2\/product_cat?post=72557"},{"taxonomy":"product_tag","embeddable":true,"href":"https:\/\/exlibris.ee\/ru\/wp-json\/wp\/v2\/product_tag?post=72557"},{"taxonomy":"series","embeddable":true,"href":"https:\/\/exlibris.ee\/ru\/wp-json\/wp\/v2\/series?post=72557"},{"taxonomy":"publisher","embeddable":true,"href":"https:\/\/exlibris.ee\/ru\/wp-json\/wp\/v2\/publisher?post=72557"}],"curies":[{"name":"wp","href":"https:\/\/api.w.org\/{rel}","templated":true}]}}