{"id":72559,"date":"2023-06-12T15:18:04","date_gmt":"2023-06-12T12:18:04","guid":{"rendered":"https:\/\/exlibris.ee\/toode\/schritte-international-neu-56-deutschprufung-fur-erwachsene-prufungsheft-zertifikat-b1-interaktive-version\/"},"modified":"2026-04-24T01:44:19","modified_gmt":"2026-04-23T22:44:19","slug":"schritte-international-neu-56-deutschprufung-fur-erwachsene-prufungsheft-zertifikat-b1-interaktive-version","status":"publish","type":"product","link":"https:\/\/exlibris.ee\/ru\/produkt\/schritte-international-neu-56-deutschprufung-fur-erwachsene-prufungsheft-zertifikat-b1-interaktive-version\/","title":{"rendered":"Schritte international Neu 5+6  Deutschpr\u00fcfung f\u00fcr Erwachsene \/ Pr\u00fcfungsheft Zertifikat B1 \u2013 Interaktive Version"},"content":{"rendered":"<p>Pr\u00fcfungsheft zur Pr\u00fcfung Zertifikat B1, Deutschpr\u00fcfung f\u00fcr Erwachsene Zu jedem Subtext gibt es ein Beispiel, dar\u00fcber hinaus gibt es eine Pr\u00fcfungsbeschreibung sowie Tipps zum L\u00f6sen der Pr\u00fcfungsaufgaben. Die Audiodateien sind in der interaktiven Version integriert.<\/p>\n","protected":false},"excerpt":{"rendered":"<p>Pr\u00fcfungsheft zur Pr\u00fcfung Zertifikat B1, Deutschpr\u00fcfung f\u00fcr Erwachsene Zu jedem Subtext gibt es ein Beispiel, dar\u00fcber hinaus gibt es eine Pr\u00fcfungsbeschreibung sowie Tipps zum L\u00f6sen der Pr\u00fcfungsaufgaben. Die Audiodateien sind in der interaktiven Version integriert.<\/p>\n","protected":false},"featured_media":440032,"template":"","meta":{"_acf_changed":false,"inline_featured_image":false},"product_brand":[],"product_cat":[1121],"product_tag":[],"series":[{"id":1258,"name":"Schritte international Neu","slug":"schritte-international-neu"}],"publisher":[{"id":497,"name":"Hueber Verlag","slug":"hueber-verlag"}],"class_list":{"0":"post-72559","1":"product","2":"type-product","3":"status-publish","4":"has-post-thumbnail","6":"product_cat-lehrwerke-fur-jugendliche-und-erwachsene","7":"series-schritte-international-neu","8":"publisher-hueber-verlag","10":"first","11":"onbackorder","12":"taxable","13":"shipping-taxable","14":"purchasable","15":"product-type-simple"},"acf":[],"_links":{"self":[{"href":"https:\/\/exlibris.ee\/ru\/wp-json\/wp\/v2\/product\/72559","targetHints":{"allow":["GET"]}}],"collection":[{"href":"https:\/\/exlibris.ee\/ru\/wp-json\/wp\/v2\/product"}],"about":[{"href":"https:\/\/exlibris.ee\/ru\/wp-json\/wp\/v2\/types\/product"}],"wp:featuredmedia":[{"embeddable":true,"href":"https:\/\/exlibris.ee\/ru\/wp-json\/wp\/v2\/media\/440032"}],"wp:attachment":[{"href":"https:\/\/exlibris.ee\/ru\/wp-json\/wp\/v2\/media?parent=72559"}],"wp:term":[{"taxonomy":"product_brand","embeddable":true,"href":"https:\/\/exlibris.ee\/ru\/wp-json\/wp\/v2\/product_brand?post=72559"},{"taxonomy":"product_cat","embeddable":true,"href":"https:\/\/exlibris.ee\/ru\/wp-json\/wp\/v2\/product_cat?post=72559"},{"taxonomy":"product_tag","embeddable":true,"href":"https:\/\/exlibris.ee\/ru\/wp-json\/wp\/v2\/product_tag?post=72559"},{"taxonomy":"series","embeddable":true,"href":"https:\/\/exlibris.ee\/ru\/wp-json\/wp\/v2\/series?post=72559"},{"taxonomy":"publisher","embeddable":true,"href":"https:\/\/exlibris.ee\/ru\/wp-json\/wp\/v2\/publisher?post=72559"}],"curies":[{"name":"wp","href":"https:\/\/api.w.org\/{rel}","templated":true}]}}