{"id":73132,"date":"2023-06-12T15:19:00","date_gmt":"2023-06-12T12:19:00","guid":{"rendered":"https:\/\/exlibris.ee\/toode\/schritte-plus-neu-12-medienpaket\/"},"modified":"2026-04-05T15:31:33","modified_gmt":"2026-04-05T12:31:33","slug":"schritte-plus-neu-12-medienpaket","status":"publish","type":"product","link":"https:\/\/exlibris.ee\/ru\/produkt\/schritte-plus-neu-12-medienpaket\/","title":{"rendered":"Schritte plus Neu 1+2  Medienpaket"},"content":{"rendered":"<p>Das Medienpaket zu den B\u00e4nden Schritte plus Neu 1+2 (Niveaustufe A1) enth\u00e4lt 1 DVD mit allen Filmen und Slide-Shows zu den Kursb\u00fcchern und 5 Audio-CDs mit dem kompletten H\u00f6rmaterial zu den Kursb\u00fcchern. Das Medienpaket passt sowohl zur drei- als auch zur sechsb\u00e4ndigen Ausgabe von Schritte plus Neu.<\/p>\n","protected":false},"excerpt":{"rendered":"<p>Das Medienpaket zu den B\u00e4nden Schritte plus Neu 1+2 (Niveaustufe A1) enth\u00e4lt 1 DVD mit allen Filmen und Slide-Shows zu den Kursb\u00fcchern und 5 Audio-CDs mit dem kompletten H\u00f6rmaterial zu den Kursb\u00fcchern. Das Medienpaket passt sowohl zur drei- als auch&#8230;<\/p>\n","protected":false},"featured_media":72857,"template":"","meta":{"_acf_changed":false,"inline_featured_image":false},"product_brand":[],"product_cat":[1121],"product_tag":[],"series":[{"id":1257,"name":"Schritte plus Neu","slug":"schritte-plus-neu"}],"publisher":[{"id":497,"name":"Hueber Verlag","slug":"hueber-verlag"}],"class_list":{"0":"post-73132","1":"product","2":"type-product","3":"status-publish","4":"has-post-thumbnail","6":"product_cat-lehrwerke-fur-jugendliche-und-erwachsene","7":"series-schritte-plus-neu","8":"publisher-hueber-verlag","10":"first","11":"onbackorder","12":"taxable","13":"shipping-taxable","14":"purchasable","15":"product-type-simple"},"acf":[],"_links":{"self":[{"href":"https:\/\/exlibris.ee\/ru\/wp-json\/wp\/v2\/product\/73132","targetHints":{"allow":["GET"]}}],"collection":[{"href":"https:\/\/exlibris.ee\/ru\/wp-json\/wp\/v2\/product"}],"about":[{"href":"https:\/\/exlibris.ee\/ru\/wp-json\/wp\/v2\/types\/product"}],"wp:featuredmedia":[{"embeddable":true,"href":"https:\/\/exlibris.ee\/ru\/wp-json\/wp\/v2\/media\/72857"}],"wp:attachment":[{"href":"https:\/\/exlibris.ee\/ru\/wp-json\/wp\/v2\/media?parent=73132"}],"wp:term":[{"taxonomy":"product_brand","embeddable":true,"href":"https:\/\/exlibris.ee\/ru\/wp-json\/wp\/v2\/product_brand?post=73132"},{"taxonomy":"product_cat","embeddable":true,"href":"https:\/\/exlibris.ee\/ru\/wp-json\/wp\/v2\/product_cat?post=73132"},{"taxonomy":"product_tag","embeddable":true,"href":"https:\/\/exlibris.ee\/ru\/wp-json\/wp\/v2\/product_tag?post=73132"},{"taxonomy":"series","embeddable":true,"href":"https:\/\/exlibris.ee\/ru\/wp-json\/wp\/v2\/series?post=73132"},{"taxonomy":"publisher","embeddable":true,"href":"https:\/\/exlibris.ee\/ru\/wp-json\/wp\/v2\/publisher?post=73132"}],"curies":[{"name":"wp","href":"https:\/\/api.w.org\/{rel}","templated":true}]}}