{"id":73137,"date":"2023-06-12T15:19:00","date_gmt":"2023-06-12T12:19:00","guid":{"rendered":"https:\/\/exlibris.ee\/toode\/schritte-plus-alpha-neu-deutsch-im-alpha-kurs-schreibschriftheft\/"},"modified":"2026-04-07T21:23:55","modified_gmt":"2026-04-07T18:23:55","slug":"schritte-plus-alpha-neu-deutsch-im-alpha-kurs-schreibschriftheft","status":"publish","type":"product","link":"https:\/\/exlibris.ee\/ru\/produkt\/schritte-plus-alpha-neu-deutsch-im-alpha-kurs-schreibschriftheft\/","title":{"rendered":"Schritte plus Alpha Neu  Deutsch im Alpha-Kurs \/ Schreibschriftheft"},"content":{"rendered":"<p>Zielgruppe: Teilnehmer:innen an Alphabetisierungskursen im In- und Ausland: prim\u00e4re und funktionale Analphabet:innen sowie Zweitschriftlernende Das Schreibschriftheft Schritte plus Alpha Neu eignet sich zum Einsatz im Unterricht, als Zusatzmaterial oder zum Selbstlernen: \u2022 die Lernenden werden in Schulausgangsschrift Buchstabe f\u00fcr Buchstabe zur fl\u00fcssigen Schreibschrift gef\u00fchrt \u2022 kleinschrittiges Erarbeiten und \u00dcben der Schreibschrift \u2022 viel Platz f\u00fcr Schreib\u00fcbungen \u2022 klare Arbeitsanweisungen und \u00fcbersichtliche Strukturen erm\u00f6glichen ein selbstst\u00e4ndiges und individuelles Arbeiten \u2022 geeignet f\u00fcr Lernende, die die Druckbuchstaben bereits gelernt haben.<\/p>\n","protected":false},"excerpt":{"rendered":"<p>Zielgruppe: Teilnehmer:innen an Alphabetisierungskursen im In- und Ausland: prim\u00e4re und funktionale Analphabet:innen sowie Zweitschriftlernende Das Schreibschriftheft Schritte plus Alpha Neu eignet sich zum Einsatz im Unterricht, als Zusatzmaterial oder zum Selbstlernen: \u2022 die Lernenden werden in Schulausgangsschrift Buchstabe f\u00fcr Buchstabe&#8230;<\/p>\n","protected":false},"featured_media":72878,"template":"","meta":{"_acf_changed":false,"inline_featured_image":false},"product_brand":[],"product_cat":[477],"product_tag":[],"series":[{"id":1259,"name":"Schritte plus Alpha Neu","slug":"schritte-plus-alpha-neu"}],"publisher":[{"id":497,"name":"Hueber Verlag","slug":"hueber-verlag"}],"class_list":{"0":"post-73137","1":"product","2":"type-product","3":"status-publish","4":"has-post-thumbnail","6":"product_cat-lehrwerke-fur-jugendliche","7":"series-schritte-plus-alpha-neu","8":"publisher-hueber-verlag","10":"first","11":"onbackorder","12":"taxable","13":"shipping-taxable","14":"purchasable","15":"product-type-simple"},"acf":[],"_links":{"self":[{"href":"https:\/\/exlibris.ee\/ru\/wp-json\/wp\/v2\/product\/73137","targetHints":{"allow":["GET"]}}],"collection":[{"href":"https:\/\/exlibris.ee\/ru\/wp-json\/wp\/v2\/product"}],"about":[{"href":"https:\/\/exlibris.ee\/ru\/wp-json\/wp\/v2\/types\/product"}],"wp:featuredmedia":[{"embeddable":true,"href":"https:\/\/exlibris.ee\/ru\/wp-json\/wp\/v2\/media\/72878"}],"wp:attachment":[{"href":"https:\/\/exlibris.ee\/ru\/wp-json\/wp\/v2\/media?parent=73137"}],"wp:term":[{"taxonomy":"product_brand","embeddable":true,"href":"https:\/\/exlibris.ee\/ru\/wp-json\/wp\/v2\/product_brand?post=73137"},{"taxonomy":"product_cat","embeddable":true,"href":"https:\/\/exlibris.ee\/ru\/wp-json\/wp\/v2\/product_cat?post=73137"},{"taxonomy":"product_tag","embeddable":true,"href":"https:\/\/exlibris.ee\/ru\/wp-json\/wp\/v2\/product_tag?post=73137"},{"taxonomy":"series","embeddable":true,"href":"https:\/\/exlibris.ee\/ru\/wp-json\/wp\/v2\/series?post=73137"},{"taxonomy":"publisher","embeddable":true,"href":"https:\/\/exlibris.ee\/ru\/wp-json\/wp\/v2\/publisher?post=73137"}],"curies":[{"name":"wp","href":"https:\/\/api.w.org\/{rel}","templated":true}]}}