{"id":73148,"date":"2023-06-12T15:19:01","date_gmt":"2023-06-12T12:19:01","guid":{"rendered":"https:\/\/exlibris.ee\/toode\/schritt-fur-schritt-zum-dtz-medienpaket\/"},"modified":"2026-04-20T09:39:47","modified_gmt":"2026-04-20T06:39:47","slug":"schritt-fur-schritt-zum-dtz-medienpaket","status":"publish","type":"product","link":"https:\/\/exlibris.ee\/ru\/produkt\/schritt-fur-schritt-zum-dtz-medienpaket\/","title":{"rendered":"Schritt f\u00fcr Schritt zum DTZ  Medienpaket"},"content":{"rendered":"<p>Medienpaket mit 3 Audio-CDs, die alle H\u00f6rtexte des Kurs- und Arbeitsbuches enthalten Schritt f\u00fcr Schritt zum DTZ ist speziell f\u00fcr lese- und schreibunge\u00fcbte Erwachsene und junge Erwachsene in Integrationskursen in einem deutschsprachigen Land konzipiert. Es greift die f\u00fcr Zuwanderer relevanten Themen aus dem deutschsprachigen Alltag auf und f\u00fchrt zum Deutsch-Test f\u00fcr Zuwanderer (Stufe A2\u2013B1). Das Lehrwerk r\u00fcckt die Bed\u00fcrfnisse von Lese- und Schreibunge\u00fcbten in den Fokus: &#8212; \u00fcberschaubare Lernportionen &#8212; kleinschrittiges Vorgehen mit vielen Wiederholungssequenzen &#8212; Reduzierung des Lernstoffs auf das Wesentliche &#8212; ein luftiges und \u00fcbersichtliches Layout und viele Aufgaben, die das Schreiben \u00fcben &#8212; hohe Identifikationsm\u00f6glichkeit durch zielgruppenrelevante Themen &#8212; mehrkanaliges Lernen Schritt f\u00fcr Schritt zum DTZ basiert auf dem erfolgreichen und vielfach erprobten Schritte-Konzept. Dieses wurde unter Ber\u00fccksichtigung von Erfahrungen aus der Praxis f\u00fcr die Zielgruppe perfektioniert.<\/p>\n","protected":false},"excerpt":{"rendered":"<p>Medienpaket mit 3 Audio-CDs, die alle H\u00f6rtexte des Kurs- und Arbeitsbuches enthalten Schritt f\u00fcr Schritt zum DTZ ist speziell f\u00fcr lese- und schreibunge\u00fcbte Erwachsene und junge Erwachsene in Integrationskursen in einem deutschsprachigen Land konzipiert. Es greift die f\u00fcr Zuwanderer relevanten&#8230;<\/p>\n","protected":false},"featured_media":372557,"template":"","meta":{"_acf_changed":false,"inline_featured_image":false},"product_brand":[],"product_cat":[538],"product_tag":[],"series":[{"id":1260,"name":"Schritt f\u00fcr Schritt","slug":"schritt-fur-schritt"}],"publisher":[{"id":497,"name":"Hueber Verlag","slug":"hueber-verlag"}],"class_list":{"0":"post-73148","1":"product","2":"type-product","3":"status-publish","4":"has-post-thumbnail","6":"product_cat-lehrwerke-fur-erwachsene","7":"series-schritt-fur-schritt","8":"publisher-hueber-verlag","10":"first","11":"onbackorder","12":"taxable","13":"shipping-taxable","14":"purchasable","15":"product-type-simple"},"acf":[],"_links":{"self":[{"href":"https:\/\/exlibris.ee\/ru\/wp-json\/wp\/v2\/product\/73148","targetHints":{"allow":["GET"]}}],"collection":[{"href":"https:\/\/exlibris.ee\/ru\/wp-json\/wp\/v2\/product"}],"about":[{"href":"https:\/\/exlibris.ee\/ru\/wp-json\/wp\/v2\/types\/product"}],"wp:featuredmedia":[{"embeddable":true,"href":"https:\/\/exlibris.ee\/ru\/wp-json\/wp\/v2\/media\/372557"}],"wp:attachment":[{"href":"https:\/\/exlibris.ee\/ru\/wp-json\/wp\/v2\/media?parent=73148"}],"wp:term":[{"taxonomy":"product_brand","embeddable":true,"href":"https:\/\/exlibris.ee\/ru\/wp-json\/wp\/v2\/product_brand?post=73148"},{"taxonomy":"product_cat","embeddable":true,"href":"https:\/\/exlibris.ee\/ru\/wp-json\/wp\/v2\/product_cat?post=73148"},{"taxonomy":"product_tag","embeddable":true,"href":"https:\/\/exlibris.ee\/ru\/wp-json\/wp\/v2\/product_tag?post=73148"},{"taxonomy":"series","embeddable":true,"href":"https:\/\/exlibris.ee\/ru\/wp-json\/wp\/v2\/series?post=73148"},{"taxonomy":"publisher","embeddable":true,"href":"https:\/\/exlibris.ee\/ru\/wp-json\/wp\/v2\/publisher?post=73148"}],"curies":[{"name":"wp","href":"https:\/\/api.w.org\/{rel}","templated":true}]}}