{"id":73715,"date":"2023-06-12T15:19:54","date_gmt":"2023-06-12T12:19:54","guid":{"rendered":"https:\/\/exlibris.ee\/toode\/schritt-fur-schritt-zum-dtz-digitale-ausgabe-digitalisiertes-kurs-und-arbeitsbuch-mit-integrierten-audiodateien\/"},"modified":"2026-04-20T09:39:48","modified_gmt":"2026-04-20T06:39:48","slug":"schritt-fur-schritt-zum-dtz-digitale-ausgabe-digitalisiertes-kurs-und-arbeitsbuch-mit-integrierten-audiodateien","status":"publish","type":"product","link":"https:\/\/exlibris.ee\/ru\/produkt\/schritt-fur-schritt-zum-dtz-digitale-ausgabe-digitalisiertes-kurs-und-arbeitsbuch-mit-integrierten-audiodateien\/","title":{"rendered":"Schritt f\u00fcr Schritt zum DTZ \u2013 Digitale Ausgabe  Digitalisiertes Kurs- und Arbeitsbuch mit integrierten Audiodateien"},"content":{"rendered":"<p>F\u00fcr lese- und schreibunge\u00fcbte Erwachsene und junge Erwachsene in einem deutschsprachigen Land in Integrationskursen. Greift die f\u00fcr Zuwanderer relevanten Themen aus dem deutschsprachigen Alltag auf und f\u00fchrt zum Deutsch-Test f\u00fcr Zuwanderer.<\/p>\n","protected":false},"excerpt":{"rendered":"<p>F\u00fcr lese- und schreibunge\u00fcbte Erwachsene und junge Erwachsene in einem deutschsprachigen Land in Integrationskursen. Greift die f\u00fcr Zuwanderer relevanten Themen aus dem deutschsprachigen Alltag auf und f\u00fchrt zum Deutsch-Test f\u00fcr Zuwanderer.<\/p>\n","protected":false},"featured_media":372568,"template":"","meta":{"_acf_changed":false,"inline_featured_image":false},"product_brand":[],"product_cat":[538],"product_tag":[],"series":[{"id":1260,"name":"Schritt f\u00fcr Schritt","slug":"schritt-fur-schritt"}],"publisher":[{"id":497,"name":"Hueber Verlag","slug":"hueber-verlag"}],"class_list":{"0":"post-73715","1":"product","2":"type-product","3":"status-publish","4":"has-post-thumbnail","6":"product_cat-lehrwerke-fur-erwachsene","7":"series-schritt-fur-schritt","8":"publisher-hueber-verlag","10":"first","11":"onbackorder","12":"taxable","13":"shipping-taxable","14":"purchasable","15":"product-type-simple"},"acf":[],"_links":{"self":[{"href":"https:\/\/exlibris.ee\/ru\/wp-json\/wp\/v2\/product\/73715","targetHints":{"allow":["GET"]}}],"collection":[{"href":"https:\/\/exlibris.ee\/ru\/wp-json\/wp\/v2\/product"}],"about":[{"href":"https:\/\/exlibris.ee\/ru\/wp-json\/wp\/v2\/types\/product"}],"wp:featuredmedia":[{"embeddable":true,"href":"https:\/\/exlibris.ee\/ru\/wp-json\/wp\/v2\/media\/372568"}],"wp:attachment":[{"href":"https:\/\/exlibris.ee\/ru\/wp-json\/wp\/v2\/media?parent=73715"}],"wp:term":[{"taxonomy":"product_brand","embeddable":true,"href":"https:\/\/exlibris.ee\/ru\/wp-json\/wp\/v2\/product_brand?post=73715"},{"taxonomy":"product_cat","embeddable":true,"href":"https:\/\/exlibris.ee\/ru\/wp-json\/wp\/v2\/product_cat?post=73715"},{"taxonomy":"product_tag","embeddable":true,"href":"https:\/\/exlibris.ee\/ru\/wp-json\/wp\/v2\/product_tag?post=73715"},{"taxonomy":"series","embeddable":true,"href":"https:\/\/exlibris.ee\/ru\/wp-json\/wp\/v2\/series?post=73715"},{"taxonomy":"publisher","embeddable":true,"href":"https:\/\/exlibris.ee\/ru\/wp-json\/wp\/v2\/publisher?post=73715"}],"curies":[{"name":"wp","href":"https:\/\/api.w.org\/{rel}","templated":true}]}}