{"id":73722,"date":"2023-06-12T15:19:55","date_gmt":"2023-06-12T12:19:55","guid":{"rendered":"https:\/\/exlibris.ee\/toode\/schritte-plus-56-intensivtrainer-mit-audio-cd-zu-band-5-und-6\/"},"modified":"2026-04-04T03:20:05","modified_gmt":"2026-04-04T00:20:05","slug":"schritte-plus-56-intensivtrainer-mit-audio-cd-zu-band-5-und-6","status":"publish","type":"product","link":"https:\/\/exlibris.ee\/ru\/produkt\/schritte-plus-56-intensivtrainer-mit-audio-cd-zu-band-5-und-6\/","title":{"rendered":"Schritte plus 5+6  Intensivtrainer mit Audio-CD zu Band 5 und 6"},"content":{"rendered":"<p>Der Intensivtrainer ist eine Verbindung aus Testheft und \u00dcbungsbuch f\u00fcr das selbstst\u00e4ndige Lernen zu Hause. Durch das Punktesystem und die Auswertung am Ende jeder Lektion erh\u00e4lt der Lerner die M\u00f6glichkeit zur Selbstevaluation und kann mithilfe des integrierten L\u00f6sungsschl\u00fcssels sich selbst korrigieren. Die \u00dcbungen auf dem Niveau B1 sind thematisch an die betreffende Lektion in Schritte plus 5 und 6 angebunden. Zu jeder Lektion gibt es auf f\u00fcnf Seiten \u00dcbungen sowie Lerntipps zu den Bereichen Grammatik, Wortschatz, H\u00f6ren, Lesen, Sprechen und Schreiben. Zus\u00e4tzlich bietet die Rubrik &#171;Pause&#187; mit vergn\u00fcglichen \u00dcbungsvorschl\u00e4gen (Lieder, Comics und R\u00e4tsel) unterhaltsame Begegnungen mit der neuen Sprache. Die integrierte Audio-CD enth\u00e4lt die H\u00f6rtexte.<\/p>\n","protected":false},"excerpt":{"rendered":"<p>Der Intensivtrainer ist eine Verbindung aus Testheft und \u00dcbungsbuch f\u00fcr das selbstst\u00e4ndige Lernen zu Hause. Durch das Punktesystem und die Auswertung am Ende jeder Lektion erh\u00e4lt der Lerner die M\u00f6glichkeit zur Selbstevaluation und kann mithilfe des integrierten L\u00f6sungsschl\u00fcssels sich selbst&#8230;<\/p>\n","protected":false},"featured_media":73307,"template":"","meta":{"_acf_changed":false,"inline_featured_image":false},"product_brand":[],"product_cat":[1121],"product_tag":[],"series":[{"id":1253,"name":"Schritte plus","slug":"schritte-plus"}],"publisher":[{"id":497,"name":"Hueber Verlag","slug":"hueber-verlag"}],"class_list":{"0":"post-73722","1":"product","2":"type-product","3":"status-publish","4":"has-post-thumbnail","6":"product_cat-lehrwerke-fur-jugendliche-und-erwachsene","7":"series-schritte-plus","8":"publisher-hueber-verlag","10":"first","11":"onbackorder","12":"taxable","13":"shipping-taxable","14":"purchasable","15":"product-type-simple"},"acf":[],"_links":{"self":[{"href":"https:\/\/exlibris.ee\/ru\/wp-json\/wp\/v2\/product\/73722","targetHints":{"allow":["GET"]}}],"collection":[{"href":"https:\/\/exlibris.ee\/ru\/wp-json\/wp\/v2\/product"}],"about":[{"href":"https:\/\/exlibris.ee\/ru\/wp-json\/wp\/v2\/types\/product"}],"wp:featuredmedia":[{"embeddable":true,"href":"https:\/\/exlibris.ee\/ru\/wp-json\/wp\/v2\/media\/73307"}],"wp:attachment":[{"href":"https:\/\/exlibris.ee\/ru\/wp-json\/wp\/v2\/media?parent=73722"}],"wp:term":[{"taxonomy":"product_brand","embeddable":true,"href":"https:\/\/exlibris.ee\/ru\/wp-json\/wp\/v2\/product_brand?post=73722"},{"taxonomy":"product_cat","embeddable":true,"href":"https:\/\/exlibris.ee\/ru\/wp-json\/wp\/v2\/product_cat?post=73722"},{"taxonomy":"product_tag","embeddable":true,"href":"https:\/\/exlibris.ee\/ru\/wp-json\/wp\/v2\/product_tag?post=73722"},{"taxonomy":"series","embeddable":true,"href":"https:\/\/exlibris.ee\/ru\/wp-json\/wp\/v2\/series?post=73722"},{"taxonomy":"publisher","embeddable":true,"href":"https:\/\/exlibris.ee\/ru\/wp-json\/wp\/v2\/publisher?post=73722"}],"curies":[{"name":"wp","href":"https:\/\/api.w.org\/{rel}","templated":true}]}}