{"id":73730,"date":"2023-06-12T15:19:56","date_gmt":"2023-06-12T12:19:56","guid":{"rendered":"https:\/\/exlibris.ee\/toode\/schritte-plus-neu-34-materialien-fur-berufsbildende-schulen-kopiervorlagen\/"},"modified":"2026-04-13T05:36:19","modified_gmt":"2026-04-13T02:36:19","slug":"schritte-plus-neu-34-materialien-fur-berufsbildende-schulen-kopiervorlagen","status":"publish","type":"product","link":"https:\/\/exlibris.ee\/ru\/produkt\/schritte-plus-neu-34-materialien-fur-berufsbildende-schulen-kopiervorlagen\/","title":{"rendered":"Schritte plus Neu 3+4  Materialien f\u00fcr berufsbildende Schulen \u2013 Kopiervorlagen"},"content":{"rendered":"<p>Zusatzmaterialien zu Schritte plus Neu 1 \u2013 4 f\u00fcr Berufsintegrationsklassen &#8212; alle Lernziele der g\u00e4ngigen Richtlinien und Curricula f\u00fcr solche Klassen in den einzelnen Bundesl\u00e4ndern werden zusammen mit dem Lehrwerk abgedeckt &#8212; Buch mit perforierten Kopiervorlagen.<\/p>\n","protected":false},"excerpt":{"rendered":"<p>Zusatzmaterialien zu Schritte plus Neu 1 \u2013 4 f\u00fcr Berufsintegrationsklassen &#8212; alle Lernziele der g\u00e4ngigen Richtlinien und Curricula f\u00fcr solche Klassen in den einzelnen Bundesl\u00e4ndern werden zusammen mit dem Lehrwerk abgedeckt &#8212; Buch mit perforierten Kopiervorlagen.<\/p>\n","protected":false},"featured_media":236095,"template":"","meta":{"_acf_changed":false,"inline_featured_image":false},"product_brand":[],"product_cat":[1121],"product_tag":[],"series":[{"id":1257,"name":"Schritte plus Neu","slug":"schritte-plus-neu"}],"publisher":[{"id":497,"name":"Hueber Verlag","slug":"hueber-verlag"}],"class_list":{"0":"post-73730","1":"product","2":"type-product","3":"status-publish","4":"has-post-thumbnail","6":"product_cat-lehrwerke-fur-jugendliche-und-erwachsene","7":"series-schritte-plus-neu","8":"publisher-hueber-verlag","10":"first","11":"instock","12":"taxable","13":"shipping-taxable","14":"purchasable","15":"product-type-simple"},"acf":[],"_links":{"self":[{"href":"https:\/\/exlibris.ee\/ru\/wp-json\/wp\/v2\/product\/73730","targetHints":{"allow":["GET"]}}],"collection":[{"href":"https:\/\/exlibris.ee\/ru\/wp-json\/wp\/v2\/product"}],"about":[{"href":"https:\/\/exlibris.ee\/ru\/wp-json\/wp\/v2\/types\/product"}],"wp:featuredmedia":[{"embeddable":true,"href":"https:\/\/exlibris.ee\/ru\/wp-json\/wp\/v2\/media\/236095"}],"wp:attachment":[{"href":"https:\/\/exlibris.ee\/ru\/wp-json\/wp\/v2\/media?parent=73730"}],"wp:term":[{"taxonomy":"product_brand","embeddable":true,"href":"https:\/\/exlibris.ee\/ru\/wp-json\/wp\/v2\/product_brand?post=73730"},{"taxonomy":"product_cat","embeddable":true,"href":"https:\/\/exlibris.ee\/ru\/wp-json\/wp\/v2\/product_cat?post=73730"},{"taxonomy":"product_tag","embeddable":true,"href":"https:\/\/exlibris.ee\/ru\/wp-json\/wp\/v2\/product_tag?post=73730"},{"taxonomy":"series","embeddable":true,"href":"https:\/\/exlibris.ee\/ru\/wp-json\/wp\/v2\/series?post=73730"},{"taxonomy":"publisher","embeddable":true,"href":"https:\/\/exlibris.ee\/ru\/wp-json\/wp\/v2\/publisher?post=73730"}],"curies":[{"name":"wp","href":"https:\/\/api.w.org\/{rel}","templated":true}]}}