{"id":73736,"date":"2023-06-12T15:19:56","date_gmt":"2023-06-12T12:19:56","guid":{"rendered":"https:\/\/exlibris.ee\/toode\/schritte-plus-alpha-3-kursbuch-mit-audio-cd\/"},"modified":"2026-04-05T15:35:04","modified_gmt":"2026-04-05T12:35:04","slug":"schritte-plus-alpha-3-kursbuch-mit-audio-cd","status":"publish","type":"product","link":"https:\/\/exlibris.ee\/ru\/produkt\/schritte-plus-alpha-3-kursbuch-mit-audio-cd\/","title":{"rendered":"Schritte plus Alpha 3  Kursbuch mit Audio-CD"},"content":{"rendered":"<p>Zielgruppe: Teilnehmerinnen und Teilnehmer an Alphabetisierungskursen im In- und Ausland: prim\u00e4re und funktionale Analphabeten sowie Zweitschriftlerner. In Alphabetisierungskursen zu unterrichten, ist eine echte Herausforderung: Unsere neuen Alpha-Materialien bieten Ihnen dabei optimale Unterst\u00fctzung! Schritte plus Alpha bedeutet &#171;&#187;Deutschunterricht + Alphabetisierung&#187;&#187;: Das umfangreiche Lern- und Lehrmaterial entspricht damit dem integrativen Konzept des Bundesamts f\u00fcr Migration und Fl\u00fcchtlinge und unterst\u00fctzt Sie dabei, Sprach- und Alphabetisierungsunterricht miteinander zu vereinbaren.<\/p>\n","protected":false},"excerpt":{"rendered":"<p>Zielgruppe: Teilnehmerinnen und Teilnehmer an Alphabetisierungskursen im In- und Ausland: prim\u00e4re und funktionale Analphabeten sowie Zweitschriftlerner. In Alphabetisierungskursen zu unterrichten, ist eine echte Herausforderung: Unsere neuen Alpha-Materialien bieten Ihnen dabei optimale Unterst\u00fctzung! Schritte plus Alpha bedeutet &#171;&#187;Deutschunterricht + Alphabetisierung&#187;&#187;: Das&#8230;<\/p>\n","protected":false},"featured_media":73706,"template":"","meta":{"_acf_changed":false,"inline_featured_image":false},"product_brand":[],"product_cat":[477],"product_tag":[],"series":[{"id":1256,"name":"Schritte plus Alpha","slug":"schritte-plus-alpha"}],"publisher":[{"id":497,"name":"Hueber Verlag","slug":"hueber-verlag"}],"class_list":{"0":"post-73736","1":"product","2":"type-product","3":"status-publish","4":"has-post-thumbnail","6":"product_cat-lehrwerke-fur-jugendliche","7":"series-schritte-plus-alpha","8":"publisher-hueber-verlag","10":"first","11":"instock","12":"taxable","13":"shipping-taxable","14":"purchasable","15":"product-type-simple"},"acf":[],"_links":{"self":[{"href":"https:\/\/exlibris.ee\/ru\/wp-json\/wp\/v2\/product\/73736","targetHints":{"allow":["GET"]}}],"collection":[{"href":"https:\/\/exlibris.ee\/ru\/wp-json\/wp\/v2\/product"}],"about":[{"href":"https:\/\/exlibris.ee\/ru\/wp-json\/wp\/v2\/types\/product"}],"wp:featuredmedia":[{"embeddable":true,"href":"https:\/\/exlibris.ee\/ru\/wp-json\/wp\/v2\/media\/73706"}],"wp:attachment":[{"href":"https:\/\/exlibris.ee\/ru\/wp-json\/wp\/v2\/media?parent=73736"}],"wp:term":[{"taxonomy":"product_brand","embeddable":true,"href":"https:\/\/exlibris.ee\/ru\/wp-json\/wp\/v2\/product_brand?post=73736"},{"taxonomy":"product_cat","embeddable":true,"href":"https:\/\/exlibris.ee\/ru\/wp-json\/wp\/v2\/product_cat?post=73736"},{"taxonomy":"product_tag","embeddable":true,"href":"https:\/\/exlibris.ee\/ru\/wp-json\/wp\/v2\/product_tag?post=73736"},{"taxonomy":"series","embeddable":true,"href":"https:\/\/exlibris.ee\/ru\/wp-json\/wp\/v2\/series?post=73736"},{"taxonomy":"publisher","embeddable":true,"href":"https:\/\/exlibris.ee\/ru\/wp-json\/wp\/v2\/publisher?post=73736"}],"curies":[{"name":"wp","href":"https:\/\/api.w.org\/{rel}","templated":true}]}}