{"id":74306,"date":"2023-06-12T15:20:52","date_gmt":"2023-06-12T12:20:52","guid":{"rendered":"https:\/\/exlibris.ee\/toode\/schritte-international-neu-5-lehrerhandbuch\/"},"modified":"2026-04-04T03:22:00","modified_gmt":"2026-04-04T00:22:00","slug":"schritte-international-neu-5-lehrerhandbuch","status":"publish","type":"product","link":"https:\/\/exlibris.ee\/ru\/produkt\/schritte-international-neu-5-lehrerhandbuch\/","title":{"rendered":"Schritte international Neu 5  Lehrerhandbuch"},"content":{"rendered":"<p>ausf\u00fchrliche Tipps und Vorschl\u00e4ge zur Binnendifferenzierung &#8212; zahlreiche Kopiervorlagen &#8212; Tests zu jeder Lektion &#8212; zus\u00e4tzliche \u00dcbungen &#8212; L\u00f6sungen aller Aufgaben &#8212; Transkriptionen aller H\u00f6rtexte &#8212; landeskundliche Hintergrundinformationen.<\/p>\n","protected":false},"excerpt":{"rendered":"<p>ausf\u00fchrliche Tipps und Vorschl\u00e4ge zur Binnendifferenzierung &#8212; zahlreiche Kopiervorlagen &#8212; Tests zu jeder Lektion &#8212; zus\u00e4tzliche \u00dcbungen &#8212; L\u00f6sungen aller Aufgaben &#8212; Transkriptionen aller H\u00f6rtexte &#8212; landeskundliche Hintergrundinformationen.<\/p>\n","protected":false},"featured_media":73789,"template":"","meta":{"_acf_changed":false,"inline_featured_image":false},"product_brand":[],"product_cat":[1121],"product_tag":[],"series":[{"id":1258,"name":"Schritte international Neu","slug":"schritte-international-neu"}],"publisher":[{"id":497,"name":"Hueber Verlag","slug":"hueber-verlag"}],"class_list":{"0":"post-74306","1":"product","2":"type-product","3":"status-publish","4":"has-post-thumbnail","6":"product_cat-lehrwerke-fur-jugendliche-und-erwachsene","7":"series-schritte-international-neu","8":"publisher-hueber-verlag","10":"first","11":"onbackorder","12":"taxable","13":"shipping-taxable","14":"purchasable","15":"product-type-simple"},"acf":[],"_links":{"self":[{"href":"https:\/\/exlibris.ee\/ru\/wp-json\/wp\/v2\/product\/74306","targetHints":{"allow":["GET"]}}],"collection":[{"href":"https:\/\/exlibris.ee\/ru\/wp-json\/wp\/v2\/product"}],"about":[{"href":"https:\/\/exlibris.ee\/ru\/wp-json\/wp\/v2\/types\/product"}],"wp:featuredmedia":[{"embeddable":true,"href":"https:\/\/exlibris.ee\/ru\/wp-json\/wp\/v2\/media\/73789"}],"wp:attachment":[{"href":"https:\/\/exlibris.ee\/ru\/wp-json\/wp\/v2\/media?parent=74306"}],"wp:term":[{"taxonomy":"product_brand","embeddable":true,"href":"https:\/\/exlibris.ee\/ru\/wp-json\/wp\/v2\/product_brand?post=74306"},{"taxonomy":"product_cat","embeddable":true,"href":"https:\/\/exlibris.ee\/ru\/wp-json\/wp\/v2\/product_cat?post=74306"},{"taxonomy":"product_tag","embeddable":true,"href":"https:\/\/exlibris.ee\/ru\/wp-json\/wp\/v2\/product_tag?post=74306"},{"taxonomy":"series","embeddable":true,"href":"https:\/\/exlibris.ee\/ru\/wp-json\/wp\/v2\/series?post=74306"},{"taxonomy":"publisher","embeddable":true,"href":"https:\/\/exlibris.ee\/ru\/wp-json\/wp\/v2\/publisher?post=74306"}],"curies":[{"name":"wp","href":"https:\/\/api.w.org\/{rel}","templated":true}]}}