{"id":74320,"date":"2023-06-12T15:20:53","date_gmt":"2023-06-12T12:20:53","guid":{"rendered":"https:\/\/exlibris.ee\/toode\/schritte-plus-neu-12-spielesammlung\/"},"modified":"2026-04-05T15:35:10","modified_gmt":"2026-04-05T12:35:10","slug":"schritte-plus-neu-12-spielesammlung","status":"publish","type":"product","link":"https:\/\/exlibris.ee\/ru\/produkt\/schritte-plus-neu-12-spielesammlung\/","title":{"rendered":"Schritte plus Neu 1+2  Spielesammlung"},"content":{"rendered":"<p>Verschiedene Spiele zur Wiederholung, Vertiefung und Erg\u00e4nzung des Stoffs aus Schritte plus NEU. &#8212; Die Spiele sind an die Progression von Schritte plus Neu angepasst, k\u00f6nnen aber auch lehrwerkunabh\u00e4ngig eingesetzt werden. &#8212; Einfache Erkl\u00e4rungen &#8212; Leicht herzustellendes Material f\u00fcr den KL &#8212; Lernende k\u00f6nnen sich mithilfe des L\u00f6sungsschl\u00fcssels (auf der Kartenr\u00fcckseite) selbst korrigieren.<\/p>\n","protected":false},"excerpt":{"rendered":"<p>Verschiedene Spiele zur Wiederholung, Vertiefung und Erg\u00e4nzung des Stoffs aus Schritte plus NEU. &#8212; Die Spiele sind an die Progression von Schritte plus Neu angepasst, k\u00f6nnen aber auch lehrwerkunabh\u00e4ngig eingesetzt werden. &#8212; Einfache Erkl\u00e4rungen &#8212; Leicht herzustellendes Material f\u00fcr den&#8230;<\/p>\n","protected":false},"featured_media":73960,"template":"","meta":{"_acf_changed":false,"inline_featured_image":false},"product_brand":[],"product_cat":[1121],"product_tag":[],"series":[{"id":1257,"name":"Schritte plus Neu","slug":"schritte-plus-neu"}],"publisher":[{"id":497,"name":"Hueber Verlag","slug":"hueber-verlag"}],"class_list":{"0":"post-74320","1":"product","2":"type-product","3":"status-publish","4":"has-post-thumbnail","6":"product_cat-lehrwerke-fur-jugendliche-und-erwachsene","7":"series-schritte-plus-neu","8":"publisher-hueber-verlag","10":"first","11":"instock","12":"taxable","13":"shipping-taxable","14":"purchasable","15":"product-type-simple"},"acf":[],"_links":{"self":[{"href":"https:\/\/exlibris.ee\/ru\/wp-json\/wp\/v2\/product\/74320","targetHints":{"allow":["GET"]}}],"collection":[{"href":"https:\/\/exlibris.ee\/ru\/wp-json\/wp\/v2\/product"}],"about":[{"href":"https:\/\/exlibris.ee\/ru\/wp-json\/wp\/v2\/types\/product"}],"wp:featuredmedia":[{"embeddable":true,"href":"https:\/\/exlibris.ee\/ru\/wp-json\/wp\/v2\/media\/73960"}],"wp:attachment":[{"href":"https:\/\/exlibris.ee\/ru\/wp-json\/wp\/v2\/media?parent=74320"}],"wp:term":[{"taxonomy":"product_brand","embeddable":true,"href":"https:\/\/exlibris.ee\/ru\/wp-json\/wp\/v2\/product_brand?post=74320"},{"taxonomy":"product_cat","embeddable":true,"href":"https:\/\/exlibris.ee\/ru\/wp-json\/wp\/v2\/product_cat?post=74320"},{"taxonomy":"product_tag","embeddable":true,"href":"https:\/\/exlibris.ee\/ru\/wp-json\/wp\/v2\/product_tag?post=74320"},{"taxonomy":"series","embeddable":true,"href":"https:\/\/exlibris.ee\/ru\/wp-json\/wp\/v2\/series?post=74320"},{"taxonomy":"publisher","embeddable":true,"href":"https:\/\/exlibris.ee\/ru\/wp-json\/wp\/v2\/publisher?post=74320"}],"curies":[{"name":"wp","href":"https:\/\/api.w.org\/{rel}","templated":true}]}}