{"id":74882,"date":"2023-06-12T15:21:44","date_gmt":"2023-06-12T12:21:44","guid":{"rendered":"https:\/\/exlibris.ee\/toode\/schritte-neu-ubungsgrammatik-interaktive-version\/"},"modified":"2026-04-26T12:12:40","modified_gmt":"2026-04-26T09:12:40","slug":"schritte-neu-ubungsgrammatik-interaktive-version","status":"publish","type":"product","link":"https:\/\/exlibris.ee\/ru\/produkt\/schritte-neu-ubungsgrammatik-interaktive-version\/","title":{"rendered":"Schritte Neu  \u00dcbungsgrammatik &#8212; Interaktive Version"},"content":{"rendered":"<p>die ideale Erg\u00e4nzung zu Schritte plus Neu und Schritte international Neu &#8212; auch lehrwerksunabh\u00e4ngig einsetzbar &#8212; \u00dcberblick \u00fcber grundlegende Grammatikph\u00e4nomene des Deutschen &#8212; Doppelseitenprinzip: links einpr\u00e4gsame Einstiegssituation und einfache Erkl\u00e4rungen der Grammatikstrukturen und Regeln, rechts vielf\u00e4ltiges \u00dcbungsangebot &#8212; mit integriertem L\u00f6sungsschl\u00fcssel &#8212; geeignet f\u00fcr den Einsatz im Unterricht und das Selbststudium zu Hause &#8212; mit integrierten Audiodateien.<\/p>\n","protected":false},"excerpt":{"rendered":"<p>die ideale Erg\u00e4nzung zu Schritte plus Neu und Schritte international Neu &#8212; auch lehrwerksunabh\u00e4ngig einsetzbar &#8212; \u00dcberblick \u00fcber grundlegende Grammatikph\u00e4nomene des Deutschen &#8212; Doppelseitenprinzip: links einpr\u00e4gsame Einstiegssituation und einfache Erkl\u00e4rungen der Grammatikstrukturen und Regeln, rechts vielf\u00e4ltiges \u00dcbungsangebot &#8212; mit integriertem&#8230;<\/p>\n","protected":false},"featured_media":490730,"template":"","meta":{"_acf_changed":false,"inline_featured_image":false},"product_brand":[],"product_cat":[480],"product_tag":[],"series":[{"id":1255,"name":"Schritte neu Grammatik","slug":"schritte-neu-grammatik"}],"publisher":[{"id":497,"name":"Hueber Verlag","slug":"hueber-verlag"}],"class_list":{"0":"post-74882","1":"product","2":"type-product","3":"status-publish","4":"has-post-thumbnail","6":"product_cat-grammatiken","7":"series-schritte-neu-grammatik","8":"publisher-hueber-verlag","10":"first","11":"onbackorder","12":"taxable","13":"shipping-taxable","14":"purchasable","15":"product-type-simple"},"acf":[],"_links":{"self":[{"href":"https:\/\/exlibris.ee\/ru\/wp-json\/wp\/v2\/product\/74882","targetHints":{"allow":["GET"]}}],"collection":[{"href":"https:\/\/exlibris.ee\/ru\/wp-json\/wp\/v2\/product"}],"about":[{"href":"https:\/\/exlibris.ee\/ru\/wp-json\/wp\/v2\/types\/product"}],"wp:featuredmedia":[{"embeddable":true,"href":"https:\/\/exlibris.ee\/ru\/wp-json\/wp\/v2\/media\/490730"}],"wp:attachment":[{"href":"https:\/\/exlibris.ee\/ru\/wp-json\/wp\/v2\/media?parent=74882"}],"wp:term":[{"taxonomy":"product_brand","embeddable":true,"href":"https:\/\/exlibris.ee\/ru\/wp-json\/wp\/v2\/product_brand?post=74882"},{"taxonomy":"product_cat","embeddable":true,"href":"https:\/\/exlibris.ee\/ru\/wp-json\/wp\/v2\/product_cat?post=74882"},{"taxonomy":"product_tag","embeddable":true,"href":"https:\/\/exlibris.ee\/ru\/wp-json\/wp\/v2\/product_tag?post=74882"},{"taxonomy":"series","embeddable":true,"href":"https:\/\/exlibris.ee\/ru\/wp-json\/wp\/v2\/series?post=74882"},{"taxonomy":"publisher","embeddable":true,"href":"https:\/\/exlibris.ee\/ru\/wp-json\/wp\/v2\/publisher?post=74882"}],"curies":[{"name":"wp","href":"https:\/\/api.w.org\/{rel}","templated":true}]}}