{"id":74885,"date":"2023-06-12T15:21:45","date_gmt":"2023-06-12T12:21:45","guid":{"rendered":"https:\/\/exlibris.ee\/toode\/schritte-plus-neu-5-kursbuch-und-arbeitsbuch-mit-audios-online\/"},"modified":"2026-04-06T09:15:38","modified_gmt":"2026-04-06T06:15:38","slug":"schritte-plus-neu-5-kursbuch-und-arbeitsbuch-mit-audios-online","status":"publish","type":"product","link":"https:\/\/exlibris.ee\/ru\/produkt\/schritte-plus-neu-5-kursbuch-und-arbeitsbuch-mit-audios-online\/","title":{"rendered":"Schritte plus Neu 5  Kursbuch und Arbeitsbuch mit Audios online"},"content":{"rendered":"<p>Kurs- und Arbeitsbuch der sechsb\u00e4ndigen Ausgabe mit Audios online Lehrwerk, das die Vorgaben des Rahmencurriculums f\u00fcr Integrationskurse des Bundesamts f\u00fcr Migration und Fl\u00fcchtlinge umsetzt und auf den neuen Deutsch-Test f\u00fcr Zuwanderer vorbereitet. &#171;Perfektionierung&#187; eines bew\u00e4hrten Lehrwerks mithilfe von R\u00fcckmeldungen von Kursleitern und Beratern: &#8212; Erfolgreiches, vielfach erprobtes und gepr\u00fcftes Konzept &#8212; Hoher emotionaler Faktor durch Foto-H\u00f6rgeschichte (neu mit Film-Clips) &#8212; Perfekte Vorbereitung f\u00fcr Alltag &amp; Beruf &#8212; Zahlreiche Angebote zur Binnendifferenzierung &#8212; Doppelseite zu Grammatik und Kommunikation &#8212; Transparenter, zeitgem\u00e4\u00dfer Medienverbund \u2013 mehrkanaliges Lernen &#8212; Umfassender Lehrwerkservice \u2013 kostenlose Unterrichtspl\u00e4ne im Netz &#8212; Perfekt abgestimmt auf die Bed\u00fcrfnisse von Kursleitern und Teilnehmern in Integrationskursen Mit der kostenlosen App Hueber Media k\u00f6nnen Sie die Audios und Videos auf dem Smartphone abspielen \u2013 wo immer Sie m\u00f6chten. \u00dcberall und zu jeder Zeit. Im Unterricht, in der Pause, im Bus oder zu Hause.<\/p>\n","protected":false},"excerpt":{"rendered":"<p>Kurs- und Arbeitsbuch der sechsb\u00e4ndigen Ausgabe mit Audios online Lehrwerk, das die Vorgaben des Rahmencurriculums f\u00fcr Integrationskurse des Bundesamts f\u00fcr Migration und Fl\u00fcchtlinge umsetzt und auf den neuen Deutsch-Test f\u00fcr Zuwanderer vorbereitet. &#171;Perfektionierung&#187; eines bew\u00e4hrten Lehrwerks mithilfe von R\u00fcckmeldungen von&#8230;<\/p>\n","protected":false},"featured_media":74438,"template":"","meta":{"_acf_changed":false,"inline_featured_image":false},"product_brand":[],"product_cat":[1121],"product_tag":[],"series":[{"id":1257,"name":"Schritte plus Neu","slug":"schritte-plus-neu"}],"publisher":[{"id":497,"name":"Hueber Verlag","slug":"hueber-verlag"}],"class_list":{"0":"post-74885","1":"product","2":"type-product","3":"status-publish","4":"has-post-thumbnail","6":"product_cat-lehrwerke-fur-jugendliche-und-erwachsene","7":"series-schritte-plus-neu","8":"publisher-hueber-verlag","10":"first","11":"onbackorder","12":"taxable","13":"shipping-taxable","14":"purchasable","15":"product-type-simple"},"acf":[],"_links":{"self":[{"href":"https:\/\/exlibris.ee\/ru\/wp-json\/wp\/v2\/product\/74885","targetHints":{"allow":["GET"]}}],"collection":[{"href":"https:\/\/exlibris.ee\/ru\/wp-json\/wp\/v2\/product"}],"about":[{"href":"https:\/\/exlibris.ee\/ru\/wp-json\/wp\/v2\/types\/product"}],"wp:featuredmedia":[{"embeddable":true,"href":"https:\/\/exlibris.ee\/ru\/wp-json\/wp\/v2\/media\/74438"}],"wp:attachment":[{"href":"https:\/\/exlibris.ee\/ru\/wp-json\/wp\/v2\/media?parent=74885"}],"wp:term":[{"taxonomy":"product_brand","embeddable":true,"href":"https:\/\/exlibris.ee\/ru\/wp-json\/wp\/v2\/product_brand?post=74885"},{"taxonomy":"product_cat","embeddable":true,"href":"https:\/\/exlibris.ee\/ru\/wp-json\/wp\/v2\/product_cat?post=74885"},{"taxonomy":"product_tag","embeddable":true,"href":"https:\/\/exlibris.ee\/ru\/wp-json\/wp\/v2\/product_tag?post=74885"},{"taxonomy":"series","embeddable":true,"href":"https:\/\/exlibris.ee\/ru\/wp-json\/wp\/v2\/series?post=74885"},{"taxonomy":"publisher","embeddable":true,"href":"https:\/\/exlibris.ee\/ru\/wp-json\/wp\/v2\/publisher?post=74885"}],"curies":[{"name":"wp","href":"https:\/\/api.w.org\/{rel}","templated":true}]}}