{"id":74887,"date":"2023-06-12T15:21:45","date_gmt":"2023-06-12T12:21:45","guid":{"rendered":"https:\/\/exlibris.ee\/toode\/schritte-plus-neu-12-intensivtrainer-mit-audios-online\/"},"modified":"2026-04-05T15:37:00","modified_gmt":"2026-04-05T12:37:00","slug":"schritte-plus-neu-12-intensivtrainer-mit-audios-online","status":"publish","type":"product","link":"https:\/\/exlibris.ee\/ru\/produkt\/schritte-plus-neu-12-intensivtrainer-mit-audios-online\/","title":{"rendered":"Schritte plus Neu 1+2  Intensivtrainer mit Audios online"},"content":{"rendered":"<p>Testheft und \u00dcbungsbuch in einem &#8212; ideal f\u00fcr das selbstst\u00e4ndige Lernen zu Hause &#8212; Grammatik-, Wortschatz-, H\u00f6r-, Lese-, Sprech- und Schreib\u00fcbungen zu jeder Lektion &#8212; Punktesystem zur Selbstevaluation &#8212; \u00dcbungen thematisch an die betreffende Schritte-Lektion angebunden &#8212; Lerntipps mit Hinweisen auf verschiedene Lerntechniken &#8212; Audiodateien als kostenfreier Download im Lehrwerkservice.<\/p>\n","protected":false},"excerpt":{"rendered":"<p>Testheft und \u00dcbungsbuch in einem &#8212; ideal f\u00fcr das selbstst\u00e4ndige Lernen zu Hause &#8212; Grammatik-, Wortschatz-, H\u00f6r-, Lese-, Sprech- und Schreib\u00fcbungen zu jeder Lektion &#8212; Punktesystem zur Selbstevaluation &#8212; \u00dcbungen thematisch an die betreffende Schritte-Lektion angebunden &#8212; Lerntipps mit Hinweisen&#8230;<\/p>\n","protected":false},"featured_media":74609,"template":"","meta":{"_acf_changed":false,"inline_featured_image":false},"product_brand":[],"product_cat":[1121],"product_tag":[],"series":[{"id":1257,"name":"Schritte plus Neu","slug":"schritte-plus-neu"}],"publisher":[{"id":497,"name":"Hueber Verlag","slug":"hueber-verlag"}],"class_list":{"0":"post-74887","1":"product","2":"type-product","3":"status-publish","4":"has-post-thumbnail","6":"product_cat-lehrwerke-fur-jugendliche-und-erwachsene","7":"series-schritte-plus-neu","8":"publisher-hueber-verlag","10":"first","11":"onbackorder","12":"taxable","13":"shipping-taxable","14":"purchasable","15":"product-type-simple"},"acf":[],"_links":{"self":[{"href":"https:\/\/exlibris.ee\/ru\/wp-json\/wp\/v2\/product\/74887","targetHints":{"allow":["GET"]}}],"collection":[{"href":"https:\/\/exlibris.ee\/ru\/wp-json\/wp\/v2\/product"}],"about":[{"href":"https:\/\/exlibris.ee\/ru\/wp-json\/wp\/v2\/types\/product"}],"wp:featuredmedia":[{"embeddable":true,"href":"https:\/\/exlibris.ee\/ru\/wp-json\/wp\/v2\/media\/74609"}],"wp:attachment":[{"href":"https:\/\/exlibris.ee\/ru\/wp-json\/wp\/v2\/media?parent=74887"}],"wp:term":[{"taxonomy":"product_brand","embeddable":true,"href":"https:\/\/exlibris.ee\/ru\/wp-json\/wp\/v2\/product_brand?post=74887"},{"taxonomy":"product_cat","embeddable":true,"href":"https:\/\/exlibris.ee\/ru\/wp-json\/wp\/v2\/product_cat?post=74887"},{"taxonomy":"product_tag","embeddable":true,"href":"https:\/\/exlibris.ee\/ru\/wp-json\/wp\/v2\/product_tag?post=74887"},{"taxonomy":"series","embeddable":true,"href":"https:\/\/exlibris.ee\/ru\/wp-json\/wp\/v2\/series?post=74887"},{"taxonomy":"publisher","embeddable":true,"href":"https:\/\/exlibris.ee\/ru\/wp-json\/wp\/v2\/publisher?post=74887"}],"curies":[{"name":"wp","href":"https:\/\/api.w.org\/{rel}","templated":true}]}}