{"id":74890,"date":"2023-06-12T15:21:45","date_gmt":"2023-06-12T12:21:45","guid":{"rendered":"https:\/\/exlibris.ee\/toode\/schritte-international-neu-56-intensivtrainer-interaktive-version\/"},"modified":"2026-04-03T09:21:47","modified_gmt":"2026-04-03T06:21:47","slug":"schritte-international-neu-56-intensivtrainer-interaktive-version","status":"publish","type":"product","link":"https:\/\/exlibris.ee\/ru\/produkt\/schritte-international-neu-56-intensivtrainer-interaktive-version\/","title":{"rendered":"Schritte international Neu 5+6  Intensivtrainer &#8212; interaktive Version"},"content":{"rendered":"<p>F\u00fcr erwachsene Lernernde, die mit Schritte international Neu 5 und 6 Deutsch lernen und zus\u00e4tzliches \u00dcbungsmaterial benutzen m\u00f6chten oder sich auf eine Pr\u00fcfung auf Niveaustufe B1 vorbereiten.Intensivtrainer Schritte international neu 5 +6 \u2013 Interaktive Version mit integrierten Audiodateien Der Intensivtrainer ist eine Verbindung aus Testheft und \u00dcbungsbuch mit einem durchg\u00e4ngigen einheitlichen Punktesystem und einer Auswertung am Ende jeder Lektion. Die \u00dcbungen sind thematisch an die betreffende SchritteLektion angebunden. Zu jeder Lektion gibt es auf f\u00fcnf Seiten \u00dcbungen zu den Rubriken Grammatik, Wortschatz, Lesen, H\u00f6ren, Sprechen und Schreiben. Erg\u00e4nzt wird das Angebot durch eine vergn\u00fcgliche Rubrik \u201ePause\u201c (Lieder, Comics, R\u00e4tsel, &#8230;) sowie Lerntipps.<\/p>\n","protected":false},"excerpt":{"rendered":"<p>F\u00fcr erwachsene Lernernde, die mit Schritte international Neu 5 und 6 Deutsch lernen und zus\u00e4tzliches \u00dcbungsmaterial benutzen m\u00f6chten oder sich auf eine Pr\u00fcfung auf Niveaustufe B1 vorbereiten.Intensivtrainer Schritte international neu 5 +6 \u2013 Interaktive Version mit integrierten Audiodateien Der Intensivtrainer&#8230;<\/p>\n","protected":false},"featured_media":74618,"template":"","meta":{"_acf_changed":false,"inline_featured_image":false},"product_brand":[],"product_cat":[1121],"product_tag":[],"series":[{"id":1258,"name":"Schritte international Neu","slug":"schritte-international-neu"}],"publisher":[{"id":497,"name":"Hueber Verlag","slug":"hueber-verlag"}],"class_list":{"0":"post-74890","1":"product","2":"type-product","3":"status-publish","4":"has-post-thumbnail","6":"product_cat-lehrwerke-fur-jugendliche-und-erwachsene","7":"series-schritte-international-neu","8":"publisher-hueber-verlag","10":"first","11":"onbackorder","12":"taxable","13":"shipping-taxable","14":"purchasable","15":"product-type-simple"},"acf":[],"_links":{"self":[{"href":"https:\/\/exlibris.ee\/ru\/wp-json\/wp\/v2\/product\/74890","targetHints":{"allow":["GET"]}}],"collection":[{"href":"https:\/\/exlibris.ee\/ru\/wp-json\/wp\/v2\/product"}],"about":[{"href":"https:\/\/exlibris.ee\/ru\/wp-json\/wp\/v2\/types\/product"}],"wp:featuredmedia":[{"embeddable":true,"href":"https:\/\/exlibris.ee\/ru\/wp-json\/wp\/v2\/media\/74618"}],"wp:attachment":[{"href":"https:\/\/exlibris.ee\/ru\/wp-json\/wp\/v2\/media?parent=74890"}],"wp:term":[{"taxonomy":"product_brand","embeddable":true,"href":"https:\/\/exlibris.ee\/ru\/wp-json\/wp\/v2\/product_brand?post=74890"},{"taxonomy":"product_cat","embeddable":true,"href":"https:\/\/exlibris.ee\/ru\/wp-json\/wp\/v2\/product_cat?post=74890"},{"taxonomy":"product_tag","embeddable":true,"href":"https:\/\/exlibris.ee\/ru\/wp-json\/wp\/v2\/product_tag?post=74890"},{"taxonomy":"series","embeddable":true,"href":"https:\/\/exlibris.ee\/ru\/wp-json\/wp\/v2\/series?post=74890"},{"taxonomy":"publisher","embeddable":true,"href":"https:\/\/exlibris.ee\/ru\/wp-json\/wp\/v2\/publisher?post=74890"}],"curies":[{"name":"wp","href":"https:\/\/api.w.org\/{rel}","templated":true}]}}